{"id":2448,"date":"2015-03-12T16:06:04","date_gmt":"2015-03-12T16:06:04","guid":{"rendered":"http:\/\/www.satisgps.com\/gps-monitoring\/alarmy-z-magistrali-can\/"},"modified":"2021-01-14T15:12:57","modified_gmt":"2021-01-14T14:12:57","slug":"alerts-from-the-can-bus","status":"publish","type":"page","link":"https:\/\/www.satisgps.com\/en\/gps-monitoring\/alerts-from-the-can-bus\/","title":{"rendered":"ALERTS FROM THE CAN BUS"},"content":{"rendered":"<h1>Alerts from the CAN bus<\/h1>\n<h2 style=\"text-align: justify;\">Through CAN bus we can read many parameters directly from the on-board computer, which reflect the dashboard notifications.<\/h2>\n<p style=\"text-align: justify;\">Thanks to special devices connected to the vehicle&#8217;s CAN bus, we quickly receive information about the current odometer reading, fuel consumption or the status of indicators on the dashboard. These data can be used to define the notifications received of situations such as driving with an engaged hand brake, low oil pressure, or when the &#8220;check engine&#8221; light is on. This enables a quick response in the event of improper vehicle use and, consequently, helps to avoid potential costly repair services.<\/p>\n","protected":false},"excerpt":{"rendered":"<p>Alerts from the CAN bus Through CAN bus we can read many parameters directly from the on-board computer, which reflect the dashboard notifications. Thanks to special devices connected to the vehicle&#8217;s CAN bus, we quickly receive information about the current odometer reading, fuel consumption or the status of indicators on the dashboard. These data can &hellip; <\/p>\n<p class=\"link-more\"><a href=\"https:\/\/www.satisgps.com\/en\/gps-monitoring\/alerts-from-the-can-bus\/\" class=\"more-link\">Continue reading<span class=\"screen-reader-text\"> &#8220;ALERTS FROM THE CAN BUS&#8221;<\/span><\/a><\/p>\n","protected":false},"author":13,"featured_media":6005,"parent":2436,"menu_order":1,"comment_status":"closed","ping_status":"closed","template":"","meta":{"_acf_changed":false,"footnotes":""},"class_list":["post-2448","page","type-page","status-publish","has-post-thumbnail","hentry"],"acf":[],"yoast_head":"<!-- This site is optimized with the Yoast SEO plugin v26.5 - https:\/\/yoast.com\/wordpress\/plugins\/seo\/ -->\n<title>ALERTS FROM THE CAN BUS - SATIS GPS<\/title>\n<meta name=\"description\" content=\"SATIS GPS \u27a4 ALERTS FROM THE CAN BUS \u2714\ufe0f Monitoring pojazd\u00f3w \u2714\ufe0f Kontrola zu\u017cycia paliwa \u2714\ufe0f Lokalizatory \u2b50 Sprawd\u017a!\" \/>\n<meta name=\"robots\" content=\"index, follow, max-snippet:-1, max-image-preview:large, max-video-preview:-1\" \/>\n<link rel=\"canonical\" href=\"https:\/\/www.satisgps.com\/en\/gps-monitoring\/alerts-from-the-can-bus\/\" \/>\n<meta property=\"og:locale\" content=\"en_US\" \/>\n<meta property=\"og:type\" content=\"article\" \/>\n<meta property=\"og:title\" content=\"ALERTS FROM THE CAN BUS - SATIS GPS\" \/>\n<meta property=\"og:description\" content=\"SATIS GPS \u27a4 ALERTS FROM THE CAN BUS \u2714\ufe0f Monitoring pojazd\u00f3w \u2714\ufe0f Kontrola zu\u017cycia paliwa \u2714\ufe0f Lokalizatory \u2b50 Sprawd\u017a!\" \/>\n<meta property=\"og:url\" content=\"https:\/\/www.satisgps.com\/en\/gps-monitoring\/alerts-from-the-can-bus\/\" \/>\n<meta property=\"og:site_name\" content=\"SATIS GPS\" \/>\n<meta property=\"article:modified_time\" content=\"2021-01-14T14:12:57+00:00\" \/>\n<meta property=\"og:image\" content=\"https:\/\/www.satisgps.com\/wp-content\/uploads\/2021\/01\/Artykul-alerty-z-CAN02.png\" \/>\n\t<meta property=\"og:image:width\" content=\"1920\" \/>\n\t<meta property=\"og:image:height\" content=\"866\" \/>\n\t<meta property=\"og:image:type\" content=\"image\/png\" \/>\n<meta name=\"twitter:card\" content=\"summary_large_image\" \/>\n<meta name=\"twitter:label1\" content=\"Est. reading time\" \/>\n\t<meta name=\"twitter:data1\" content=\"1 minute\" \/>\n<script type=\"application\/ld+json\" class=\"yoast-schema-graph\">{\"@context\":\"https:\/\/schema.org\",\"@graph\":[{\"@type\":\"WebPage\",\"@id\":\"https:\/\/www.satisgps.com\/en\/gps-monitoring\/alerts-from-the-can-bus\/\",\"url\":\"https:\/\/www.satisgps.com\/en\/gps-monitoring\/alerts-from-the-can-bus\/\",\"name\":\"ALERTS FROM THE CAN BUS - SATIS GPS\",\"isPartOf\":{\"@id\":\"https:\/\/www.satisgps.com\/#website\"},\"primaryImageOfPage\":{\"@id\":\"https:\/\/www.satisgps.com\/en\/gps-monitoring\/alerts-from-the-can-bus\/#primaryimage\"},\"image\":{\"@id\":\"https:\/\/www.satisgps.com\/en\/gps-monitoring\/alerts-from-the-can-bus\/#primaryimage\"},\"thumbnailUrl\":\"https:\/\/www.satisgps.com\/wp-content\/uploads\/2021\/01\/Artykul-alerty-z-CAN02.png\",\"datePublished\":\"2015-03-12T16:06:04+00:00\",\"dateModified\":\"2021-01-14T14:12:57+00:00\",\"description\":\"SATIS GPS \u27a4 ALERTS FROM THE CAN BUS \u2714\ufe0f Monitoring pojazd\u00f3w \u2714\ufe0f Kontrola zu\u017cycia paliwa \u2714\ufe0f Lokalizatory \u2b50 Sprawd\u017a!\",\"breadcrumb\":{\"@id\":\"https:\/\/www.satisgps.com\/en\/gps-monitoring\/alerts-from-the-can-bus\/#breadcrumb\"},\"inLanguage\":\"en-US\",\"potentialAction\":[{\"@type\":\"ReadAction\",\"target\":[\"https:\/\/www.satisgps.com\/en\/gps-monitoring\/alerts-from-the-can-bus\/\"]}]},{\"@type\":\"ImageObject\",\"inLanguage\":\"en-US\",\"@id\":\"https:\/\/www.satisgps.com\/en\/gps-monitoring\/alerts-from-the-can-bus\/#primaryimage\",\"url\":\"https:\/\/www.satisgps.com\/wp-content\/uploads\/2021\/01\/Artykul-alerty-z-CAN02.png\",\"contentUrl\":\"https:\/\/www.satisgps.com\/wp-content\/uploads\/2021\/01\/Artykul-alerty-z-CAN02.png\",\"width\":1920,\"height\":866},{\"@type\":\"BreadcrumbList\",\"@id\":\"https:\/\/www.satisgps.com\/en\/gps-monitoring\/alerts-from-the-can-bus\/#breadcrumb\",\"itemListElement\":[{\"@type\":\"ListItem\",\"position\":1,\"name\":\"Monitoring floty\",\"item\":\"https:\/\/www.satisgps.com\/en\/\"},{\"@type\":\"ListItem\",\"position\":2,\"name\":\"GPS monitoring\",\"item\":\"https:\/\/www.satisgps.com\/en\/gps-monitoring\/\"},{\"@type\":\"ListItem\",\"position\":3,\"name\":\"ALERTS FROM THE CAN BUS\",\"item\":\"https:\/\/www.satisgps.com\/en\/wp-json\/wp\/v2\/pages\/2448\"}]},{\"@type\":\"WebSite\",\"@id\":\"https:\/\/www.satisgps.com\/#website\",\"url\":\"https:\/\/www.satisgps.com\/\",\"name\":\"SATIS GPS\",\"description\":\"System zarz\u0105dzania flot\u0105 i monitoring GPS pojazd\u00f3w\",\"publisher\":{\"@id\":\"https:\/\/www.satisgps.com\/#organization\"},\"potentialAction\":[{\"@type\":\"SearchAction\",\"target\":{\"@type\":\"EntryPoint\",\"urlTemplate\":\"https:\/\/www.satisgps.com\/?s={search_term_string}\"},\"query-input\":{\"@type\":\"PropertyValueSpecification\",\"valueRequired\":true,\"valueName\":\"search_term_string\"}}],\"inLanguage\":\"en-US\"},{\"@type\":\"Organization\",\"@id\":\"https:\/\/www.satisgps.com\/#organization\",\"name\":\"SATIS GPS\",\"url\":\"https:\/\/www.satisgps.com\/\",\"logo\":{\"@type\":\"ImageObject\",\"inLanguage\":\"en-US\",\"@id\":\"https:\/\/www.satisgps.com\/#\/schema\/logo\/image\/\",\"url\":\"https:\/\/www.satisgps.com\/wp-content\/uploads\/2015\/03\/logo-satis.png\",\"contentUrl\":\"https:\/\/www.satisgps.com\/wp-content\/uploads\/2015\/03\/logo-satis.png\",\"width\":146,\"height\":50,\"caption\":\"SATIS GPS\"},\"image\":{\"@id\":\"https:\/\/www.satisgps.com\/#\/schema\/logo\/image\/\"}}]}<\/script>\n<!-- \/ Yoast SEO plugin. -->","yoast_head_json":{"title":"ALERTS FROM THE CAN BUS - SATIS GPS","description":"SATIS GPS \u27a4 ALERTS FROM THE CAN BUS \u2714\ufe0f Monitoring pojazd\u00f3w \u2714\ufe0f Kontrola zu\u017cycia paliwa \u2714\ufe0f Lokalizatory \u2b50 Sprawd\u017a!","robots":{"index":"index","follow":"follow","max-snippet":"max-snippet:-1","max-image-preview":"max-image-preview:large","max-video-preview":"max-video-preview:-1"},"canonical":"https:\/\/www.satisgps.com\/en\/gps-monitoring\/alerts-from-the-can-bus\/","og_locale":"en_US","og_type":"article","og_title":"ALERTS FROM THE CAN BUS - SATIS GPS","og_description":"SATIS GPS \u27a4 ALERTS FROM THE CAN BUS \u2714\ufe0f Monitoring pojazd\u00f3w \u2714\ufe0f Kontrola zu\u017cycia paliwa \u2714\ufe0f Lokalizatory \u2b50 Sprawd\u017a!","og_url":"https:\/\/www.satisgps.com\/en\/gps-monitoring\/alerts-from-the-can-bus\/","og_site_name":"SATIS GPS","article_modified_time":"2021-01-14T14:12:57+00:00","og_image":[{"width":1920,"height":866,"url":"https:\/\/www.satisgps.com\/wp-content\/uploads\/2021\/01\/Artykul-alerty-z-CAN02.png","type":"image\/png"}],"twitter_card":"summary_large_image","twitter_misc":{"Est. reading time":"1 minute"},"schema":{"@context":"https:\/\/schema.org","@graph":[{"@type":"WebPage","@id":"https:\/\/www.satisgps.com\/en\/gps-monitoring\/alerts-from-the-can-bus\/","url":"https:\/\/www.satisgps.com\/en\/gps-monitoring\/alerts-from-the-can-bus\/","name":"ALERTS FROM THE CAN BUS - SATIS GPS","isPartOf":{"@id":"https:\/\/www.satisgps.com\/#website"},"primaryImageOfPage":{"@id":"https:\/\/www.satisgps.com\/en\/gps-monitoring\/alerts-from-the-can-bus\/#primaryimage"},"image":{"@id":"https:\/\/www.satisgps.com\/en\/gps-monitoring\/alerts-from-the-can-bus\/#primaryimage"},"thumbnailUrl":"https:\/\/www.satisgps.com\/wp-content\/uploads\/2021\/01\/Artykul-alerty-z-CAN02.png","datePublished":"2015-03-12T16:06:04+00:00","dateModified":"2021-01-14T14:12:57+00:00","description":"SATIS GPS \u27a4 ALERTS FROM THE CAN BUS \u2714\ufe0f Monitoring pojazd\u00f3w \u2714\ufe0f Kontrola zu\u017cycia paliwa \u2714\ufe0f Lokalizatory \u2b50 Sprawd\u017a!","breadcrumb":{"@id":"https:\/\/www.satisgps.com\/en\/gps-monitoring\/alerts-from-the-can-bus\/#breadcrumb"},"inLanguage":"en-US","potentialAction":[{"@type":"ReadAction","target":["https:\/\/www.satisgps.com\/en\/gps-monitoring\/alerts-from-the-can-bus\/"]}]},{"@type":"ImageObject","inLanguage":"en-US","@id":"https:\/\/www.satisgps.com\/en\/gps-monitoring\/alerts-from-the-can-bus\/#primaryimage","url":"https:\/\/www.satisgps.com\/wp-content\/uploads\/2021\/01\/Artykul-alerty-z-CAN02.png","contentUrl":"https:\/\/www.satisgps.com\/wp-content\/uploads\/2021\/01\/Artykul-alerty-z-CAN02.png","width":1920,"height":866},{"@type":"BreadcrumbList","@id":"https:\/\/www.satisgps.com\/en\/gps-monitoring\/alerts-from-the-can-bus\/#breadcrumb","itemListElement":[{"@type":"ListItem","position":1,"name":"Monitoring floty","item":"https:\/\/www.satisgps.com\/en\/"},{"@type":"ListItem","position":2,"name":"GPS monitoring","item":"https:\/\/www.satisgps.com\/en\/gps-monitoring\/"},{"@type":"ListItem","position":3,"name":"ALERTS FROM THE CAN BUS","item":"https:\/\/www.satisgps.com\/en\/wp-json\/wp\/v2\/pages\/2448"}]},{"@type":"WebSite","@id":"https:\/\/www.satisgps.com\/#website","url":"https:\/\/www.satisgps.com\/","name":"SATIS GPS","description":"System zarz\u0105dzania flot\u0105 i monitoring GPS pojazd\u00f3w","publisher":{"@id":"https:\/\/www.satisgps.com\/#organization"},"potentialAction":[{"@type":"SearchAction","target":{"@type":"EntryPoint","urlTemplate":"https:\/\/www.satisgps.com\/?s={search_term_string}"},"query-input":{"@type":"PropertyValueSpecification","valueRequired":true,"valueName":"search_term_string"}}],"inLanguage":"en-US"},{"@type":"Organization","@id":"https:\/\/www.satisgps.com\/#organization","name":"SATIS GPS","url":"https:\/\/www.satisgps.com\/","logo":{"@type":"ImageObject","inLanguage":"en-US","@id":"https:\/\/www.satisgps.com\/#\/schema\/logo\/image\/","url":"https:\/\/www.satisgps.com\/wp-content\/uploads\/2015\/03\/logo-satis.png","contentUrl":"https:\/\/www.satisgps.com\/wp-content\/uploads\/2015\/03\/logo-satis.png","width":146,"height":50,"caption":"SATIS GPS"},"image":{"@id":"https:\/\/www.satisgps.com\/#\/schema\/logo\/image\/"}}]}},"_links":{"self":[{"href":"https:\/\/www.satisgps.com\/en\/wp-json\/wp\/v2\/pages\/2448","targetHints":{"allow":["GET"]}}],"collection":[{"href":"https:\/\/www.satisgps.com\/en\/wp-json\/wp\/v2\/pages"}],"about":[{"href":"https:\/\/www.satisgps.com\/en\/wp-json\/wp\/v2\/types\/page"}],"author":[{"embeddable":true,"href":"https:\/\/www.satisgps.com\/en\/wp-json\/wp\/v2\/users\/13"}],"replies":[{"embeddable":true,"href":"https:\/\/www.satisgps.com\/en\/wp-json\/wp\/v2\/comments?post=2448"}],"version-history":[{"count":5,"href":"https:\/\/www.satisgps.com\/en\/wp-json\/wp\/v2\/pages\/2448\/revisions"}],"predecessor-version":[{"id":3422,"href":"https:\/\/www.satisgps.com\/en\/wp-json\/wp\/v2\/pages\/2448\/revisions\/3422"}],"up":[{"embeddable":true,"href":"https:\/\/www.satisgps.com\/en\/wp-json\/wp\/v2\/pages\/2436"}],"wp:featuredmedia":[{"embeddable":true,"href":"https:\/\/www.satisgps.com\/en\/wp-json\/wp\/v2\/media\/6005"}],"wp:attachment":[{"href":"https:\/\/www.satisgps.com\/en\/wp-json\/wp\/v2\/media?parent=2448"}],"curies":[{"name":"wp","href":"https:\/\/api.w.org\/{rel}","templated":true}]}}