{"id":2459,"date":"2015-03-12T16:09:55","date_gmt":"2015-03-12T16:09:55","guid":{"rendered":"http:\/\/www.satisgps.com\/gps-monitoring\/ewidencja-pojazdow\/"},"modified":"2026-02-12T10:42:20","modified_gmt":"2026-02-12T09:42:20","slug":"vehicle-records","status":"publish","type":"page","link":"https:\/\/www.satisgps.com\/en\/gps-monitoring\/vehicle-records\/","title":{"rendered":"Vehicle records"},"content":{"rendered":"\n<h1 class=\"wp-block-heading\">Ewidencja pojazd\u00f3w s\u0142u\u017cbowych w firmie<\/h1>\n\n<p>Zapraszamy do skorzystania z naszego nowoczesnego i kompleksowego rozwi\u0105zania, jakim jest ewidencja pojazd\u00f3w\u00a0w firmie.\u00a0<strong>Nasz modu\u0142 umo\u017cliwia pe\u0142n\u0105 kontrol\u0119 i efektywne zarz\u0105dzanie flot\u0105<\/strong>, gwarantuj\u0105c wygod\u0119 i przejrzysto\u015b\u0107 dzi\u0119ki prezentacji danych w czytelnej formie.<\/p>\n\n<h2 class=\"wp-block-heading\">Ewidencja przebiegu pojazdu s\u0142u\u017cbowego \u2013\u00a0precyzyjna analiza floty pojazd\u00f3w<\/h2>\n\n<p>Korzystanie z modu\u0142u ewidencji\u00a0daje mo\u017cliwo\u015b\u0107 przechowywania wszystkich istotnych informacji dotycz\u0105cych pojazd\u00f3w.\u00a0<strong>Numer VIN, numer rejestracyjny, data produkcji, marka, model, rocznik, daty przegl\u0105d\u00f3w, serwis\u00f3w, terminy ubezpiecze\u0144 \u2013 wszystkie te dane mo\u017cna \u0142atwo zarejestrowa\u0107 i monitorowa\u0107 w\u00a0systemie<\/strong>. Modu\u0142 pozwala r\u00f3wnie\u017c na rozbudowanie i dostosowanie kartoteki pojazd\u00f3w do indywidualnych potrzeb firmy.<\/p>\n\n<p>Dodatkowo, dost\u0119p do ewidencji przebiegu pojazdu i koszt\u00f3w eksploatacji (zar\u00f3wno firmowego, jak i prywatnego) pozwala na<strong>\u00a0precyzyjne monitorowanie zu\u017cycia paliwa<\/strong>, pokonanego dystansu oraz innych wa\u017cnych informacji zwi\u0105zanych z eksploatacj\u0105 floty.<\/p>\n\n<h2 class=\"wp-block-heading\">Prowadzenie ewidencji przebiegu pojazdu \u2013\u00a0\u015bcis\u0142e monitorowanie zu\u017cycia paliwa<\/h2>\n\n<p>Ewidencja samochod\u00f3w w firmie przynosi zauwa\u017calne korzy\u015bci.\u00a0Przede wszystkim, daje\u00a0pe\u0142n\u0105 kontrol\u0119 nad wydatkami na pojazdy firmowe<strong>\u00a0oraz u\u0142atwia naliczanie rycza\u0142t\u00f3w za u\u017cytkowanie samochod\u00f3w prywatnych do cel\u00f3w s\u0142u\u017cbowych<\/strong>.<\/p>\n\n<p>Dzi\u0119ki systematycznemu monitorowaniu wydatk\u00f3w mo\u017cna optymalizowa\u0107 koszty i podejmowa\u0107 \u015bwiadome decyzje dotycz\u0105ce floty pojazd\u00f3w. Wszystkie niezb\u0119dne informacje s\u0105 dost\u0119pne w jednym miejscu, co przyspiesza proces rozlicze\u0144 i eliminuje ryzyko b\u0142\u0119d\u00f3w.<\/p>\n\n<h2 class=\"wp-block-heading\"><strong>Ewidencja pojazdu w firmie \u2013 pe\u0142na kontrola floty i zgodno\u015b\u0107 z przepisami<\/strong><\/h2>\n\n<p>Prawid\u0142owo prowadzona <strong>ewidencja pojazdu w firmie<\/strong><strong> to podstawa sprawnego zarz\u0105dzania flot\u0105 oraz rozlicze\u0144 podatkowych<\/strong>. System SATIS umo\u017cliwia bie\u017c\u0105c\u0105 ewidencj\u0119 pojazdu s\u0142u\u017cbowego, obejmuj\u0105c\u0105 zar\u00f3wno dane dotycz\u0105ce tras, jak i rzeczywistego wykorzystania samochod\u00f3w w dzia\u0142alno\u015bci gospodarczej. Automatyczne rejestrowanie przejazd\u00f3w eliminuje b\u0142\u0119dy r\u0119cznego uzupe\u0142niania dokumentacji i znacz\u0105co upraszcza prowadzenie ewidencji przebiegu pojazdu, zapewniaj\u0105c kompletno\u015b\u0107 danych wymaganych przez obowi\u0105zuj\u0105ce przepisy.<\/p>\n\n<h2 class=\"wp-block-heading\"><strong>Ewidencja przebiegu pojazdu \u2013 kilometr\u00f3wka, automatyzacja i oszcz\u0119dno\u015b\u0107 czasu<\/strong><\/h2>\n\n<p>Nowoczesny <strong>program do ewidencji przebiegu pojazdu pozwala prowadzi\u0107 kilometr\u00f3wk\u0119 w spos\u00f3b w pe\u0142ni zautomatyzowany<\/strong>. Ka\u017cdy przejazd jest rejestrowany z dok\u0142adno\u015bci\u0105 do kilometra, co umo\u017cliwia rzeteln\u0105 ewidencj\u0119 przebiegu pojazdu s\u0142u\u017cbowego bez konieczno\u015bci r\u0119cznego wprowadzania danych. Rozwi\u0105zanie sprawdza si\u0119 r\u00f3wnie\u017c w sytuacjach, gdy wymagana jest ewidencja przebiegu pojazdu prywatnego do cel\u00f3w s\u0142u\u017cbowych, u\u0142atwiaj\u0105c rozliczenia i zachowanie przejrzysto\u015bci dokumentacji.<\/p>\n\n<h2 class=\"wp-block-heading\">Ewidencja koszt\u00f3w eksploatacji pojazdu \u2013 realna optymalizacja wydatk\u00f3w<\/h2>\n\n<p>Po\u0142\u0105czenie danych o trasach z informacjami finansowymi umo\u017cliwia dok\u0142adn\u0105 <strong>ewidencj\u0119 koszt\u00f3w eksploatacji pojazdu<\/strong><strong>, obejmuj\u0105c\u0105 paliwo, serwis czy inne wydatki operacyjne<\/strong>. Dzi\u0119ki temu prowadzenie ewidencji przebiegu pojazdu staje si\u0119 nie tylko obowi\u0105zkiem formalnym, ale tak\u017ce narz\u0119dziem do analizy i optymalizacji koszt\u00f3w floty. System SATIS wspiera przedsi\u0119biorstwa w podejmowaniu trafnych decyzji biznesowych, zapewniaj\u0105c sp\u00f3jne dane dlaewidencji pojazdu w firmie i pe\u0142n\u0105 kontrol\u0119 nad u\u017cytkowaniem samochod\u00f3w.<\/p>\n\n<p>Podsumowuj\u0105c, <strong>ewidencja pojazd\u00f3w w firmie wp\u0142ywa na<\/strong>:<\/p>\n\n<ul class=\"wp-block-list\">\n<li>kontrol\u0119 wydatk\u00f3w na pojazdy firmowe lub u\u017cytkowane przez pracownik\u00f3w<\/li>\n\n\n\n<li>optymalizacj\u0119 koszt\u00f3w<\/li>\n\n\n\n<li>uproszczenie naliczania rycza\u0142t\u00f3w za u\u017cytkowanie auta prywatnego do cel\u00f3w s\u0142u\u017cbowych<\/li>\n\n\n\n<li>\u0142atwe rozliczenia samochod\u00f3w s\u0142u\u017cbowych<\/li>\n<\/ul>\n\n<p>Sprawd\u017a, co jeszcze oferujemy. Firma\u00a0<a href=\"https:\/\/www.satisgps.com\/\">SATIS<\/a>\u00a0to g\u0142\u00f3wnie:<\/p>\n\n<ul class=\"wp-block-list\">\n<li><a href=\"https:\/\/www.satisgps.com\/satis-gps\/monitoring\/\">monitoring pojazd\u00f3w<\/a><\/li>\n\n\n\n<li><a href=\"https:\/\/www.satisgps.com\/satis-gps\/kontrola-paliwa\/\">monitoring paliwa<\/a><\/li>\n\n\n\n<li><a href=\"https:\/\/www.satisgps.com\/satis-gps\/optymalizacja_tras\/\">optymalizacja tras przejazdu<\/a><\/li>\n\n\n\n<li><a href=\"https:\/\/www.satisgps.com\/satis-gps\/ewidencja-kierowcow\/\">ewidencja kierowc\u00f3w<\/a><\/li>\n\n\n\n<li><a href=\"https:\/\/www.satisgps.com\/zarzadzanie-flota-samochodowa-satis-cfm\/\">zarz\u0105dzanie flot\u0105 samochodow\u0105<\/a><\/li>\n<\/ul>\n\n<p>Skontaktuj si\u0119 z nami i dowiedz si\u0119 wi\u0119cej o naszych rozwi\u0105zaniach dla Twojej firmy.<\/p>\n","protected":false},"excerpt":{"rendered":"<p>Ewidencja pojazd\u00f3w s\u0142u\u017cbowych w firmie Zapraszamy do skorzystania z naszego nowoczesnego i kompleksowego rozwi\u0105zania, jakim jest ewidencja pojazd\u00f3w\u00a0w firmie.\u00a0Nasz modu\u0142 umo\u017cliwia pe\u0142n\u0105 kontrol\u0119 i efektywne zarz\u0105dzanie flot\u0105, gwarantuj\u0105c wygod\u0119 i przejrzysto\u015b\u0107 dzi\u0119ki prezentacji danych w czytelnej formie. Ewidencja przebiegu pojazdu s\u0142u\u017cbowego \u2013\u00a0precyzyjna analiza floty pojazd\u00f3w Korzystanie z modu\u0142u ewidencji\u00a0daje mo\u017cliwo\u015b\u0107 przechowywania wszystkich istotnych informacji dotycz\u0105cych &hellip; <\/p>\n<p class=\"link-more\"><a href=\"https:\/\/www.satisgps.com\/en\/gps-monitoring\/vehicle-records\/\" class=\"more-link\">Continue reading<span class=\"screen-reader-text\"> &#8220;Vehicle records&#8221;<\/span><\/a><\/p>\n","protected":false},"author":13,"featured_media":5219,"parent":2436,"menu_order":0,"comment_status":"closed","ping_status":"closed","template":"","meta":{"_acf_changed":false,"footnotes":""},"class_list":["post-2459","page","type-page","status-publish","has-post-thumbnail","hentry"],"acf":[],"yoast_head":"<!-- This site is optimized with the Yoast SEO plugin v26.5 - https:\/\/yoast.com\/wordpress\/plugins\/seo\/ -->\n<title>Vehicle records - SATIS GPS<\/title>\n<meta name=\"description\" content=\"SATIS GPS \u27a4 Vehicle records \u2714\ufe0f Monitoring pojazd\u00f3w \u2714\ufe0f Kontrola zu\u017cycia paliwa \u2714\ufe0f Lokalizatory \u2b50 Sprawd\u017a!\" \/>\n<meta name=\"robots\" content=\"index, follow, max-snippet:-1, max-image-preview:large, max-video-preview:-1\" \/>\n<link rel=\"canonical\" href=\"https:\/\/www.satisgps.com\/en\/gps-monitoring\/vehicle-records\/\" \/>\n<meta property=\"og:locale\" content=\"en_US\" \/>\n<meta property=\"og:type\" content=\"article\" \/>\n<meta property=\"og:title\" content=\"Vehicle records - SATIS GPS\" \/>\n<meta property=\"og:description\" content=\"SATIS GPS \u27a4 Vehicle records \u2714\ufe0f Monitoring pojazd\u00f3w \u2714\ufe0f Kontrola zu\u017cycia paliwa \u2714\ufe0f Lokalizatory \u2b50 Sprawd\u017a!\" \/>\n<meta property=\"og:url\" content=\"https:\/\/www.satisgps.com\/en\/gps-monitoring\/vehicle-records\/\" \/>\n<meta property=\"og:site_name\" content=\"SATIS GPS\" \/>\n<meta property=\"article:modified_time\" content=\"2026-02-12T09:42:20+00:00\" \/>\n<meta property=\"og:image\" content=\"https:\/\/www.satisgps.com\/wp-content\/uploads\/2019\/12\/Ewidencja-pojazdow02.png\" \/>\n\t<meta property=\"og:image:width\" content=\"1920\" \/>\n\t<meta property=\"og:image:height\" content=\"865\" \/>\n\t<meta property=\"og:image:type\" content=\"image\/png\" \/>\n<meta name=\"twitter:card\" content=\"summary_large_image\" \/>\n<meta name=\"twitter:label1\" content=\"Est. reading time\" \/>\n\t<meta name=\"twitter:data1\" content=\"3 minutes\" \/>\n<script type=\"application\/ld+json\" class=\"yoast-schema-graph\">{\"@context\":\"https:\/\/schema.org\",\"@graph\":[{\"@type\":\"WebPage\",\"@id\":\"https:\/\/www.satisgps.com\/en\/gps-monitoring\/vehicle-records\/\",\"url\":\"https:\/\/www.satisgps.com\/en\/gps-monitoring\/vehicle-records\/\",\"name\":\"Vehicle records - SATIS GPS\",\"isPartOf\":{\"@id\":\"https:\/\/www.satisgps.com\/#website\"},\"primaryImageOfPage\":{\"@id\":\"https:\/\/www.satisgps.com\/en\/gps-monitoring\/vehicle-records\/#primaryimage\"},\"image\":{\"@id\":\"https:\/\/www.satisgps.com\/en\/gps-monitoring\/vehicle-records\/#primaryimage\"},\"thumbnailUrl\":\"https:\/\/www.satisgps.com\/wp-content\/uploads\/2019\/12\/Ewidencja-pojazdow02.png\",\"datePublished\":\"2015-03-12T16:09:55+00:00\",\"dateModified\":\"2026-02-12T09:42:20+00:00\",\"description\":\"SATIS GPS \u27a4 Vehicle records \u2714\ufe0f Monitoring pojazd\u00f3w \u2714\ufe0f Kontrola zu\u017cycia paliwa \u2714\ufe0f Lokalizatory \u2b50 Sprawd\u017a!\",\"breadcrumb\":{\"@id\":\"https:\/\/www.satisgps.com\/en\/gps-monitoring\/vehicle-records\/#breadcrumb\"},\"inLanguage\":\"en-US\",\"potentialAction\":[{\"@type\":\"ReadAction\",\"target\":[\"https:\/\/www.satisgps.com\/en\/gps-monitoring\/vehicle-records\/\"]}]},{\"@type\":\"ImageObject\",\"inLanguage\":\"en-US\",\"@id\":\"https:\/\/www.satisgps.com\/en\/gps-monitoring\/vehicle-records\/#primaryimage\",\"url\":\"https:\/\/www.satisgps.com\/wp-content\/uploads\/2019\/12\/Ewidencja-pojazdow02.png\",\"contentUrl\":\"https:\/\/www.satisgps.com\/wp-content\/uploads\/2019\/12\/Ewidencja-pojazdow02.png\",\"width\":1920,\"height\":865},{\"@type\":\"BreadcrumbList\",\"@id\":\"https:\/\/www.satisgps.com\/en\/gps-monitoring\/vehicle-records\/#breadcrumb\",\"itemListElement\":[{\"@type\":\"ListItem\",\"position\":1,\"name\":\"Monitoring floty\",\"item\":\"https:\/\/www.satisgps.com\/en\/\"},{\"@type\":\"ListItem\",\"position\":2,\"name\":\"GPS monitoring\",\"item\":\"https:\/\/www.satisgps.com\/en\/gps-monitoring\/\"},{\"@type\":\"ListItem\",\"position\":3,\"name\":\"Vehicle records\",\"item\":\"https:\/\/www.satisgps.com\/en\/wp-json\/wp\/v2\/pages\/2459\"}]},{\"@type\":\"WebSite\",\"@id\":\"https:\/\/www.satisgps.com\/#website\",\"url\":\"https:\/\/www.satisgps.com\/\",\"name\":\"SATIS GPS\",\"description\":\"System zarz\u0105dzania flot\u0105 i monitoring GPS pojazd\u00f3w\",\"publisher\":{\"@id\":\"https:\/\/www.satisgps.com\/#organization\"},\"potentialAction\":[{\"@type\":\"SearchAction\",\"target\":{\"@type\":\"EntryPoint\",\"urlTemplate\":\"https:\/\/www.satisgps.com\/?s={search_term_string}\"},\"query-input\":{\"@type\":\"PropertyValueSpecification\",\"valueRequired\":true,\"valueName\":\"search_term_string\"}}],\"inLanguage\":\"en-US\"},{\"@type\":\"Organization\",\"@id\":\"https:\/\/www.satisgps.com\/#organization\",\"name\":\"SATIS GPS\",\"url\":\"https:\/\/www.satisgps.com\/\",\"logo\":{\"@type\":\"ImageObject\",\"inLanguage\":\"en-US\",\"@id\":\"https:\/\/www.satisgps.com\/#\/schema\/logo\/image\/\",\"url\":\"https:\/\/www.satisgps.com\/wp-content\/uploads\/2015\/03\/logo-satis.png\",\"contentUrl\":\"https:\/\/www.satisgps.com\/wp-content\/uploads\/2015\/03\/logo-satis.png\",\"width\":146,\"height\":50,\"caption\":\"SATIS GPS\"},\"image\":{\"@id\":\"https:\/\/www.satisgps.com\/#\/schema\/logo\/image\/\"}}]}<\/script>\n<!-- \/ Yoast SEO plugin. -->","yoast_head_json":{"title":"Vehicle records - SATIS GPS","description":"SATIS GPS \u27a4 Vehicle records \u2714\ufe0f Monitoring pojazd\u00f3w \u2714\ufe0f Kontrola zu\u017cycia paliwa \u2714\ufe0f Lokalizatory \u2b50 Sprawd\u017a!","robots":{"index":"index","follow":"follow","max-snippet":"max-snippet:-1","max-image-preview":"max-image-preview:large","max-video-preview":"max-video-preview:-1"},"canonical":"https:\/\/www.satisgps.com\/en\/gps-monitoring\/vehicle-records\/","og_locale":"en_US","og_type":"article","og_title":"Vehicle records - SATIS GPS","og_description":"SATIS GPS \u27a4 Vehicle records \u2714\ufe0f Monitoring pojazd\u00f3w \u2714\ufe0f Kontrola zu\u017cycia paliwa \u2714\ufe0f Lokalizatory \u2b50 Sprawd\u017a!","og_url":"https:\/\/www.satisgps.com\/en\/gps-monitoring\/vehicle-records\/","og_site_name":"SATIS GPS","article_modified_time":"2026-02-12T09:42:20+00:00","og_image":[{"width":1920,"height":865,"url":"https:\/\/www.satisgps.com\/wp-content\/uploads\/2019\/12\/Ewidencja-pojazdow02.png","type":"image\/png"}],"twitter_card":"summary_large_image","twitter_misc":{"Est. reading time":"3 minutes"},"schema":{"@context":"https:\/\/schema.org","@graph":[{"@type":"WebPage","@id":"https:\/\/www.satisgps.com\/en\/gps-monitoring\/vehicle-records\/","url":"https:\/\/www.satisgps.com\/en\/gps-monitoring\/vehicle-records\/","name":"Vehicle records - SATIS GPS","isPartOf":{"@id":"https:\/\/www.satisgps.com\/#website"},"primaryImageOfPage":{"@id":"https:\/\/www.satisgps.com\/en\/gps-monitoring\/vehicle-records\/#primaryimage"},"image":{"@id":"https:\/\/www.satisgps.com\/en\/gps-monitoring\/vehicle-records\/#primaryimage"},"thumbnailUrl":"https:\/\/www.satisgps.com\/wp-content\/uploads\/2019\/12\/Ewidencja-pojazdow02.png","datePublished":"2015-03-12T16:09:55+00:00","dateModified":"2026-02-12T09:42:20+00:00","description":"SATIS GPS \u27a4 Vehicle records \u2714\ufe0f Monitoring pojazd\u00f3w \u2714\ufe0f Kontrola zu\u017cycia paliwa \u2714\ufe0f Lokalizatory \u2b50 Sprawd\u017a!","breadcrumb":{"@id":"https:\/\/www.satisgps.com\/en\/gps-monitoring\/vehicle-records\/#breadcrumb"},"inLanguage":"en-US","potentialAction":[{"@type":"ReadAction","target":["https:\/\/www.satisgps.com\/en\/gps-monitoring\/vehicle-records\/"]}]},{"@type":"ImageObject","inLanguage":"en-US","@id":"https:\/\/www.satisgps.com\/en\/gps-monitoring\/vehicle-records\/#primaryimage","url":"https:\/\/www.satisgps.com\/wp-content\/uploads\/2019\/12\/Ewidencja-pojazdow02.png","contentUrl":"https:\/\/www.satisgps.com\/wp-content\/uploads\/2019\/12\/Ewidencja-pojazdow02.png","width":1920,"height":865},{"@type":"BreadcrumbList","@id":"https:\/\/www.satisgps.com\/en\/gps-monitoring\/vehicle-records\/#breadcrumb","itemListElement":[{"@type":"ListItem","position":1,"name":"Monitoring floty","item":"https:\/\/www.satisgps.com\/en\/"},{"@type":"ListItem","position":2,"name":"GPS monitoring","item":"https:\/\/www.satisgps.com\/en\/gps-monitoring\/"},{"@type":"ListItem","position":3,"name":"Vehicle records","item":"https:\/\/www.satisgps.com\/en\/wp-json\/wp\/v2\/pages\/2459"}]},{"@type":"WebSite","@id":"https:\/\/www.satisgps.com\/#website","url":"https:\/\/www.satisgps.com\/","name":"SATIS GPS","description":"System zarz\u0105dzania flot\u0105 i monitoring GPS pojazd\u00f3w","publisher":{"@id":"https:\/\/www.satisgps.com\/#organization"},"potentialAction":[{"@type":"SearchAction","target":{"@type":"EntryPoint","urlTemplate":"https:\/\/www.satisgps.com\/?s={search_term_string}"},"query-input":{"@type":"PropertyValueSpecification","valueRequired":true,"valueName":"search_term_string"}}],"inLanguage":"en-US"},{"@type":"Organization","@id":"https:\/\/www.satisgps.com\/#organization","name":"SATIS GPS","url":"https:\/\/www.satisgps.com\/","logo":{"@type":"ImageObject","inLanguage":"en-US","@id":"https:\/\/www.satisgps.com\/#\/schema\/logo\/image\/","url":"https:\/\/www.satisgps.com\/wp-content\/uploads\/2015\/03\/logo-satis.png","contentUrl":"https:\/\/www.satisgps.com\/wp-content\/uploads\/2015\/03\/logo-satis.png","width":146,"height":50,"caption":"SATIS GPS"},"image":{"@id":"https:\/\/www.satisgps.com\/#\/schema\/logo\/image\/"}}]}},"_links":{"self":[{"href":"https:\/\/www.satisgps.com\/en\/wp-json\/wp\/v2\/pages\/2459","targetHints":{"allow":["GET"]}}],"collection":[{"href":"https:\/\/www.satisgps.com\/en\/wp-json\/wp\/v2\/pages"}],"about":[{"href":"https:\/\/www.satisgps.com\/en\/wp-json\/wp\/v2\/types\/page"}],"author":[{"embeddable":true,"href":"https:\/\/www.satisgps.com\/en\/wp-json\/wp\/v2\/users\/13"}],"replies":[{"embeddable":true,"href":"https:\/\/www.satisgps.com\/en\/wp-json\/wp\/v2\/comments?post=2459"}],"version-history":[{"count":12,"href":"https:\/\/www.satisgps.com\/en\/wp-json\/wp\/v2\/pages\/2459\/revisions"}],"predecessor-version":[{"id":8718,"href":"https:\/\/www.satisgps.com\/en\/wp-json\/wp\/v2\/pages\/2459\/revisions\/8718"}],"up":[{"embeddable":true,"href":"https:\/\/www.satisgps.com\/en\/wp-json\/wp\/v2\/pages\/2436"}],"wp:featuredmedia":[{"embeddable":true,"href":"https:\/\/www.satisgps.com\/en\/wp-json\/wp\/v2\/media\/5219"}],"wp:attachment":[{"href":"https:\/\/www.satisgps.com\/en\/wp-json\/wp\/v2\/media?parent=2459"}],"curies":[{"name":"wp","href":"https:\/\/api.w.org\/{rel}","templated":true}]}}