{"id":2468,"date":"2017-06-16T10:05:30","date_gmt":"2017-06-16T08:05:30","guid":{"rendered":"http:\/\/www.satisgps.com\/?page_id=2468\/"},"modified":"2020-01-07T10:36:44","modified_gmt":"2020-01-07T09:36:44","slug":"support-of-sales-processes","status":"publish","type":"page","link":"https:\/\/www.satisgps.com\/en\/gps-monitoring\/support-of-sales-processes\/","title":{"rendered":"Support of sales processes"},"content":{"rendered":"<h1>Support of sales processes<\/h1>\n<h2 style=\"text-align: justify;\">SATIS supports management of sales team operations and allows for stimulating sales activities. The functions include planning visits and meetings of field employees, assigning tasks as well as creating and settling sales plans.<\/h2>\n<p style=\"text-align: justify;\">Daily access to data is provided by built-in indicators and reports, such as: scheduling of sales representative operations, schedule monitoring, or real-time visit reports.<\/p>\n<p style=\"text-align: justify;\">The data collected are used to measure employee performance, define goals, and motivate to improve sales results.<\/p>\n<p style=\"text-align: justify;\">The end of unscheduled breaks, unauthorised fuel purchases, and private matters during working hours:<\/p>\n<ul>\n<li style=\"text-align: justify;\">Monitoring of employee performance<\/li>\n<li style=\"text-align: justify;\">Scheduling and reporting visits using mobile devices<\/li>\n<li style=\"text-align: justify;\">Route optimisation<\/li>\n<li style=\"text-align: justify;\">Distinction between business and private kilometres<\/li>\n<li style=\"text-align: justify;\">Preventing fuel theft<\/li>\n<li style=\"text-align: justify;\">Reduction of expenditure<\/li>\n<li>SATIS Mobile is the application dedicated to employees performing their tasks in the field as well as to fleet administrators and managers who need access to up-to-date information on vehicles and mobile employees.\n<p style=\"text-align: justify;\"><strong>Chat feature (text messaging)<\/strong><\/p>\n<p style=\"text-align: justify;\">Chat in the SATIS Mobile application is a great tool for two-way communication between a vehicle user (driver) and a coordinator who uses the SATIS system. The solution provides even better optimisation of work, and time and cost saving.\u2028After logging into the system, the coordinator can easily send text messages to the vehicle user (driver), informing him\/her of a new task or a change of schedule. The employee receives the message on his\/her mobile phone or other mobile device, and is notified of an incoming message with a sound signal.<\/p>\n<p style=\"text-align: justify;\">The driver can create and send messages directly from the route. He\/she can also prepare ready-made message templates, such as &#8220;I&#8217;m in a traffic jam,&#8221; &#8220;I&#8217;ll be late,&#8221; etc., which can be sent quickly if needed.&nbsp;Mutual correspondence is archived in the SATIS system, which is particularly useful in situations where verification of content is required.<\/p>\n<p style=\"text-align: justify;\">Direct communication with employees in the field includes:<\/p>\n<ul style=\"text-align: justify;\">\n<li>reduction of time and costs required for phone calls<\/li>\n<li>up-to-date information on difficulties, changes or problems on the route<\/li>\n<li>reporting progress of orders<\/li>\n<li>security of data transmission<\/li>\n<\/ul>\n<p style=\"text-align: justify;\">The chat feature in SATIS Mobile is available on Android and iOS mobile devices.<\/p>\n<\/li>\n<\/ul>\n","protected":false},"excerpt":{"rendered":"<p>Support of sales processes SATIS supports management of sales team operations and allows for stimulating sales activities. The functions include planning visits and meetings of field employees, assigning tasks as well as creating and settling sales plans. Daily access to data is provided by built-in indicators and reports, such as: scheduling of sales representative operations, &hellip; <\/p>\n<p class=\"link-more\"><a href=\"https:\/\/www.satisgps.com\/en\/gps-monitoring\/support-of-sales-processes\/\" class=\"more-link\">Continue reading<span class=\"screen-reader-text\"> &#8220;Support of sales processes&#8221;<\/span><\/a><\/p>\n","protected":false},"author":13,"featured_media":5214,"parent":2436,"menu_order":0,"comment_status":"closed","ping_status":"closed","template":"","meta":{"_acf_changed":false,"footnotes":""},"class_list":["post-2468","page","type-page","status-publish","has-post-thumbnail","hentry"],"acf":[],"yoast_head":"<!-- This site is optimized with the Yoast SEO plugin v26.5 - https:\/\/yoast.com\/wordpress\/plugins\/seo\/ -->\n<title>Support of sales processes - SATIS GPS<\/title>\n<meta name=\"description\" content=\"SATIS GPS \u27a4 Support of sales processes \u2714\ufe0f Monitoring pojazd\u00f3w \u2714\ufe0f Kontrola zu\u017cycia paliwa \u2714\ufe0f Lokalizatory \u2b50 Sprawd\u017a!\" \/>\n<meta name=\"robots\" content=\"index, follow, max-snippet:-1, max-image-preview:large, max-video-preview:-1\" \/>\n<link rel=\"canonical\" href=\"https:\/\/www.satisgps.com\/en\/gps-monitoring\/support-of-sales-processes\/\" \/>\n<meta property=\"og:locale\" content=\"en_US\" \/>\n<meta property=\"og:type\" content=\"article\" \/>\n<meta property=\"og:title\" content=\"Support of sales processes - SATIS GPS\" \/>\n<meta property=\"og:description\" content=\"SATIS GPS \u27a4 Support of sales processes \u2714\ufe0f Monitoring pojazd\u00f3w \u2714\ufe0f Kontrola zu\u017cycia paliwa \u2714\ufe0f Lokalizatory \u2b50 Sprawd\u017a!\" \/>\n<meta property=\"og:url\" content=\"https:\/\/www.satisgps.com\/en\/gps-monitoring\/support-of-sales-processes\/\" \/>\n<meta property=\"og:site_name\" content=\"SATIS GPS\" \/>\n<meta property=\"article:modified_time\" content=\"2020-01-07T09:36:44+00:00\" \/>\n<meta property=\"og:image\" content=\"https:\/\/www.satisgps.com\/wp-content\/uploads\/2019\/12\/Wspieranie-procesow-handlowych02.png\" \/>\n\t<meta property=\"og:image:width\" content=\"1920\" \/>\n\t<meta property=\"og:image:height\" content=\"865\" \/>\n\t<meta property=\"og:image:type\" content=\"image\/png\" \/>\n<meta name=\"twitter:card\" content=\"summary_large_image\" \/>\n<meta name=\"twitter:label1\" content=\"Est. reading time\" \/>\n\t<meta name=\"twitter:data1\" content=\"2 minutes\" \/>\n<script type=\"application\/ld+json\" class=\"yoast-schema-graph\">{\"@context\":\"https:\/\/schema.org\",\"@graph\":[{\"@type\":\"WebPage\",\"@id\":\"https:\/\/www.satisgps.com\/en\/gps-monitoring\/support-of-sales-processes\/\",\"url\":\"https:\/\/www.satisgps.com\/en\/gps-monitoring\/support-of-sales-processes\/\",\"name\":\"Support of sales processes - SATIS GPS\",\"isPartOf\":{\"@id\":\"https:\/\/www.satisgps.com\/#website\"},\"primaryImageOfPage\":{\"@id\":\"https:\/\/www.satisgps.com\/en\/gps-monitoring\/support-of-sales-processes\/#primaryimage\"},\"image\":{\"@id\":\"https:\/\/www.satisgps.com\/en\/gps-monitoring\/support-of-sales-processes\/#primaryimage\"},\"thumbnailUrl\":\"https:\/\/www.satisgps.com\/wp-content\/uploads\/2019\/12\/Wspieranie-procesow-handlowych02.png\",\"datePublished\":\"2017-06-16T08:05:30+00:00\",\"dateModified\":\"2020-01-07T09:36:44+00:00\",\"description\":\"SATIS GPS \u27a4 Support of sales processes \u2714\ufe0f Monitoring pojazd\u00f3w \u2714\ufe0f Kontrola zu\u017cycia paliwa \u2714\ufe0f Lokalizatory \u2b50 Sprawd\u017a!\",\"breadcrumb\":{\"@id\":\"https:\/\/www.satisgps.com\/en\/gps-monitoring\/support-of-sales-processes\/#breadcrumb\"},\"inLanguage\":\"en-US\",\"potentialAction\":[{\"@type\":\"ReadAction\",\"target\":[\"https:\/\/www.satisgps.com\/en\/gps-monitoring\/support-of-sales-processes\/\"]}]},{\"@type\":\"ImageObject\",\"inLanguage\":\"en-US\",\"@id\":\"https:\/\/www.satisgps.com\/en\/gps-monitoring\/support-of-sales-processes\/#primaryimage\",\"url\":\"https:\/\/www.satisgps.com\/wp-content\/uploads\/2019\/12\/Wspieranie-procesow-handlowych02.png\",\"contentUrl\":\"https:\/\/www.satisgps.com\/wp-content\/uploads\/2019\/12\/Wspieranie-procesow-handlowych02.png\",\"width\":1920,\"height\":865},{\"@type\":\"BreadcrumbList\",\"@id\":\"https:\/\/www.satisgps.com\/en\/gps-monitoring\/support-of-sales-processes\/#breadcrumb\",\"itemListElement\":[{\"@type\":\"ListItem\",\"position\":1,\"name\":\"Monitoring floty\",\"item\":\"https:\/\/www.satisgps.com\/en\/\"},{\"@type\":\"ListItem\",\"position\":2,\"name\":\"GPS monitoring\",\"item\":\"https:\/\/www.satisgps.com\/en\/gps-monitoring\/\"},{\"@type\":\"ListItem\",\"position\":3,\"name\":\"Support of sales processes\",\"item\":\"https:\/\/www.satisgps.com\/en\/wp-json\/wp\/v2\/pages\/2468\"}]},{\"@type\":\"WebSite\",\"@id\":\"https:\/\/www.satisgps.com\/#website\",\"url\":\"https:\/\/www.satisgps.com\/\",\"name\":\"SATIS GPS\",\"description\":\"System zarz\u0105dzania flot\u0105 i monitoring GPS pojazd\u00f3w\",\"publisher\":{\"@id\":\"https:\/\/www.satisgps.com\/#organization\"},\"potentialAction\":[{\"@type\":\"SearchAction\",\"target\":{\"@type\":\"EntryPoint\",\"urlTemplate\":\"https:\/\/www.satisgps.com\/?s={search_term_string}\"},\"query-input\":{\"@type\":\"PropertyValueSpecification\",\"valueRequired\":true,\"valueName\":\"search_term_string\"}}],\"inLanguage\":\"en-US\"},{\"@type\":\"Organization\",\"@id\":\"https:\/\/www.satisgps.com\/#organization\",\"name\":\"SATIS GPS\",\"url\":\"https:\/\/www.satisgps.com\/\",\"logo\":{\"@type\":\"ImageObject\",\"inLanguage\":\"en-US\",\"@id\":\"https:\/\/www.satisgps.com\/#\/schema\/logo\/image\/\",\"url\":\"https:\/\/www.satisgps.com\/wp-content\/uploads\/2015\/03\/logo-satis.png\",\"contentUrl\":\"https:\/\/www.satisgps.com\/wp-content\/uploads\/2015\/03\/logo-satis.png\",\"width\":146,\"height\":50,\"caption\":\"SATIS GPS\"},\"image\":{\"@id\":\"https:\/\/www.satisgps.com\/#\/schema\/logo\/image\/\"}}]}<\/script>\n<!-- \/ Yoast SEO plugin. -->","yoast_head_json":{"title":"Support of sales processes - SATIS GPS","description":"SATIS GPS \u27a4 Support of sales processes \u2714\ufe0f Monitoring pojazd\u00f3w \u2714\ufe0f Kontrola zu\u017cycia paliwa \u2714\ufe0f Lokalizatory \u2b50 Sprawd\u017a!","robots":{"index":"index","follow":"follow","max-snippet":"max-snippet:-1","max-image-preview":"max-image-preview:large","max-video-preview":"max-video-preview:-1"},"canonical":"https:\/\/www.satisgps.com\/en\/gps-monitoring\/support-of-sales-processes\/","og_locale":"en_US","og_type":"article","og_title":"Support of sales processes - SATIS GPS","og_description":"SATIS GPS \u27a4 Support of sales processes \u2714\ufe0f Monitoring pojazd\u00f3w \u2714\ufe0f Kontrola zu\u017cycia paliwa \u2714\ufe0f Lokalizatory \u2b50 Sprawd\u017a!","og_url":"https:\/\/www.satisgps.com\/en\/gps-monitoring\/support-of-sales-processes\/","og_site_name":"SATIS GPS","article_modified_time":"2020-01-07T09:36:44+00:00","og_image":[{"width":1920,"height":865,"url":"https:\/\/www.satisgps.com\/wp-content\/uploads\/2019\/12\/Wspieranie-procesow-handlowych02.png","type":"image\/png"}],"twitter_card":"summary_large_image","twitter_misc":{"Est. reading time":"2 minutes"},"schema":{"@context":"https:\/\/schema.org","@graph":[{"@type":"WebPage","@id":"https:\/\/www.satisgps.com\/en\/gps-monitoring\/support-of-sales-processes\/","url":"https:\/\/www.satisgps.com\/en\/gps-monitoring\/support-of-sales-processes\/","name":"Support of sales processes - SATIS GPS","isPartOf":{"@id":"https:\/\/www.satisgps.com\/#website"},"primaryImageOfPage":{"@id":"https:\/\/www.satisgps.com\/en\/gps-monitoring\/support-of-sales-processes\/#primaryimage"},"image":{"@id":"https:\/\/www.satisgps.com\/en\/gps-monitoring\/support-of-sales-processes\/#primaryimage"},"thumbnailUrl":"https:\/\/www.satisgps.com\/wp-content\/uploads\/2019\/12\/Wspieranie-procesow-handlowych02.png","datePublished":"2017-06-16T08:05:30+00:00","dateModified":"2020-01-07T09:36:44+00:00","description":"SATIS GPS \u27a4 Support of sales processes \u2714\ufe0f Monitoring pojazd\u00f3w \u2714\ufe0f Kontrola zu\u017cycia paliwa \u2714\ufe0f Lokalizatory \u2b50 Sprawd\u017a!","breadcrumb":{"@id":"https:\/\/www.satisgps.com\/en\/gps-monitoring\/support-of-sales-processes\/#breadcrumb"},"inLanguage":"en-US","potentialAction":[{"@type":"ReadAction","target":["https:\/\/www.satisgps.com\/en\/gps-monitoring\/support-of-sales-processes\/"]}]},{"@type":"ImageObject","inLanguage":"en-US","@id":"https:\/\/www.satisgps.com\/en\/gps-monitoring\/support-of-sales-processes\/#primaryimage","url":"https:\/\/www.satisgps.com\/wp-content\/uploads\/2019\/12\/Wspieranie-procesow-handlowych02.png","contentUrl":"https:\/\/www.satisgps.com\/wp-content\/uploads\/2019\/12\/Wspieranie-procesow-handlowych02.png","width":1920,"height":865},{"@type":"BreadcrumbList","@id":"https:\/\/www.satisgps.com\/en\/gps-monitoring\/support-of-sales-processes\/#breadcrumb","itemListElement":[{"@type":"ListItem","position":1,"name":"Monitoring floty","item":"https:\/\/www.satisgps.com\/en\/"},{"@type":"ListItem","position":2,"name":"GPS monitoring","item":"https:\/\/www.satisgps.com\/en\/gps-monitoring\/"},{"@type":"ListItem","position":3,"name":"Support of sales processes","item":"https:\/\/www.satisgps.com\/en\/wp-json\/wp\/v2\/pages\/2468"}]},{"@type":"WebSite","@id":"https:\/\/www.satisgps.com\/#website","url":"https:\/\/www.satisgps.com\/","name":"SATIS GPS","description":"System zarz\u0105dzania flot\u0105 i monitoring GPS pojazd\u00f3w","publisher":{"@id":"https:\/\/www.satisgps.com\/#organization"},"potentialAction":[{"@type":"SearchAction","target":{"@type":"EntryPoint","urlTemplate":"https:\/\/www.satisgps.com\/?s={search_term_string}"},"query-input":{"@type":"PropertyValueSpecification","valueRequired":true,"valueName":"search_term_string"}}],"inLanguage":"en-US"},{"@type":"Organization","@id":"https:\/\/www.satisgps.com\/#organization","name":"SATIS GPS","url":"https:\/\/www.satisgps.com\/","logo":{"@type":"ImageObject","inLanguage":"en-US","@id":"https:\/\/www.satisgps.com\/#\/schema\/logo\/image\/","url":"https:\/\/www.satisgps.com\/wp-content\/uploads\/2015\/03\/logo-satis.png","contentUrl":"https:\/\/www.satisgps.com\/wp-content\/uploads\/2015\/03\/logo-satis.png","width":146,"height":50,"caption":"SATIS GPS"},"image":{"@id":"https:\/\/www.satisgps.com\/#\/schema\/logo\/image\/"}}]}},"_links":{"self":[{"href":"https:\/\/www.satisgps.com\/en\/wp-json\/wp\/v2\/pages\/2468","targetHints":{"allow":["GET"]}}],"collection":[{"href":"https:\/\/www.satisgps.com\/en\/wp-json\/wp\/v2\/pages"}],"about":[{"href":"https:\/\/www.satisgps.com\/en\/wp-json\/wp\/v2\/types\/page"}],"author":[{"embeddable":true,"href":"https:\/\/www.satisgps.com\/en\/wp-json\/wp\/v2\/users\/13"}],"replies":[{"embeddable":true,"href":"https:\/\/www.satisgps.com\/en\/wp-json\/wp\/v2\/comments?post=2468"}],"version-history":[{"count":5,"href":"https:\/\/www.satisgps.com\/en\/wp-json\/wp\/v2\/pages\/2468\/revisions"}],"predecessor-version":[{"id":5272,"href":"https:\/\/www.satisgps.com\/en\/wp-json\/wp\/v2\/pages\/2468\/revisions\/5272"}],"up":[{"embeddable":true,"href":"https:\/\/www.satisgps.com\/en\/wp-json\/wp\/v2\/pages\/2436"}],"wp:featuredmedia":[{"embeddable":true,"href":"https:\/\/www.satisgps.com\/en\/wp-json\/wp\/v2\/media\/5214"}],"wp:attachment":[{"href":"https:\/\/www.satisgps.com\/en\/wp-json\/wp\/v2\/media?parent=2468"}],"curies":[{"name":"wp","href":"https:\/\/api.w.org\/{rel}","templated":true}]}}