{"id":2562,"date":"2015-03-31T08:52:02","date_gmt":"2015-03-31T08:52:02","guid":{"rendered":"http:\/\/www.satisgps.com\/business-applications\/floty-lekkie\/"},"modified":"2021-01-14T13:59:13","modified_gmt":"2021-01-14T12:59:13","slug":"light-vehicle-fleets","status":"publish","type":"page","link":"https:\/\/www.satisgps.com\/en\/business-applications\/light-vehicle-fleets\/","title":{"rendered":"Light vehicle fleets"},"content":{"rendered":"<h1>Management and monitoring of light vehicle fleets<\/h1>\n<p style=\"text-align: justify;\">With the knowledge of the issues related to light vehicle fleet management, SATIS has been tailored to the needs of Customers with such vehicles. Check the list of benefits of companies with light vehicle fleets using the SATIS system.<\/p>\n<p style=\"text-align: justify;\">These solutions will make car fleet management much simpler. The system notifies of mandatory deadlines for inspections, insurance and replacement of parts. Fleet monitoring effectively prevents undesirable actions, such as the use of vehicles and machines for non-work related purposes or uncontrolled fuel losses, etc. Fleet administrators can gain simple tools to control the drivers&#8217; working hours, increase their safety on the road, and optimize costs.<\/p>\n<p><strong><a title=\"Osobowe i dostawcze\" href=\"\/en\/business-applications\/light-vehicle-fleets\/cars-and-delivery-vehicles\/\">Cars and delivery vehicles<\/a><\/strong><\/p>\n<p><strong><a title=\"Planowanie i realizacja wizyt\" href=\"\/en\/business-applications\/light-vehicle-fleets\/planning-and-completion-of-visits\/\">Planning and completion of visits<\/a><\/strong><\/p>\n<p><strong><a title=\"Kilometry prywatne\" href=\"\/en\/business-applications\/light-vehicle-fleets\/private-kilometres\/\">Private kilometres<\/a><\/strong><\/p>\n<p><strong><a title=\"Kontrola czasu pracy\" href=\"\/en\/business-applications\/light-vehicle-fleets\/work-time-tracking\/\">Work time tracking<\/a><\/strong><\/p>\n<p><strong><a title=\"Zarz\u0105dzanie flot\u0105\" href=\"\/en\/business-applications\/light-vehicle-fleets\/fleet-management\/\">Fleet management<\/a><\/strong><\/p>\n","protected":false},"excerpt":{"rendered":"<p>Management and monitoring of light vehicle fleets With the knowledge of the issues related to light vehicle fleet management, SATIS has been tailored to the needs of Customers with such vehicles. Check the list of benefits of companies with light vehicle fleets using the SATIS system. These solutions will make car fleet management much simpler. &hellip; <\/p>\n<p class=\"link-more\"><a href=\"https:\/\/www.satisgps.com\/en\/business-applications\/light-vehicle-fleets\/\" class=\"more-link\">Continue reading<span class=\"screen-reader-text\"> &#8220;Light vehicle fleets&#8221;<\/span><\/a><\/p>\n","protected":false},"author":13,"featured_media":5082,"parent":2560,"menu_order":0,"comment_status":"closed","ping_status":"closed","template":"","meta":{"_acf_changed":false,"footnotes":""},"class_list":["post-2562","page","type-page","status-publish","has-post-thumbnail","hentry"],"acf":[],"yoast_head":"<!-- This site is optimized with the Yoast SEO plugin v26.5 - https:\/\/yoast.com\/wordpress\/plugins\/seo\/ -->\n<title>Monitoring and fleet management<\/title>\n<meta name=\"description\" content=\"Our offer allows for quick and accurate monitoring and effective management of the car fleet. See the list of benefits achieved by companies using the SATIS system.\" \/>\n<meta name=\"robots\" content=\"index, follow, max-snippet:-1, max-image-preview:large, max-video-preview:-1\" \/>\n<link rel=\"canonical\" href=\"https:\/\/www.satisgps.com\/en\/business-applications\/light-vehicle-fleets\/\" \/>\n<meta property=\"og:locale\" content=\"en_US\" \/>\n<meta property=\"og:type\" content=\"article\" \/>\n<meta property=\"og:title\" content=\"Monitoring and fleet management\" \/>\n<meta property=\"og:description\" content=\"Our offer allows for quick and accurate monitoring and effective management of the car fleet. See the list of benefits achieved by companies using the SATIS system.\" \/>\n<meta property=\"og:url\" content=\"https:\/\/www.satisgps.com\/en\/business-applications\/light-vehicle-fleets\/\" \/>\n<meta property=\"og:site_name\" content=\"SATIS GPS\" \/>\n<meta property=\"article:modified_time\" content=\"2021-01-14T12:59:13+00:00\" \/>\n<meta property=\"og:image\" content=\"https:\/\/www.satisgps.com\/wp-content\/uploads\/2019\/12\/CFM04.png\" \/>\n\t<meta property=\"og:image:width\" content=\"1920\" \/>\n\t<meta property=\"og:image:height\" content=\"865\" \/>\n\t<meta property=\"og:image:type\" content=\"image\/png\" \/>\n<meta name=\"twitter:card\" content=\"summary_large_image\" \/>\n<meta name=\"twitter:label1\" content=\"Est. reading time\" \/>\n\t<meta name=\"twitter:data1\" content=\"1 minute\" \/>\n<script type=\"application\/ld+json\" class=\"yoast-schema-graph\">{\"@context\":\"https:\/\/schema.org\",\"@graph\":[{\"@type\":\"WebPage\",\"@id\":\"https:\/\/www.satisgps.com\/en\/business-applications\/light-vehicle-fleets\/\",\"url\":\"https:\/\/www.satisgps.com\/en\/business-applications\/light-vehicle-fleets\/\",\"name\":\"Monitoring and fleet management\",\"isPartOf\":{\"@id\":\"https:\/\/www.satisgps.com\/#website\"},\"primaryImageOfPage\":{\"@id\":\"https:\/\/www.satisgps.com\/en\/business-applications\/light-vehicle-fleets\/#primaryimage\"},\"image\":{\"@id\":\"https:\/\/www.satisgps.com\/en\/business-applications\/light-vehicle-fleets\/#primaryimage\"},\"thumbnailUrl\":\"https:\/\/www.satisgps.com\/wp-content\/uploads\/2019\/12\/CFM04.png\",\"datePublished\":\"2015-03-31T08:52:02+00:00\",\"dateModified\":\"2021-01-14T12:59:13+00:00\",\"description\":\"Our offer allows for quick and accurate monitoring and effective management of the car fleet. See the list of benefits achieved by companies using the SATIS system.\",\"breadcrumb\":{\"@id\":\"https:\/\/www.satisgps.com\/en\/business-applications\/light-vehicle-fleets\/#breadcrumb\"},\"inLanguage\":\"en-US\",\"potentialAction\":[{\"@type\":\"ReadAction\",\"target\":[\"https:\/\/www.satisgps.com\/en\/business-applications\/light-vehicle-fleets\/\"]}]},{\"@type\":\"ImageObject\",\"inLanguage\":\"en-US\",\"@id\":\"https:\/\/www.satisgps.com\/en\/business-applications\/light-vehicle-fleets\/#primaryimage\",\"url\":\"https:\/\/www.satisgps.com\/wp-content\/uploads\/2019\/12\/CFM04.png\",\"contentUrl\":\"https:\/\/www.satisgps.com\/wp-content\/uploads\/2019\/12\/CFM04.png\",\"width\":1920,\"height\":865,\"caption\":\"Zarz\u0105dzanie flot\u0105 samochodow\u0105\"},{\"@type\":\"BreadcrumbList\",\"@id\":\"https:\/\/www.satisgps.com\/en\/business-applications\/light-vehicle-fleets\/#breadcrumb\",\"itemListElement\":[{\"@type\":\"ListItem\",\"position\":1,\"name\":\"Monitoring floty\",\"item\":\"https:\/\/www.satisgps.com\/en\/\"},{\"@type\":\"ListItem\",\"position\":2,\"name\":\"Business applications\",\"item\":\"https:\/\/www.satisgps.com\/en\/business-applications\/\"},{\"@type\":\"ListItem\",\"position\":3,\"name\":\"Light vehicle fleets\",\"item\":\"https:\/\/www.satisgps.com\/en\/wp-json\/wp\/v2\/pages\/2562\"}]},{\"@type\":\"WebSite\",\"@id\":\"https:\/\/www.satisgps.com\/#website\",\"url\":\"https:\/\/www.satisgps.com\/\",\"name\":\"SATIS GPS\",\"description\":\"System zarz\u0105dzania flot\u0105 i monitoring GPS pojazd\u00f3w\",\"publisher\":{\"@id\":\"https:\/\/www.satisgps.com\/#organization\"},\"potentialAction\":[{\"@type\":\"SearchAction\",\"target\":{\"@type\":\"EntryPoint\",\"urlTemplate\":\"https:\/\/www.satisgps.com\/?s={search_term_string}\"},\"query-input\":{\"@type\":\"PropertyValueSpecification\",\"valueRequired\":true,\"valueName\":\"search_term_string\"}}],\"inLanguage\":\"en-US\"},{\"@type\":\"Organization\",\"@id\":\"https:\/\/www.satisgps.com\/#organization\",\"name\":\"SATIS GPS\",\"url\":\"https:\/\/www.satisgps.com\/\",\"logo\":{\"@type\":\"ImageObject\",\"inLanguage\":\"en-US\",\"@id\":\"https:\/\/www.satisgps.com\/#\/schema\/logo\/image\/\",\"url\":\"https:\/\/www.satisgps.com\/wp-content\/uploads\/2015\/03\/logo-satis.png\",\"contentUrl\":\"https:\/\/www.satisgps.com\/wp-content\/uploads\/2015\/03\/logo-satis.png\",\"width\":146,\"height\":50,\"caption\":\"SATIS GPS\"},\"image\":{\"@id\":\"https:\/\/www.satisgps.com\/#\/schema\/logo\/image\/\"}}]}<\/script>\n<!-- \/ Yoast SEO plugin. -->","yoast_head_json":{"title":"Monitoring and fleet management","description":"Our offer allows for quick and accurate monitoring and effective management of the car fleet. See the list of benefits achieved by companies using the SATIS system.","robots":{"index":"index","follow":"follow","max-snippet":"max-snippet:-1","max-image-preview":"max-image-preview:large","max-video-preview":"max-video-preview:-1"},"canonical":"https:\/\/www.satisgps.com\/en\/business-applications\/light-vehicle-fleets\/","og_locale":"en_US","og_type":"article","og_title":"Monitoring and fleet management","og_description":"Our offer allows for quick and accurate monitoring and effective management of the car fleet. See the list of benefits achieved by companies using the SATIS system.","og_url":"https:\/\/www.satisgps.com\/en\/business-applications\/light-vehicle-fleets\/","og_site_name":"SATIS GPS","article_modified_time":"2021-01-14T12:59:13+00:00","og_image":[{"width":1920,"height":865,"url":"https:\/\/www.satisgps.com\/wp-content\/uploads\/2019\/12\/CFM04.png","type":"image\/png"}],"twitter_card":"summary_large_image","twitter_misc":{"Est. reading time":"1 minute"},"schema":{"@context":"https:\/\/schema.org","@graph":[{"@type":"WebPage","@id":"https:\/\/www.satisgps.com\/en\/business-applications\/light-vehicle-fleets\/","url":"https:\/\/www.satisgps.com\/en\/business-applications\/light-vehicle-fleets\/","name":"Monitoring and fleet management","isPartOf":{"@id":"https:\/\/www.satisgps.com\/#website"},"primaryImageOfPage":{"@id":"https:\/\/www.satisgps.com\/en\/business-applications\/light-vehicle-fleets\/#primaryimage"},"image":{"@id":"https:\/\/www.satisgps.com\/en\/business-applications\/light-vehicle-fleets\/#primaryimage"},"thumbnailUrl":"https:\/\/www.satisgps.com\/wp-content\/uploads\/2019\/12\/CFM04.png","datePublished":"2015-03-31T08:52:02+00:00","dateModified":"2021-01-14T12:59:13+00:00","description":"Our offer allows for quick and accurate monitoring and effective management of the car fleet. See the list of benefits achieved by companies using the SATIS system.","breadcrumb":{"@id":"https:\/\/www.satisgps.com\/en\/business-applications\/light-vehicle-fleets\/#breadcrumb"},"inLanguage":"en-US","potentialAction":[{"@type":"ReadAction","target":["https:\/\/www.satisgps.com\/en\/business-applications\/light-vehicle-fleets\/"]}]},{"@type":"ImageObject","inLanguage":"en-US","@id":"https:\/\/www.satisgps.com\/en\/business-applications\/light-vehicle-fleets\/#primaryimage","url":"https:\/\/www.satisgps.com\/wp-content\/uploads\/2019\/12\/CFM04.png","contentUrl":"https:\/\/www.satisgps.com\/wp-content\/uploads\/2019\/12\/CFM04.png","width":1920,"height":865,"caption":"Zarz\u0105dzanie flot\u0105 samochodow\u0105"},{"@type":"BreadcrumbList","@id":"https:\/\/www.satisgps.com\/en\/business-applications\/light-vehicle-fleets\/#breadcrumb","itemListElement":[{"@type":"ListItem","position":1,"name":"Monitoring floty","item":"https:\/\/www.satisgps.com\/en\/"},{"@type":"ListItem","position":2,"name":"Business applications","item":"https:\/\/www.satisgps.com\/en\/business-applications\/"},{"@type":"ListItem","position":3,"name":"Light vehicle fleets","item":"https:\/\/www.satisgps.com\/en\/wp-json\/wp\/v2\/pages\/2562"}]},{"@type":"WebSite","@id":"https:\/\/www.satisgps.com\/#website","url":"https:\/\/www.satisgps.com\/","name":"SATIS GPS","description":"System zarz\u0105dzania flot\u0105 i monitoring GPS pojazd\u00f3w","publisher":{"@id":"https:\/\/www.satisgps.com\/#organization"},"potentialAction":[{"@type":"SearchAction","target":{"@type":"EntryPoint","urlTemplate":"https:\/\/www.satisgps.com\/?s={search_term_string}"},"query-input":{"@type":"PropertyValueSpecification","valueRequired":true,"valueName":"search_term_string"}}],"inLanguage":"en-US"},{"@type":"Organization","@id":"https:\/\/www.satisgps.com\/#organization","name":"SATIS GPS","url":"https:\/\/www.satisgps.com\/","logo":{"@type":"ImageObject","inLanguage":"en-US","@id":"https:\/\/www.satisgps.com\/#\/schema\/logo\/image\/","url":"https:\/\/www.satisgps.com\/wp-content\/uploads\/2015\/03\/logo-satis.png","contentUrl":"https:\/\/www.satisgps.com\/wp-content\/uploads\/2015\/03\/logo-satis.png","width":146,"height":50,"caption":"SATIS GPS"},"image":{"@id":"https:\/\/www.satisgps.com\/#\/schema\/logo\/image\/"}}]}},"_links":{"self":[{"href":"https:\/\/www.satisgps.com\/en\/wp-json\/wp\/v2\/pages\/2562","targetHints":{"allow":["GET"]}}],"collection":[{"href":"https:\/\/www.satisgps.com\/en\/wp-json\/wp\/v2\/pages"}],"about":[{"href":"https:\/\/www.satisgps.com\/en\/wp-json\/wp\/v2\/types\/page"}],"author":[{"embeddable":true,"href":"https:\/\/www.satisgps.com\/en\/wp-json\/wp\/v2\/users\/13"}],"replies":[{"embeddable":true,"href":"https:\/\/www.satisgps.com\/en\/wp-json\/wp\/v2\/comments?post=2562"}],"version-history":[{"count":4,"href":"https:\/\/www.satisgps.com\/en\/wp-json\/wp\/v2\/pages\/2562\/revisions"}],"predecessor-version":[{"id":5264,"href":"https:\/\/www.satisgps.com\/en\/wp-json\/wp\/v2\/pages\/2562\/revisions\/5264"}],"up":[{"embeddable":true,"href":"https:\/\/www.satisgps.com\/en\/wp-json\/wp\/v2\/pages\/2560"}],"wp:featuredmedia":[{"embeddable":true,"href":"https:\/\/www.satisgps.com\/en\/wp-json\/wp\/v2\/media\/5082"}],"wp:attachment":[{"href":"https:\/\/www.satisgps.com\/en\/wp-json\/wp\/v2\/media?parent=2562"}],"curies":[{"name":"wp","href":"https:\/\/api.w.org\/{rel}","templated":true}]}}