{"id":2569,"date":"2015-04-01T13:01:56","date_gmt":"2015-04-01T13:01:56","guid":{"rendered":"http:\/\/www.satisgps.com\/business-applications\/light-vehicle-fleets\/planowanie-i-realizacja-wizyt\/"},"modified":"2024-12-18T09:56:57","modified_gmt":"2024-12-18T08:56:57","slug":"planning-and-completion-of-visits","status":"publish","type":"page","link":"https:\/\/www.satisgps.com\/en\/business-applications\/light-vehicle-fleets\/planning-and-completion-of-visits\/","title":{"rendered":"Planning and completion of visits"},"content":{"rendered":"<p>Modu\u0142 do planowania wizyt to narz\u0119dzie stworzone z my\u015bl\u0105 o zwi\u0119kszeniu efektywno\u015bci pracy przedstawicieli handlowych, serwisant\u00f3w i innych pracownik\u00f3w mobilnych. Dzi\u0119ki integracji nowoczesnych rozwi\u0105za\u0144 GPS oraz funkcji monitorowania u\u017cytkownicy mog\u0105 optymalizowa\u0107 swoje trasy oraz czas pracy. Poznaj korzy\u015bci p\u0142yn\u0105ce z zastosowania aplikacji, kt\u00f3re mog\u0105 u\u0142atwi\u0107 codzienne zadania i zwi\u0119kszy\u0107 wydajno\u015b\u0107 w terenie.<\/p>\n<h2>Przedstawiciel handlowy \u2013 jak zwi\u0119kszy\u0107 efektywno\u015b\u0107 pracy?<\/h2>\n<p>Dzi\u0119ki modu\u0142owi, handlowcy maj\u0105 pe\u0142n\u0105 kontrol\u0119 nad swoimi wizytami i zadaniami. Aplikacja umo\u017cliwia koordynacj\u0119 wizyt przedstawicieli handlowych u klient\u00f3w, co przek\u0142ada si\u0119 na lepsz\u0105 organizacj\u0119 czasu. Mo\u017cliwo\u015b\u0107 zdalnego planowania spotka\u0144 pozwala unikn\u0105\u0107 niepotrzebnych przestoj\u00f3w i zwi\u0119ksza skuteczno\u015b\u0107 dzia\u0142a\u0144 handlowych.<\/p>\n<p>\u00a0<\/p>\n<h2>Aplikacja dla serwisant\u00f3w \u2013 skuteczne monitorowanie pracy technik\u00f3w<\/h2>\n<p>W bran\u017cy serwisowej kluczowe jest efektywne zarz\u0105dzanie czasem oraz monitorowanie pracy technik\u00f3w. Modu\u0142 umo\u017cliwia tak\u017ce monitorowanie serwisant\u00f3w, dostarcza szczeg\u00f3\u0142owych raport\u00f3w dotycz\u0105cych wizyt oraz czasu pracy, co pozwala na ocen\u0119 ich wydajno\u015bci i wprowadzenie ewentualnych usprawnie\u0144. System umo\u017cliwia r\u00f3wnie\u017c analiz\u0119 danych dotycz\u0105cych postoj\u00f3w i czasu dojazd\u00f3w, co przyczynia si\u0119 do poprawy jako\u015bci \u015bwiadczonych us\u0142ug.<\/p>\n<p>\u00a0<\/p>\n<h2>Aplikacja do lokalizacji \u2013 precyzyjne zarz\u0105dzanie trasami<\/h2>\n<p><strong>Aplikacja do lokalizacji GPS<\/strong> to nieocenione narz\u0119dzie dla przedstawicieli handlowych i serwisant\u00f3w. Dzi\u0119ki technologii GPS, u\u017cytkownicy mog\u0105 \u015bledzi\u0107 swoje trasy i dostosowywa\u0107 je w czasie rzeczywistym, co przek\u0142ada si\u0119 na oszcz\u0119dno\u015bci w kosztach paliwa oraz czasach dojazdu. To idealne rozwi\u0105zanie dla mobilnego handlowca, kt\u00f3ry ka\u017cdego dnia zmaga si\u0119 z wyzwaniami zwi\u0105zanymi z efektywnym planowaniem tras.<\/p>\n<p>\u00a0<\/p>\n<h2>Modu\u0142 do umawiania spotka\u0144 z klientami \u2013 jakie daje mo\u017cliwo\u015bci?<\/h2>\n<p>Zarz\u0105dzanie spotkaniami z klientami staje si\u0119 prostsze. Umo\u017cliwia on stworzenie zintegrowanego kalendarza wizyt, kt\u00f3ry automatycznie przypomina o nadchodz\u0105cych spotkaniach. Pozwala na bie\u017c\u0105co aktualizowa\u0107 harmonogram, co zwi\u0119ksza komfort pracy i efektywno\u015b\u0107 sprzeda\u017cy.<\/p>\n<p>\u00a0<\/p>\n<h2>System SATIS GPS \u2013 innowacje w codziennej pracy<\/h2>\n<p>System oferuje szereg funkcji, kt\u00f3re u\u0142atwiaj\u0105 codzienne obowi\u0105zki. Od raportowania wizyt po monitorowanie samochod\u00f3w ochrony \u2013 nowoczesne technologie wprowadzi\u0142y znaczn\u0105 automatyzacj\u0119 proces\u00f3w. Dzi\u0119ki aplikacji mo\u017cna szybko zareagowa\u0107 na zmieniaj\u0105ce si\u0119 warunki, co pozwala na elastyczne zarz\u0105dzanie wizytami i poprawia relacje z klientami.<\/p>\n<p>\u00a0<\/p>\n<h2>Co zyskujesz dzi\u0119ki aplikacji do planowania wizyt?<\/h2>\n<p>Decyduj\u0105c si\u0119 na system SATIS GPS inwestujesz w rozwi\u0105zania, kt\u00f3re przynios\u0105 wymierne korzy\u015bci \u2013 od oszcz\u0119dno\u015bci czasu, przez optymalizacj\u0119 koszt\u00f3w, po lepsz\u0105 organizacj\u0119 pracy Twojego zespo\u0142u. Nowoczesne aplikacje dla handlowc\u00f3w i serwisant\u00f3w to klucz do efektywnego zarz\u0105dzania wizytami, umo\u017cliwiaj\u0105ce \u0142atwe monitorowanie tras oraz czas\u00f3w dojazd\u00f3w. Zainwestuj w technologi\u0119, kt\u00f3ra pozwoli Ci skoncentrowa\u0107 si\u0119 na tym, co najwa\u017cniejsze \u2013 budowaniu relacji z klientami i rozwijaniu swojego biznesu.<\/p>\n<p>\u00a0<\/p>\n\n\u00a0\n\u00a0\n<div class=\"login-holder\" style=\"text-align: center;\">\n<a title=\"Kliknij aby przej\u015b\u0107 do formularza kontaktowego\" href=\"\/kontakt\/\"\" target=\"_blank\" class=\"login-button\" rel=\"noopener\">Skontaktuj si\u0119 z nami<\/a>\n<\/div>\n\u00a0\n\n<p>Je\u017celi chcesz poprawi\u0107 efektywno\u015b\u0107 swojego zespo\u0142u i zrealizowa\u0107 wizyty handlowe oraz serwisowe w spos\u00f3b zorganizowany i skuteczny, SATIS GPS jest idealnym rozwi\u0105zaniem. Nasza oferta, obejmuj\u0105ca nowoczesn\u0105 <a href=\"https:\/\/www.satisgps.com\/satis-gps\/optymalizacja_tras\/\">aplikacj\u0119 do uk\u0142adania trasy<\/a> i zaawansowany <a href=\"https:\/\/www.satisgps.com\/\">monitoring floty<\/a>, pomo\u017ce Ci w pe\u0142ni zrealizowa\u0107 cele biznesowe. Dzi\u0119ki <a href=\"https:\/\/www.satisgps.com\/satis-gps\/monitoring\/\">gps do \u015bledzenia samochodu<\/a> zyskasz pe\u0142n\u0105 kontrol\u0119 nad swoim pojazdem oraz zoptymalizujesz procesy logistyczne. Skontaktuj si\u0119 z nami, aby dowiedzie\u0107 si\u0119 wi\u0119cej o dostosowanej ofercie dla Twojej floty lekkiej!<\/p>\n","protected":false},"excerpt":{"rendered":"<p>Modu\u0142 do planowania wizyt to narz\u0119dzie stworzone z my\u015bl\u0105 o zwi\u0119kszeniu efektywno\u015bci pracy przedstawicieli handlowych, serwisant\u00f3w i innych pracownik\u00f3w mobilnych. Dzi\u0119ki integracji nowoczesnych rozwi\u0105za\u0144 GPS oraz funkcji monitorowania u\u017cytkownicy mog\u0105 optymalizowa\u0107 swoje trasy oraz czas pracy. Poznaj korzy\u015bci p\u0142yn\u0105ce z zastosowania aplikacji, kt\u00f3re mog\u0105 u\u0142atwi\u0107 codzienne zadania i zwi\u0119kszy\u0107 wydajno\u015b\u0107 w terenie. Przedstawiciel handlowy \u2013 &hellip; <\/p>\n<p class=\"link-more\"><a href=\"https:\/\/www.satisgps.com\/en\/business-applications\/light-vehicle-fleets\/planning-and-completion-of-visits\/\" class=\"more-link\">Continue reading<span class=\"screen-reader-text\"> &#8220;Planning and completion of visits&#8221;<\/span><\/a><\/p>\n","protected":false},"author":13,"featured_media":5082,"parent":2562,"menu_order":0,"comment_status":"closed","ping_status":"closed","template":"","meta":{"_acf_changed":false,"footnotes":""},"class_list":["post-2569","page","type-page","status-publish","has-post-thumbnail","hentry"],"acf":[],"yoast_head":"<!-- This site is optimized with the Yoast SEO plugin v26.5 - https:\/\/yoast.com\/wordpress\/plugins\/seo\/ -->\n<title>Planning and completion of visits - SATIS GPS<\/title>\n<meta name=\"description\" content=\"SATIS GPS \u27a4 Planning and completion of visits \u2714\ufe0f Monitoring pojazd\u00f3w \u2714\ufe0f Kontrola zu\u017cycia paliwa \u2714\ufe0f Lokalizatory \u2b50 Sprawd\u017a!\" \/>\n<meta name=\"robots\" content=\"index, follow, max-snippet:-1, max-image-preview:large, max-video-preview:-1\" \/>\n<link rel=\"canonical\" href=\"https:\/\/www.satisgps.com\/en\/business-applications\/light-vehicle-fleets\/planning-and-completion-of-visits\/\" \/>\n<meta property=\"og:locale\" content=\"en_US\" \/>\n<meta property=\"og:type\" content=\"article\" \/>\n<meta property=\"og:title\" content=\"Planning and completion of visits - SATIS GPS\" \/>\n<meta property=\"og:description\" content=\"SATIS GPS \u27a4 Planning and completion of visits \u2714\ufe0f Monitoring pojazd\u00f3w \u2714\ufe0f Kontrola zu\u017cycia paliwa \u2714\ufe0f Lokalizatory \u2b50 Sprawd\u017a!\" \/>\n<meta property=\"og:url\" content=\"https:\/\/www.satisgps.com\/en\/business-applications\/light-vehicle-fleets\/planning-and-completion-of-visits\/\" \/>\n<meta property=\"og:site_name\" content=\"SATIS GPS\" \/>\n<meta property=\"article:modified_time\" content=\"2024-12-18T08:56:57+00:00\" \/>\n<meta property=\"og:image\" content=\"https:\/\/www.satisgps.com\/wp-content\/uploads\/2019\/12\/CFM04.png\" \/>\n\t<meta property=\"og:image:width\" content=\"1920\" \/>\n\t<meta property=\"og:image:height\" content=\"865\" \/>\n\t<meta property=\"og:image:type\" content=\"image\/png\" \/>\n<meta name=\"twitter:card\" content=\"summary_large_image\" \/>\n<meta name=\"twitter:label1\" content=\"Est. reading time\" \/>\n\t<meta name=\"twitter:data1\" content=\"2 minutes\" \/>\n<script type=\"application\/ld+json\" class=\"yoast-schema-graph\">{\"@context\":\"https:\/\/schema.org\",\"@graph\":[{\"@type\":\"WebPage\",\"@id\":\"https:\/\/www.satisgps.com\/en\/business-applications\/light-vehicle-fleets\/planning-and-completion-of-visits\/\",\"url\":\"https:\/\/www.satisgps.com\/en\/business-applications\/light-vehicle-fleets\/planning-and-completion-of-visits\/\",\"name\":\"Planning and completion of visits - SATIS GPS\",\"isPartOf\":{\"@id\":\"https:\/\/www.satisgps.com\/#website\"},\"primaryImageOfPage\":{\"@id\":\"https:\/\/www.satisgps.com\/en\/business-applications\/light-vehicle-fleets\/planning-and-completion-of-visits\/#primaryimage\"},\"image\":{\"@id\":\"https:\/\/www.satisgps.com\/en\/business-applications\/light-vehicle-fleets\/planning-and-completion-of-visits\/#primaryimage\"},\"thumbnailUrl\":\"https:\/\/www.satisgps.com\/wp-content\/uploads\/2019\/12\/CFM04.png\",\"datePublished\":\"2015-04-01T13:01:56+00:00\",\"dateModified\":\"2024-12-18T08:56:57+00:00\",\"description\":\"SATIS GPS \u27a4 Planning and completion of visits \u2714\ufe0f Monitoring pojazd\u00f3w \u2714\ufe0f Kontrola zu\u017cycia paliwa \u2714\ufe0f Lokalizatory \u2b50 Sprawd\u017a!\",\"breadcrumb\":{\"@id\":\"https:\/\/www.satisgps.com\/en\/business-applications\/light-vehicle-fleets\/planning-and-completion-of-visits\/#breadcrumb\"},\"inLanguage\":\"en-US\",\"potentialAction\":[{\"@type\":\"ReadAction\",\"target\":[\"https:\/\/www.satisgps.com\/en\/business-applications\/light-vehicle-fleets\/planning-and-completion-of-visits\/\"]}]},{\"@type\":\"ImageObject\",\"inLanguage\":\"en-US\",\"@id\":\"https:\/\/www.satisgps.com\/en\/business-applications\/light-vehicle-fleets\/planning-and-completion-of-visits\/#primaryimage\",\"url\":\"https:\/\/www.satisgps.com\/wp-content\/uploads\/2019\/12\/CFM04.png\",\"contentUrl\":\"https:\/\/www.satisgps.com\/wp-content\/uploads\/2019\/12\/CFM04.png\",\"width\":1920,\"height\":865,\"caption\":\"Zarz\u0105dzanie flot\u0105 samochodow\u0105\"},{\"@type\":\"BreadcrumbList\",\"@id\":\"https:\/\/www.satisgps.com\/en\/business-applications\/light-vehicle-fleets\/planning-and-completion-of-visits\/#breadcrumb\",\"itemListElement\":[{\"@type\":\"ListItem\",\"position\":1,\"name\":\"Monitoring floty\",\"item\":\"https:\/\/www.satisgps.com\/en\/\"},{\"@type\":\"ListItem\",\"position\":2,\"name\":\"Business applications\",\"item\":\"https:\/\/www.satisgps.com\/en\/business-applications\/\"},{\"@type\":\"ListItem\",\"position\":3,\"name\":\"Light vehicle fleets\",\"item\":\"https:\/\/www.satisgps.com\/en\/business-applications\/light-vehicle-fleets\/\"},{\"@type\":\"ListItem\",\"position\":4,\"name\":\"Planning and completion of visits\",\"item\":\"https:\/\/www.satisgps.com\/en\/wp-json\/wp\/v2\/pages\/2569\"}]},{\"@type\":\"WebSite\",\"@id\":\"https:\/\/www.satisgps.com\/#website\",\"url\":\"https:\/\/www.satisgps.com\/\",\"name\":\"SATIS GPS\",\"description\":\"System zarz\u0105dzania flot\u0105 i monitoring GPS pojazd\u00f3w\",\"publisher\":{\"@id\":\"https:\/\/www.satisgps.com\/#organization\"},\"potentialAction\":[{\"@type\":\"SearchAction\",\"target\":{\"@type\":\"EntryPoint\",\"urlTemplate\":\"https:\/\/www.satisgps.com\/?s={search_term_string}\"},\"query-input\":{\"@type\":\"PropertyValueSpecification\",\"valueRequired\":true,\"valueName\":\"search_term_string\"}}],\"inLanguage\":\"en-US\"},{\"@type\":\"Organization\",\"@id\":\"https:\/\/www.satisgps.com\/#organization\",\"name\":\"SATIS GPS\",\"url\":\"https:\/\/www.satisgps.com\/\",\"logo\":{\"@type\":\"ImageObject\",\"inLanguage\":\"en-US\",\"@id\":\"https:\/\/www.satisgps.com\/#\/schema\/logo\/image\/\",\"url\":\"https:\/\/www.satisgps.com\/wp-content\/uploads\/2015\/03\/logo-satis.png\",\"contentUrl\":\"https:\/\/www.satisgps.com\/wp-content\/uploads\/2015\/03\/logo-satis.png\",\"width\":146,\"height\":50,\"caption\":\"SATIS GPS\"},\"image\":{\"@id\":\"https:\/\/www.satisgps.com\/#\/schema\/logo\/image\/\"}}]}<\/script>\n<!-- \/ Yoast SEO plugin. -->","yoast_head_json":{"title":"Planning and completion of visits - SATIS GPS","description":"SATIS GPS \u27a4 Planning and completion of visits \u2714\ufe0f Monitoring pojazd\u00f3w \u2714\ufe0f Kontrola zu\u017cycia paliwa \u2714\ufe0f Lokalizatory \u2b50 Sprawd\u017a!","robots":{"index":"index","follow":"follow","max-snippet":"max-snippet:-1","max-image-preview":"max-image-preview:large","max-video-preview":"max-video-preview:-1"},"canonical":"https:\/\/www.satisgps.com\/en\/business-applications\/light-vehicle-fleets\/planning-and-completion-of-visits\/","og_locale":"en_US","og_type":"article","og_title":"Planning and completion of visits - SATIS GPS","og_description":"SATIS GPS \u27a4 Planning and completion of visits \u2714\ufe0f Monitoring pojazd\u00f3w \u2714\ufe0f Kontrola zu\u017cycia paliwa \u2714\ufe0f Lokalizatory \u2b50 Sprawd\u017a!","og_url":"https:\/\/www.satisgps.com\/en\/business-applications\/light-vehicle-fleets\/planning-and-completion-of-visits\/","og_site_name":"SATIS GPS","article_modified_time":"2024-12-18T08:56:57+00:00","og_image":[{"width":1920,"height":865,"url":"https:\/\/www.satisgps.com\/wp-content\/uploads\/2019\/12\/CFM04.png","type":"image\/png"}],"twitter_card":"summary_large_image","twitter_misc":{"Est. reading time":"2 minutes"},"schema":{"@context":"https:\/\/schema.org","@graph":[{"@type":"WebPage","@id":"https:\/\/www.satisgps.com\/en\/business-applications\/light-vehicle-fleets\/planning-and-completion-of-visits\/","url":"https:\/\/www.satisgps.com\/en\/business-applications\/light-vehicle-fleets\/planning-and-completion-of-visits\/","name":"Planning and completion of visits - SATIS GPS","isPartOf":{"@id":"https:\/\/www.satisgps.com\/#website"},"primaryImageOfPage":{"@id":"https:\/\/www.satisgps.com\/en\/business-applications\/light-vehicle-fleets\/planning-and-completion-of-visits\/#primaryimage"},"image":{"@id":"https:\/\/www.satisgps.com\/en\/business-applications\/light-vehicle-fleets\/planning-and-completion-of-visits\/#primaryimage"},"thumbnailUrl":"https:\/\/www.satisgps.com\/wp-content\/uploads\/2019\/12\/CFM04.png","datePublished":"2015-04-01T13:01:56+00:00","dateModified":"2024-12-18T08:56:57+00:00","description":"SATIS GPS \u27a4 Planning and completion of visits \u2714\ufe0f Monitoring pojazd\u00f3w \u2714\ufe0f Kontrola zu\u017cycia paliwa \u2714\ufe0f Lokalizatory \u2b50 Sprawd\u017a!","breadcrumb":{"@id":"https:\/\/www.satisgps.com\/en\/business-applications\/light-vehicle-fleets\/planning-and-completion-of-visits\/#breadcrumb"},"inLanguage":"en-US","potentialAction":[{"@type":"ReadAction","target":["https:\/\/www.satisgps.com\/en\/business-applications\/light-vehicle-fleets\/planning-and-completion-of-visits\/"]}]},{"@type":"ImageObject","inLanguage":"en-US","@id":"https:\/\/www.satisgps.com\/en\/business-applications\/light-vehicle-fleets\/planning-and-completion-of-visits\/#primaryimage","url":"https:\/\/www.satisgps.com\/wp-content\/uploads\/2019\/12\/CFM04.png","contentUrl":"https:\/\/www.satisgps.com\/wp-content\/uploads\/2019\/12\/CFM04.png","width":1920,"height":865,"caption":"Zarz\u0105dzanie flot\u0105 samochodow\u0105"},{"@type":"BreadcrumbList","@id":"https:\/\/www.satisgps.com\/en\/business-applications\/light-vehicle-fleets\/planning-and-completion-of-visits\/#breadcrumb","itemListElement":[{"@type":"ListItem","position":1,"name":"Monitoring floty","item":"https:\/\/www.satisgps.com\/en\/"},{"@type":"ListItem","position":2,"name":"Business applications","item":"https:\/\/www.satisgps.com\/en\/business-applications\/"},{"@type":"ListItem","position":3,"name":"Light vehicle fleets","item":"https:\/\/www.satisgps.com\/en\/business-applications\/light-vehicle-fleets\/"},{"@type":"ListItem","position":4,"name":"Planning and completion of visits","item":"https:\/\/www.satisgps.com\/en\/wp-json\/wp\/v2\/pages\/2569"}]},{"@type":"WebSite","@id":"https:\/\/www.satisgps.com\/#website","url":"https:\/\/www.satisgps.com\/","name":"SATIS GPS","description":"System zarz\u0105dzania flot\u0105 i monitoring GPS pojazd\u00f3w","publisher":{"@id":"https:\/\/www.satisgps.com\/#organization"},"potentialAction":[{"@type":"SearchAction","target":{"@type":"EntryPoint","urlTemplate":"https:\/\/www.satisgps.com\/?s={search_term_string}"},"query-input":{"@type":"PropertyValueSpecification","valueRequired":true,"valueName":"search_term_string"}}],"inLanguage":"en-US"},{"@type":"Organization","@id":"https:\/\/www.satisgps.com\/#organization","name":"SATIS GPS","url":"https:\/\/www.satisgps.com\/","logo":{"@type":"ImageObject","inLanguage":"en-US","@id":"https:\/\/www.satisgps.com\/#\/schema\/logo\/image\/","url":"https:\/\/www.satisgps.com\/wp-content\/uploads\/2015\/03\/logo-satis.png","contentUrl":"https:\/\/www.satisgps.com\/wp-content\/uploads\/2015\/03\/logo-satis.png","width":146,"height":50,"caption":"SATIS GPS"},"image":{"@id":"https:\/\/www.satisgps.com\/#\/schema\/logo\/image\/"}}]}},"_links":{"self":[{"href":"https:\/\/www.satisgps.com\/en\/wp-json\/wp\/v2\/pages\/2569","targetHints":{"allow":["GET"]}}],"collection":[{"href":"https:\/\/www.satisgps.com\/en\/wp-json\/wp\/v2\/pages"}],"about":[{"href":"https:\/\/www.satisgps.com\/en\/wp-json\/wp\/v2\/types\/page"}],"author":[{"embeddable":true,"href":"https:\/\/www.satisgps.com\/en\/wp-json\/wp\/v2\/users\/13"}],"replies":[{"embeddable":true,"href":"https:\/\/www.satisgps.com\/en\/wp-json\/wp\/v2\/comments?post=2569"}],"version-history":[{"count":6,"href":"https:\/\/www.satisgps.com\/en\/wp-json\/wp\/v2\/pages\/2569\/revisions"}],"predecessor-version":[{"id":8302,"href":"https:\/\/www.satisgps.com\/en\/wp-json\/wp\/v2\/pages\/2569\/revisions\/8302"}],"up":[{"embeddable":true,"href":"https:\/\/www.satisgps.com\/en\/wp-json\/wp\/v2\/pages\/2562"}],"wp:featuredmedia":[{"embeddable":true,"href":"https:\/\/www.satisgps.com\/en\/wp-json\/wp\/v2\/media\/5082"}],"wp:attachment":[{"href":"https:\/\/www.satisgps.com\/en\/wp-json\/wp\/v2\/media?parent=2569"}],"curies":[{"name":"wp","href":"https:\/\/api.w.org\/{rel}","templated":true}]}}