{"id":2578,"date":"2015-04-01T13:03:07","date_gmt":"2015-04-01T13:03:07","guid":{"rendered":"http:\/\/www.satisgps.com\/business-applications\/light-vehicle-fleets\/zarzadzanie-flota\/"},"modified":"2020-01-08T10:09:58","modified_gmt":"2020-01-08T09:09:58","slug":"fleet-management","status":"publish","type":"page","link":"https:\/\/www.satisgps.com\/en\/business-applications\/light-vehicle-fleets\/fleet-management\/","title":{"rendered":"Fleet management"},"content":{"rendered":"<h1>Fleet management<\/h1>\n<p><strong>Automation of maintenance processes<\/strong><\/p>\n<p style=\"text-align: justify;\">Vehicle fleet management involves the need to monitor a number of parameters that determine the operational capacity of vehicles. Most common of them are the dates of servicing, inspections, insurance, and replacement of parts. Due to the fact that the SATIS system has the option to check the vehicle odometer readings and define the dates for maintenance and insurance, a group of functions can be used for automatic monitoring of the need to perform any predefined maintenance activities in advance, as specified by the user.<\/p>\n<p style=\"text-align: justify;\">In one of the projects, maintenance notifications are sent directly to the car service stations assigned to the vehicle. The station is responsible for contacting the relevant vehicle user and scheduling maintenance or specific replacements of parts. Thanks to this group of functions fleet can be operated in a timely manner and any administrative tasks related to car fleet management are optimised.<\/p>\n<p style=\"text-align: justify;\"><strong>Improved timeliness of deliveries<\/strong><\/p>\n<p style=\"text-align: justify;\">A standard function of the SATIS system is online monitoring. With monitoring the operator responsible for handling transport processes has the ability to respond immediately to any situations that could lead to delays in deliveries. This helps to improve the quality of Customer service. In addition, SATIS makes it possible to temporarily (day and time limits) provide online view of the vehicle that carries out the transport tasks for the Customer. This allows the Customer to prepare for pickup or loading of goods.<\/p>\n<p style=\"text-align: justify;\"><strong>Control of transport conditions<\/strong><\/p>\n<p style=\"text-align: justify;\">Because additional accessories (e.g. thermometers or sensors for monitoring the chiller) can be connected to SATIS units, it is possible to continuously monitor the transport conditions, such as conditions in isothermal storage. This enables not only the generation of alarms when the acceptable conditions of carriage are exceeded, but also the verification of what has caused such a situation. SATIS also gives the ability to generate temperature reports for the recipients of goods and offices authorised to control them.<\/p>\n<p style=\"text-align: justify;\"><strong>Optimising the car fleet costs<\/strong><\/p>\n<p style=\"text-align: justify;\">The operating costs of vehicle fleet are not limited to fuel costs. Inspections, servicing, and replacements of parts as a result of vehicle wear are an important cost component. Optimisation of annual mileage of vehicles can automatically reduce the number of necessary inspections and services. Introduction of eco-driving recommendations also allows limiting the wear of brake pads, discs, clutches, and suspension elements. Unplanned expenses can be avoided by eliminating the possible loss of guarantee due to &#8220;missed&#8221; service or inspection. The SATIS system features full management of the aforementioned parameters to achieve tangible financial benefits.<\/p>\n<p style=\"text-align: justify;\"><strong>Notification of desired or undesired events<\/strong><\/p>\n<p style=\"text-align: justify;\">SATIS units use a wide range of data. Starting from the vehicle position, current speed or amount of fuel in the tank, to the identification of operation of advanced vehicle components. These data may be supplemented by information from map data, such as points on the map or predefined areas.<\/p>\n<p style=\"text-align: justify;\">The system can very easily define any alarm or notification that will be displayed in the application and sent to the indicated email address or mobile phone. This can be used, for example, to set an alarm when high engine rpm is detected at low vehicle speed, which indicates a very rapid start or exceeded defined speed. An alarm informing of departure of a company vehicle on a day off work over a distance of more than 30 kilometres can also be very useful.<\/p>\n<p style=\"text-align: justify;\"><strong>Increased safety of employees and vehicles<\/strong><\/p>\n<p style=\"text-align: justify;\">Safety Driving is becoming a more and more common concept. The function detecting rapid acceleration, decelerations and excessive speed with much precision can be used for introducing mechanisms that promote safe driving.<\/p>\n<p style=\"text-align: justify;\">Accident rates in individual companies vary significantly. Increasing focus has been recently put on the improvement of travel safety.<\/p>\n<p style=\"text-align: justify;\"><strong>Fuel consumption optimisation &#8211; Eco-driving<\/strong><\/p>\n<p style=\"text-align: justify;\">In addition to typical location measurements, SATIS system also allows for accurate detection of aggressive, and therefore inefficient and dangerous, driving. This is done by detecting any sudden accelerations, decelerations, high engine speed and excessive driving speed.<\/p>\n","protected":false},"excerpt":{"rendered":"<p>Fleet management Automation of maintenance processes Vehicle fleet management involves the need to monitor a number of parameters that determine the operational capacity of vehicles. Most common of them are the dates of servicing, inspections, insurance, and replacement of parts. Due to the fact that the SATIS system has the option to check the vehicle &hellip; <\/p>\n<p class=\"link-more\"><a href=\"https:\/\/www.satisgps.com\/en\/business-applications\/light-vehicle-fleets\/fleet-management\/\" class=\"more-link\">Continue reading<span class=\"screen-reader-text\"> &#8220;Fleet management&#8221;<\/span><\/a><\/p>\n","protected":false},"author":13,"featured_media":5082,"parent":2562,"menu_order":0,"comment_status":"closed","ping_status":"closed","template":"","meta":{"_acf_changed":false,"footnotes":""},"class_list":["post-2578","page","type-page","status-publish","has-post-thumbnail","hentry"],"acf":[],"yoast_head":"<!-- This site is optimized with the Yoast SEO plugin v26.5 - https:\/\/yoast.com\/wordpress\/plugins\/seo\/ -->\n<title>Fleet management - SATIS GPS<\/title>\n<meta name=\"description\" content=\"SATIS GPS \u27a4 Fleet management \u2714\ufe0f Monitoring pojazd\u00f3w \u2714\ufe0f Kontrola zu\u017cycia paliwa \u2714\ufe0f Lokalizatory \u2b50 Sprawd\u017a!\" \/>\n<meta name=\"robots\" content=\"index, follow, max-snippet:-1, max-image-preview:large, max-video-preview:-1\" \/>\n<link rel=\"canonical\" href=\"https:\/\/www.satisgps.com\/en\/business-applications\/light-vehicle-fleets\/fleet-management\/\" \/>\n<meta property=\"og:locale\" content=\"en_US\" \/>\n<meta property=\"og:type\" content=\"article\" \/>\n<meta property=\"og:title\" content=\"Fleet management - SATIS GPS\" \/>\n<meta property=\"og:description\" content=\"SATIS GPS \u27a4 Fleet management \u2714\ufe0f Monitoring pojazd\u00f3w \u2714\ufe0f Kontrola zu\u017cycia paliwa \u2714\ufe0f Lokalizatory \u2b50 Sprawd\u017a!\" \/>\n<meta property=\"og:url\" content=\"https:\/\/www.satisgps.com\/en\/business-applications\/light-vehicle-fleets\/fleet-management\/\" \/>\n<meta property=\"og:site_name\" content=\"SATIS GPS\" \/>\n<meta property=\"article:modified_time\" content=\"2020-01-08T09:09:58+00:00\" \/>\n<meta property=\"og:image\" content=\"https:\/\/www.satisgps.com\/wp-content\/uploads\/2019\/12\/CFM04.png\" \/>\n\t<meta property=\"og:image:width\" content=\"1920\" \/>\n\t<meta property=\"og:image:height\" content=\"865\" \/>\n\t<meta property=\"og:image:type\" content=\"image\/png\" \/>\n<meta name=\"twitter:card\" content=\"summary_large_image\" \/>\n<meta name=\"twitter:label1\" content=\"Est. reading time\" \/>\n\t<meta name=\"twitter:data1\" content=\"3 minutes\" \/>\n<script type=\"application\/ld+json\" class=\"yoast-schema-graph\">{\"@context\":\"https:\/\/schema.org\",\"@graph\":[{\"@type\":\"WebPage\",\"@id\":\"https:\/\/www.satisgps.com\/en\/business-applications\/light-vehicle-fleets\/fleet-management\/\",\"url\":\"https:\/\/www.satisgps.com\/en\/business-applications\/light-vehicle-fleets\/fleet-management\/\",\"name\":\"Fleet management - SATIS GPS\",\"isPartOf\":{\"@id\":\"https:\/\/www.satisgps.com\/#website\"},\"primaryImageOfPage\":{\"@id\":\"https:\/\/www.satisgps.com\/en\/business-applications\/light-vehicle-fleets\/fleet-management\/#primaryimage\"},\"image\":{\"@id\":\"https:\/\/www.satisgps.com\/en\/business-applications\/light-vehicle-fleets\/fleet-management\/#primaryimage\"},\"thumbnailUrl\":\"https:\/\/www.satisgps.com\/wp-content\/uploads\/2019\/12\/CFM04.png\",\"datePublished\":\"2015-04-01T13:03:07+00:00\",\"dateModified\":\"2020-01-08T09:09:58+00:00\",\"description\":\"SATIS GPS \u27a4 Fleet management \u2714\ufe0f Monitoring pojazd\u00f3w \u2714\ufe0f Kontrola zu\u017cycia paliwa \u2714\ufe0f Lokalizatory \u2b50 Sprawd\u017a!\",\"breadcrumb\":{\"@id\":\"https:\/\/www.satisgps.com\/en\/business-applications\/light-vehicle-fleets\/fleet-management\/#breadcrumb\"},\"inLanguage\":\"en-US\",\"potentialAction\":[{\"@type\":\"ReadAction\",\"target\":[\"https:\/\/www.satisgps.com\/en\/business-applications\/light-vehicle-fleets\/fleet-management\/\"]}]},{\"@type\":\"ImageObject\",\"inLanguage\":\"en-US\",\"@id\":\"https:\/\/www.satisgps.com\/en\/business-applications\/light-vehicle-fleets\/fleet-management\/#primaryimage\",\"url\":\"https:\/\/www.satisgps.com\/wp-content\/uploads\/2019\/12\/CFM04.png\",\"contentUrl\":\"https:\/\/www.satisgps.com\/wp-content\/uploads\/2019\/12\/CFM04.png\",\"width\":1920,\"height\":865,\"caption\":\"Zarz\u0105dzanie flot\u0105 samochodow\u0105\"},{\"@type\":\"BreadcrumbList\",\"@id\":\"https:\/\/www.satisgps.com\/en\/business-applications\/light-vehicle-fleets\/fleet-management\/#breadcrumb\",\"itemListElement\":[{\"@type\":\"ListItem\",\"position\":1,\"name\":\"Monitoring floty\",\"item\":\"https:\/\/www.satisgps.com\/en\/\"},{\"@type\":\"ListItem\",\"position\":2,\"name\":\"Business applications\",\"item\":\"https:\/\/www.satisgps.com\/en\/business-applications\/\"},{\"@type\":\"ListItem\",\"position\":3,\"name\":\"Light vehicle fleets\",\"item\":\"https:\/\/www.satisgps.com\/en\/business-applications\/light-vehicle-fleets\/\"},{\"@type\":\"ListItem\",\"position\":4,\"name\":\"Fleet management\",\"item\":\"https:\/\/www.satisgps.com\/en\/wp-json\/wp\/v2\/pages\/2578\"}]},{\"@type\":\"WebSite\",\"@id\":\"https:\/\/www.satisgps.com\/#website\",\"url\":\"https:\/\/www.satisgps.com\/\",\"name\":\"SATIS GPS\",\"description\":\"System zarz\u0105dzania flot\u0105 i monitoring GPS pojazd\u00f3w\",\"publisher\":{\"@id\":\"https:\/\/www.satisgps.com\/#organization\"},\"potentialAction\":[{\"@type\":\"SearchAction\",\"target\":{\"@type\":\"EntryPoint\",\"urlTemplate\":\"https:\/\/www.satisgps.com\/?s={search_term_string}\"},\"query-input\":{\"@type\":\"PropertyValueSpecification\",\"valueRequired\":true,\"valueName\":\"search_term_string\"}}],\"inLanguage\":\"en-US\"},{\"@type\":\"Organization\",\"@id\":\"https:\/\/www.satisgps.com\/#organization\",\"name\":\"SATIS GPS\",\"url\":\"https:\/\/www.satisgps.com\/\",\"logo\":{\"@type\":\"ImageObject\",\"inLanguage\":\"en-US\",\"@id\":\"https:\/\/www.satisgps.com\/#\/schema\/logo\/image\/\",\"url\":\"https:\/\/www.satisgps.com\/wp-content\/uploads\/2015\/03\/logo-satis.png\",\"contentUrl\":\"https:\/\/www.satisgps.com\/wp-content\/uploads\/2015\/03\/logo-satis.png\",\"width\":146,\"height\":50,\"caption\":\"SATIS GPS\"},\"image\":{\"@id\":\"https:\/\/www.satisgps.com\/#\/schema\/logo\/image\/\"}}]}<\/script>\n<!-- \/ Yoast SEO plugin. -->","yoast_head_json":{"title":"Fleet management - SATIS GPS","description":"SATIS GPS \u27a4 Fleet management \u2714\ufe0f Monitoring pojazd\u00f3w \u2714\ufe0f Kontrola zu\u017cycia paliwa \u2714\ufe0f Lokalizatory \u2b50 Sprawd\u017a!","robots":{"index":"index","follow":"follow","max-snippet":"max-snippet:-1","max-image-preview":"max-image-preview:large","max-video-preview":"max-video-preview:-1"},"canonical":"https:\/\/www.satisgps.com\/en\/business-applications\/light-vehicle-fleets\/fleet-management\/","og_locale":"en_US","og_type":"article","og_title":"Fleet management - SATIS GPS","og_description":"SATIS GPS \u27a4 Fleet management \u2714\ufe0f Monitoring pojazd\u00f3w \u2714\ufe0f Kontrola zu\u017cycia paliwa \u2714\ufe0f Lokalizatory \u2b50 Sprawd\u017a!","og_url":"https:\/\/www.satisgps.com\/en\/business-applications\/light-vehicle-fleets\/fleet-management\/","og_site_name":"SATIS GPS","article_modified_time":"2020-01-08T09:09:58+00:00","og_image":[{"width":1920,"height":865,"url":"https:\/\/www.satisgps.com\/wp-content\/uploads\/2019\/12\/CFM04.png","type":"image\/png"}],"twitter_card":"summary_large_image","twitter_misc":{"Est. reading time":"3 minutes"},"schema":{"@context":"https:\/\/schema.org","@graph":[{"@type":"WebPage","@id":"https:\/\/www.satisgps.com\/en\/business-applications\/light-vehicle-fleets\/fleet-management\/","url":"https:\/\/www.satisgps.com\/en\/business-applications\/light-vehicle-fleets\/fleet-management\/","name":"Fleet management - SATIS GPS","isPartOf":{"@id":"https:\/\/www.satisgps.com\/#website"},"primaryImageOfPage":{"@id":"https:\/\/www.satisgps.com\/en\/business-applications\/light-vehicle-fleets\/fleet-management\/#primaryimage"},"image":{"@id":"https:\/\/www.satisgps.com\/en\/business-applications\/light-vehicle-fleets\/fleet-management\/#primaryimage"},"thumbnailUrl":"https:\/\/www.satisgps.com\/wp-content\/uploads\/2019\/12\/CFM04.png","datePublished":"2015-04-01T13:03:07+00:00","dateModified":"2020-01-08T09:09:58+00:00","description":"SATIS GPS \u27a4 Fleet management \u2714\ufe0f Monitoring pojazd\u00f3w \u2714\ufe0f Kontrola zu\u017cycia paliwa \u2714\ufe0f Lokalizatory \u2b50 Sprawd\u017a!","breadcrumb":{"@id":"https:\/\/www.satisgps.com\/en\/business-applications\/light-vehicle-fleets\/fleet-management\/#breadcrumb"},"inLanguage":"en-US","potentialAction":[{"@type":"ReadAction","target":["https:\/\/www.satisgps.com\/en\/business-applications\/light-vehicle-fleets\/fleet-management\/"]}]},{"@type":"ImageObject","inLanguage":"en-US","@id":"https:\/\/www.satisgps.com\/en\/business-applications\/light-vehicle-fleets\/fleet-management\/#primaryimage","url":"https:\/\/www.satisgps.com\/wp-content\/uploads\/2019\/12\/CFM04.png","contentUrl":"https:\/\/www.satisgps.com\/wp-content\/uploads\/2019\/12\/CFM04.png","width":1920,"height":865,"caption":"Zarz\u0105dzanie flot\u0105 samochodow\u0105"},{"@type":"BreadcrumbList","@id":"https:\/\/www.satisgps.com\/en\/business-applications\/light-vehicle-fleets\/fleet-management\/#breadcrumb","itemListElement":[{"@type":"ListItem","position":1,"name":"Monitoring floty","item":"https:\/\/www.satisgps.com\/en\/"},{"@type":"ListItem","position":2,"name":"Business applications","item":"https:\/\/www.satisgps.com\/en\/business-applications\/"},{"@type":"ListItem","position":3,"name":"Light vehicle fleets","item":"https:\/\/www.satisgps.com\/en\/business-applications\/light-vehicle-fleets\/"},{"@type":"ListItem","position":4,"name":"Fleet management","item":"https:\/\/www.satisgps.com\/en\/wp-json\/wp\/v2\/pages\/2578"}]},{"@type":"WebSite","@id":"https:\/\/www.satisgps.com\/#website","url":"https:\/\/www.satisgps.com\/","name":"SATIS GPS","description":"System zarz\u0105dzania flot\u0105 i monitoring GPS pojazd\u00f3w","publisher":{"@id":"https:\/\/www.satisgps.com\/#organization"},"potentialAction":[{"@type":"SearchAction","target":{"@type":"EntryPoint","urlTemplate":"https:\/\/www.satisgps.com\/?s={search_term_string}"},"query-input":{"@type":"PropertyValueSpecification","valueRequired":true,"valueName":"search_term_string"}}],"inLanguage":"en-US"},{"@type":"Organization","@id":"https:\/\/www.satisgps.com\/#organization","name":"SATIS GPS","url":"https:\/\/www.satisgps.com\/","logo":{"@type":"ImageObject","inLanguage":"en-US","@id":"https:\/\/www.satisgps.com\/#\/schema\/logo\/image\/","url":"https:\/\/www.satisgps.com\/wp-content\/uploads\/2015\/03\/logo-satis.png","contentUrl":"https:\/\/www.satisgps.com\/wp-content\/uploads\/2015\/03\/logo-satis.png","width":146,"height":50,"caption":"SATIS GPS"},"image":{"@id":"https:\/\/www.satisgps.com\/#\/schema\/logo\/image\/"}}]}},"_links":{"self":[{"href":"https:\/\/www.satisgps.com\/en\/wp-json\/wp\/v2\/pages\/2578","targetHints":{"allow":["GET"]}}],"collection":[{"href":"https:\/\/www.satisgps.com\/en\/wp-json\/wp\/v2\/pages"}],"about":[{"href":"https:\/\/www.satisgps.com\/en\/wp-json\/wp\/v2\/types\/page"}],"author":[{"embeddable":true,"href":"https:\/\/www.satisgps.com\/en\/wp-json\/wp\/v2\/users\/13"}],"replies":[{"embeddable":true,"href":"https:\/\/www.satisgps.com\/en\/wp-json\/wp\/v2\/comments?post=2578"}],"version-history":[{"count":3,"href":"https:\/\/www.satisgps.com\/en\/wp-json\/wp\/v2\/pages\/2578\/revisions"}],"predecessor-version":[{"id":5303,"href":"https:\/\/www.satisgps.com\/en\/wp-json\/wp\/v2\/pages\/2578\/revisions\/5303"}],"up":[{"embeddable":true,"href":"https:\/\/www.satisgps.com\/en\/wp-json\/wp\/v2\/pages\/2562"}],"wp:featuredmedia":[{"embeddable":true,"href":"https:\/\/www.satisgps.com\/en\/wp-json\/wp\/v2\/media\/5082"}],"wp:attachment":[{"href":"https:\/\/www.satisgps.com\/en\/wp-json\/wp\/v2\/media?parent=2578"}],"curies":[{"name":"wp","href":"https:\/\/api.w.org\/{rel}","templated":true}]}}