{"id":2581,"date":"2015-03-31T08:52:47","date_gmt":"2015-03-31T08:52:47","guid":{"rendered":"http:\/\/www.satisgps.com\/business-applications\/floty-ciezkie\/"},"modified":"2024-08-30T14:33:39","modified_gmt":"2024-08-30T12:33:39","slug":"heavy-vehicle-fleets","status":"publish","type":"page","link":"https:\/\/www.satisgps.com\/en\/business-applications\/heavy-vehicle-fleets\/","title":{"rendered":"Heavy vehicle fleets"},"content":{"rendered":"<h1 style=\"font-size: 220%;\"><span style=\"color: #e9651f;\">Monitoring pojazd\u00f3w i samochod\u00f3w ci\u0119\u017carowych<\/span><\/h1>\n<p style=\"text-align: justify;\">Wsparcie obs\u0142ugi logistycznej w transporcie ci\u0119\u017ckim wymaga zastosowania skomplikowanych, a zarazem wytrzyma\u0142ych urz\u0105dze\u0144 najwy\u017cszej klasy, kt\u00f3re maj\u0105 szeroki wachlarz mo\u017cliwo\u015bci ci\u0105g\u0142ego odczytu, zapisu i transferu danych do systemu. <strong>Monitoring pojazd\u00f3w ci\u0119\u017carowych pozwala na pe\u0142n\u0105 kontrol\u0119 floty pojazd\u00f3w<\/strong>. Dzi\u0119ki temu w \u0142atwy i szybki spos\u00f3b mo\u017cna sprawdza\u0107 kluczowe informacje, takie jak na przyk\u0142ad: lokalizacja, czyli GPS online, czas pracy kierowc\u00f3w oraz poziom paliwa. System pozwala na rejestracj\u0119 kluczowych parametr\u00f3w eksploatacyjnych maszyn ci\u0119\u017ckich. Dzi\u0119ki tej funkcjonalno\u015bci u\u017cytkownik ma sta\u0142y dost\u0119p do aktualnych danych, dzi\u0119ki czemu na bie\u017c\u0105co kontroluje koszty zwi\u0105zane z flot\u0105.<\/p>\n<p style=\"text-align: justify;\">System SATIS stanowi narz\u0119dzie usprawniaj\u0105ce prac\u0119 firm z bran\u017cy logistycznej i transportowej na wielu p\u0142aszczyznach. Wdro\u017cenie systemu mo\u017ce przyczyni\u0107 si\u0119 do uzyskania szeregu korzy\u015bci w realizacji proces\u00f3w transportowych i logistycznych.<\/p>\n<h2><span style=\"color: #e9651f;\">Bezpiecze\u0144stwo przewo\u017conych towar\u00f3w &#8211; geolokalizacja floty pojazd\u00f3w ci\u0119\u017carowych<\/span><\/h2>\n<p style=\"text-align: justify;\">Dzi\u0119ki zastosowaniu technologii GPS online, system SATIS zapewnia bezpiecze\u0144stwo nie tylko pojazdom, ale tak\u017ce przewo\u017conym towarom. Zaawansowane systemy telematyczne posiadaj\u0105 r\u00f3\u017cnorodne funkcjonalno\u015bci, wykorzystywane do zapewnienia bezpiecze\u0144stwa w trakcie jazdy. <strong>Ca\u0142odobowy dost\u0119p online do aktualnej lokalizacji danego pojazdu z \u0142adunkiem<\/strong>, jest podstawow\u0105 informacj\u0105 wykorzystywan\u0105 w trakcie planowania oraz realizacji us\u0142ug logistycznych i stanowi \u017ar\u00f3d\u0142o informacji wykorzystywane przy planowaniu kolejnych tras.<\/p>\n<p style=\"text-align: justify;\">\u00a0<\/p>\n\n<div class=\"login-holder\" style=\"text-align: center;\">\n<a title=\"Kliknij aby przej\u015b\u0107 do formularza kontaktowego\" href=\"\/kontakt\/\"\" target=\"_blank\" class=\"login-button\" rel=\"noopener\">Skontaktuj si\u0119 z nami<\/a>\n<\/div>\n\n<p style=\"text-align: justify;\">\u00a0<\/p>\n<h2><span style=\"color: #e9651f;\">Odczyt danych z tachografu cyfrowego &#8211; monitoring samochod\u00f3w ci\u0119\u017carowych<\/span><\/h2>\n<p style=\"text-align: justify;\">System SATIS daje mo\u017cliwo\u015b\u0107 automatycznego pobierania danych z tachografu cyfrowego i karty kierowcy. Bie\u017c\u0105cy status tachografu prezentowany jest w systemie, w czasie rzeczywistym. <strong>Pozwala to na szybk\u0105 weryfikacj\u0119 prawid\u0142owo\u015bci pracy pojazdu, umo\u017cliwia wykrycie nieprawid\u0142owego dzia\u0142ania tachografu lub pr\u00f3by manipulacji jego zapisami<\/strong>. Dane archiwalne dost\u0119pne s\u0105 w raportach, w postaci zestawie\u0144 liczbowych i na wykresach.<\/p>\n<p style=\"text-align: justify;\">Pobieranie danych odbywa si\u0119 zdalnie na \u017c\u0105danie, i nie wymaga konieczno\u015bci postoj\u00f3w oraz po\u015brednictwa dodatkowych urz\u0105dze\u0144. Zadaniem kierowcy jest wy\u0142\u0105cznie umieszczenie osobistej karty w obs\u0142ugiwanym urz\u0105dzeniu cyfrowym. Szyfrowane dane przenoszone s\u0105 bezpo\u015brednio do serwera, tym samym zapewniaj\u0105c zgodno\u015b\u0107 i terminowo\u015b\u0107 danych z obowi\u0105zuj\u0105cymi przepisami.<\/p>\n<h2><span style=\"color: #e9651f;\">Monitoring ci\u0119\u017car\u00f3wek &#8211; analiza gospodarki paliwowej<\/span><\/h2>\n<p style=\"text-align: justify;\">Rozwi\u0105zania GPS online oferuj\u0105 zaawansowany modu\u0142 analizy gospodarki paliwowej. <strong>Pozwalaj\u0105 one obliczy\u0107 r\u00f3\u017cnic\u0119 pomi\u0119dzy rzeczywist\u0105 ilo\u015bci\u0105 zatankowanego do zbiornika paliwa, a ilo\u015bci\u0105 zadeklarowan\u0105 na billingu, wskazuj\u0105c potencjalne nadu\u017cycie<\/strong>. Wykryte tankowania, b\u0105d\u017a nieprawid\u0142owo\u015bci, prezentowane s\u0105 w czytelnych i dok\u0142adnych raportach wraz z przybli\u017conym czasem ich wyst\u0105pienia. Zastosowanie tego typu rozwi\u0105za\u0144 ma realny wp\u0142yw na popraw\u0119 jako\u015bci zarz\u0105dzania flot\u0105 oraz przyczynia si\u0119 do zmniejszenia ponoszonych koszt\u00f3w.<\/p>\n<h2><span style=\"color: #e9651f;\">Monitoring pojazd\u00f3w ci\u0119\u017carowych z SATIS GPS<\/span><\/h2>\n<p style=\"text-align: justify;\">Reasumuj\u0105c, wykorzystanie naszych urz\u0105dze\u0144 do lokalizacji pojazd\u00f3w ci\u0119\u017carowych nie tylko pozwala na ich monitoring, ale r\u00f3wnie\u017c na skuteczne<a href=\"\/zarzadzanie-flota-samochodowa-satis-cfm\/\"> zarz\u0105dzanie flot\u0105 samochodow\u0105<\/a>. W praktyce oznacza to <strong>du\u017ce oszcz\u0119dno\u015bci<\/strong> &#8211; dzi\u0119ki precyzyjnym danym o lokalizacji pojazdu, mo\u017cemy zaoferowa\u0107 tak\u0105 opcj\u0119 jak <a href=\"\/satis-gps\/optymalizacja_tras\/\">optymalizacja tras przejazdu<\/a>, kt\u00f3ra skutkuje obni\u017ceniem koszt\u00f3w paliwa i eksploatacji pojazd\u00f3w.<\/p>\n<p style=\"text-align: justify;\">Monitoring samochod\u00f3w ci\u0119\u017carowych to jednak nie wszystko. Nasze us\u0142ugi stanowi r\u00f3wnie\u017c:<\/p>\n<ul>\n<li><a href=\"\/zastosowania-biznesowe\/floty-ciezkie\/transport-i-logistyka\/\">Transport i logistyka<\/a><\/li>\n<li><a href=\"\/zastosowania-biznesowe\/floty-ciezkie\/lokalizacja-online\/\">Lokalizacja online<\/a><\/li>\n<li><a href=\"\/zastosowania-biznesowe\/floty-ciezkie\/modul-zarzadczy\/\">Modu\u0142 zarz\u0105dczy<\/a><\/li>\n<li><a href=\"\/zastosowania-biznesowe\/floty-ciezkie\/monitoring-przyczep\/\">Monitoring naczep i przyczep<\/a><\/li>\n<li><a href=\"\/zastosowania-biznesowe\/floty-ciezkie\/monitoring-kontenerow\/\">Monitoring kontener\u00f3w<\/a><\/li>\n<\/ul>\n<p style=\"text-align: justify;\">Je\u017celi szukasz pewnego i skutecznego rozwi\u0105zania dla swojej floty ci\u0119\u017carowej, skontaktuj si\u0119 z nami. SATIS GPS to solidny partner, oferuj\u0105cy najnowocze\u015bniejsze technologie oraz profesjonalne wsparcie.<\/p>\n<p style=\"text-align: justify;\">Kontroluj swoj\u0105 flot\u0119 w realnym czasie i optymalizuj procesy logistyczne &#8211; zaufaj ekspertom!<\/p>\n","protected":false},"excerpt":{"rendered":"<p>Monitoring pojazd\u00f3w i samochod\u00f3w ci\u0119\u017carowych Wsparcie obs\u0142ugi logistycznej w transporcie ci\u0119\u017ckim wymaga zastosowania skomplikowanych, a zarazem wytrzyma\u0142ych urz\u0105dze\u0144 najwy\u017cszej klasy, kt\u00f3re maj\u0105 szeroki wachlarz mo\u017cliwo\u015bci ci\u0105g\u0142ego odczytu, zapisu i transferu danych do systemu. Monitoring pojazd\u00f3w ci\u0119\u017carowych pozwala na pe\u0142n\u0105 kontrol\u0119 floty pojazd\u00f3w. Dzi\u0119ki temu w \u0142atwy i szybki spos\u00f3b mo\u017cna sprawdza\u0107 kluczowe informacje, takie jak &hellip; <\/p>\n<p class=\"link-more\"><a href=\"https:\/\/www.satisgps.com\/en\/business-applications\/heavy-vehicle-fleets\/\" class=\"more-link\">Continue reading<span class=\"screen-reader-text\"> &#8220;Heavy vehicle fleets&#8221;<\/span><\/a><\/p>\n","protected":false},"author":13,"featured_media":5237,"parent":2560,"menu_order":0,"comment_status":"closed","ping_status":"closed","template":"","meta":{"_acf_changed":false,"footnotes":""},"class_list":["post-2581","page","type-page","status-publish","has-post-thumbnail","hentry"],"acf":[],"yoast_head":"<!-- This site is optimized with the Yoast SEO plugin v26.5 - https:\/\/yoast.com\/wordpress\/plugins\/seo\/ -->\n<title>Heavy vehicle fleets - SATIS GPS<\/title>\n<meta name=\"description\" content=\"SATIS GPS \u27a4 Heavy vehicle fleets \u2714\ufe0f Monitoring pojazd\u00f3w \u2714\ufe0f Kontrola zu\u017cycia paliwa \u2714\ufe0f Lokalizatory \u2b50 Sprawd\u017a!\" \/>\n<meta name=\"robots\" content=\"index, follow, max-snippet:-1, max-image-preview:large, max-video-preview:-1\" \/>\n<link rel=\"canonical\" href=\"https:\/\/www.satisgps.com\/en\/business-applications\/heavy-vehicle-fleets\/\" \/>\n<meta property=\"og:locale\" content=\"en_US\" \/>\n<meta property=\"og:type\" content=\"article\" \/>\n<meta property=\"og:title\" content=\"Heavy vehicle fleets - SATIS GPS\" \/>\n<meta property=\"og:description\" content=\"SATIS GPS \u27a4 Heavy vehicle fleets \u2714\ufe0f Monitoring pojazd\u00f3w \u2714\ufe0f Kontrola zu\u017cycia paliwa \u2714\ufe0f Lokalizatory \u2b50 Sprawd\u017a!\" \/>\n<meta property=\"og:url\" content=\"https:\/\/www.satisgps.com\/en\/business-applications\/heavy-vehicle-fleets\/\" \/>\n<meta property=\"og:site_name\" content=\"SATIS GPS\" \/>\n<meta property=\"article:modified_time\" content=\"2024-08-30T12:33:39+00:00\" \/>\n<meta property=\"og:image\" content=\"https:\/\/www.satisgps.com\/wp-content\/uploads\/2019\/12\/Floty-ciezkie03.png\" \/>\n\t<meta property=\"og:image:width\" content=\"1920\" \/>\n\t<meta property=\"og:image:height\" content=\"865\" \/>\n\t<meta property=\"og:image:type\" content=\"image\/png\" \/>\n<meta name=\"twitter:card\" content=\"summary_large_image\" \/>\n<meta name=\"twitter:label1\" content=\"Est. reading time\" \/>\n\t<meta name=\"twitter:data1\" content=\"1 minute\" \/>\n<script type=\"application\/ld+json\" class=\"yoast-schema-graph\">{\"@context\":\"https:\/\/schema.org\",\"@graph\":[{\"@type\":\"WebPage\",\"@id\":\"https:\/\/www.satisgps.com\/en\/business-applications\/heavy-vehicle-fleets\/\",\"url\":\"https:\/\/www.satisgps.com\/en\/business-applications\/heavy-vehicle-fleets\/\",\"name\":\"Heavy vehicle fleets - SATIS GPS\",\"isPartOf\":{\"@id\":\"https:\/\/www.satisgps.com\/#website\"},\"primaryImageOfPage\":{\"@id\":\"https:\/\/www.satisgps.com\/en\/business-applications\/heavy-vehicle-fleets\/#primaryimage\"},\"image\":{\"@id\":\"https:\/\/www.satisgps.com\/en\/business-applications\/heavy-vehicle-fleets\/#primaryimage\"},\"thumbnailUrl\":\"https:\/\/www.satisgps.com\/wp-content\/uploads\/2019\/12\/Floty-ciezkie03.png\",\"datePublished\":\"2015-03-31T08:52:47+00:00\",\"dateModified\":\"2024-08-30T12:33:39+00:00\",\"description\":\"SATIS GPS \u27a4 Heavy vehicle fleets \u2714\ufe0f Monitoring pojazd\u00f3w \u2714\ufe0f Kontrola zu\u017cycia paliwa \u2714\ufe0f Lokalizatory \u2b50 Sprawd\u017a!\",\"breadcrumb\":{\"@id\":\"https:\/\/www.satisgps.com\/en\/business-applications\/heavy-vehicle-fleets\/#breadcrumb\"},\"inLanguage\":\"en-US\",\"potentialAction\":[{\"@type\":\"ReadAction\",\"target\":[\"https:\/\/www.satisgps.com\/en\/business-applications\/heavy-vehicle-fleets\/\"]}]},{\"@type\":\"ImageObject\",\"inLanguage\":\"en-US\",\"@id\":\"https:\/\/www.satisgps.com\/en\/business-applications\/heavy-vehicle-fleets\/#primaryimage\",\"url\":\"https:\/\/www.satisgps.com\/wp-content\/uploads\/2019\/12\/Floty-ciezkie03.png\",\"contentUrl\":\"https:\/\/www.satisgps.com\/wp-content\/uploads\/2019\/12\/Floty-ciezkie03.png\",\"width\":1920,\"height\":865,\"caption\":\"Floty ci\u0119\u017ckie - lokalizacja GPS online\"},{\"@type\":\"BreadcrumbList\",\"@id\":\"https:\/\/www.satisgps.com\/en\/business-applications\/heavy-vehicle-fleets\/#breadcrumb\",\"itemListElement\":[{\"@type\":\"ListItem\",\"position\":1,\"name\":\"Monitoring floty\",\"item\":\"https:\/\/www.satisgps.com\/en\/\"},{\"@type\":\"ListItem\",\"position\":2,\"name\":\"Business applications\",\"item\":\"https:\/\/www.satisgps.com\/en\/business-applications\/\"},{\"@type\":\"ListItem\",\"position\":3,\"name\":\"Heavy vehicle fleets\",\"item\":\"https:\/\/www.satisgps.com\/en\/wp-json\/wp\/v2\/pages\/2581\"}]},{\"@type\":\"WebSite\",\"@id\":\"https:\/\/www.satisgps.com\/#website\",\"url\":\"https:\/\/www.satisgps.com\/\",\"name\":\"SATIS GPS\",\"description\":\"System zarz\u0105dzania flot\u0105 i monitoring GPS pojazd\u00f3w\",\"publisher\":{\"@id\":\"https:\/\/www.satisgps.com\/#organization\"},\"potentialAction\":[{\"@type\":\"SearchAction\",\"target\":{\"@type\":\"EntryPoint\",\"urlTemplate\":\"https:\/\/www.satisgps.com\/?s={search_term_string}\"},\"query-input\":{\"@type\":\"PropertyValueSpecification\",\"valueRequired\":true,\"valueName\":\"search_term_string\"}}],\"inLanguage\":\"en-US\"},{\"@type\":\"Organization\",\"@id\":\"https:\/\/www.satisgps.com\/#organization\",\"name\":\"SATIS GPS\",\"url\":\"https:\/\/www.satisgps.com\/\",\"logo\":{\"@type\":\"ImageObject\",\"inLanguage\":\"en-US\",\"@id\":\"https:\/\/www.satisgps.com\/#\/schema\/logo\/image\/\",\"url\":\"https:\/\/www.satisgps.com\/wp-content\/uploads\/2015\/03\/logo-satis.png\",\"contentUrl\":\"https:\/\/www.satisgps.com\/wp-content\/uploads\/2015\/03\/logo-satis.png\",\"width\":146,\"height\":50,\"caption\":\"SATIS GPS\"},\"image\":{\"@id\":\"https:\/\/www.satisgps.com\/#\/schema\/logo\/image\/\"}}]}<\/script>\n<!-- \/ Yoast SEO plugin. -->","yoast_head_json":{"title":"Heavy vehicle fleets - SATIS GPS","description":"SATIS GPS \u27a4 Heavy vehicle fleets \u2714\ufe0f Monitoring pojazd\u00f3w \u2714\ufe0f Kontrola zu\u017cycia paliwa \u2714\ufe0f Lokalizatory \u2b50 Sprawd\u017a!","robots":{"index":"index","follow":"follow","max-snippet":"max-snippet:-1","max-image-preview":"max-image-preview:large","max-video-preview":"max-video-preview:-1"},"canonical":"https:\/\/www.satisgps.com\/en\/business-applications\/heavy-vehicle-fleets\/","og_locale":"en_US","og_type":"article","og_title":"Heavy vehicle fleets - SATIS GPS","og_description":"SATIS GPS \u27a4 Heavy vehicle fleets \u2714\ufe0f Monitoring pojazd\u00f3w \u2714\ufe0f Kontrola zu\u017cycia paliwa \u2714\ufe0f Lokalizatory \u2b50 Sprawd\u017a!","og_url":"https:\/\/www.satisgps.com\/en\/business-applications\/heavy-vehicle-fleets\/","og_site_name":"SATIS GPS","article_modified_time":"2024-08-30T12:33:39+00:00","og_image":[{"width":1920,"height":865,"url":"https:\/\/www.satisgps.com\/wp-content\/uploads\/2019\/12\/Floty-ciezkie03.png","type":"image\/png"}],"twitter_card":"summary_large_image","twitter_misc":{"Est. reading time":"1 minute"},"schema":{"@context":"https:\/\/schema.org","@graph":[{"@type":"WebPage","@id":"https:\/\/www.satisgps.com\/en\/business-applications\/heavy-vehicle-fleets\/","url":"https:\/\/www.satisgps.com\/en\/business-applications\/heavy-vehicle-fleets\/","name":"Heavy vehicle fleets - SATIS GPS","isPartOf":{"@id":"https:\/\/www.satisgps.com\/#website"},"primaryImageOfPage":{"@id":"https:\/\/www.satisgps.com\/en\/business-applications\/heavy-vehicle-fleets\/#primaryimage"},"image":{"@id":"https:\/\/www.satisgps.com\/en\/business-applications\/heavy-vehicle-fleets\/#primaryimage"},"thumbnailUrl":"https:\/\/www.satisgps.com\/wp-content\/uploads\/2019\/12\/Floty-ciezkie03.png","datePublished":"2015-03-31T08:52:47+00:00","dateModified":"2024-08-30T12:33:39+00:00","description":"SATIS GPS \u27a4 Heavy vehicle fleets \u2714\ufe0f Monitoring pojazd\u00f3w \u2714\ufe0f Kontrola zu\u017cycia paliwa \u2714\ufe0f Lokalizatory \u2b50 Sprawd\u017a!","breadcrumb":{"@id":"https:\/\/www.satisgps.com\/en\/business-applications\/heavy-vehicle-fleets\/#breadcrumb"},"inLanguage":"en-US","potentialAction":[{"@type":"ReadAction","target":["https:\/\/www.satisgps.com\/en\/business-applications\/heavy-vehicle-fleets\/"]}]},{"@type":"ImageObject","inLanguage":"en-US","@id":"https:\/\/www.satisgps.com\/en\/business-applications\/heavy-vehicle-fleets\/#primaryimage","url":"https:\/\/www.satisgps.com\/wp-content\/uploads\/2019\/12\/Floty-ciezkie03.png","contentUrl":"https:\/\/www.satisgps.com\/wp-content\/uploads\/2019\/12\/Floty-ciezkie03.png","width":1920,"height":865,"caption":"Floty ci\u0119\u017ckie - lokalizacja GPS online"},{"@type":"BreadcrumbList","@id":"https:\/\/www.satisgps.com\/en\/business-applications\/heavy-vehicle-fleets\/#breadcrumb","itemListElement":[{"@type":"ListItem","position":1,"name":"Monitoring floty","item":"https:\/\/www.satisgps.com\/en\/"},{"@type":"ListItem","position":2,"name":"Business applications","item":"https:\/\/www.satisgps.com\/en\/business-applications\/"},{"@type":"ListItem","position":3,"name":"Heavy vehicle fleets","item":"https:\/\/www.satisgps.com\/en\/wp-json\/wp\/v2\/pages\/2581"}]},{"@type":"WebSite","@id":"https:\/\/www.satisgps.com\/#website","url":"https:\/\/www.satisgps.com\/","name":"SATIS GPS","description":"System zarz\u0105dzania flot\u0105 i monitoring GPS pojazd\u00f3w","publisher":{"@id":"https:\/\/www.satisgps.com\/#organization"},"potentialAction":[{"@type":"SearchAction","target":{"@type":"EntryPoint","urlTemplate":"https:\/\/www.satisgps.com\/?s={search_term_string}"},"query-input":{"@type":"PropertyValueSpecification","valueRequired":true,"valueName":"search_term_string"}}],"inLanguage":"en-US"},{"@type":"Organization","@id":"https:\/\/www.satisgps.com\/#organization","name":"SATIS GPS","url":"https:\/\/www.satisgps.com\/","logo":{"@type":"ImageObject","inLanguage":"en-US","@id":"https:\/\/www.satisgps.com\/#\/schema\/logo\/image\/","url":"https:\/\/www.satisgps.com\/wp-content\/uploads\/2015\/03\/logo-satis.png","contentUrl":"https:\/\/www.satisgps.com\/wp-content\/uploads\/2015\/03\/logo-satis.png","width":146,"height":50,"caption":"SATIS GPS"},"image":{"@id":"https:\/\/www.satisgps.com\/#\/schema\/logo\/image\/"}}]}},"_links":{"self":[{"href":"https:\/\/www.satisgps.com\/en\/wp-json\/wp\/v2\/pages\/2581","targetHints":{"allow":["GET"]}}],"collection":[{"href":"https:\/\/www.satisgps.com\/en\/wp-json\/wp\/v2\/pages"}],"about":[{"href":"https:\/\/www.satisgps.com\/en\/wp-json\/wp\/v2\/types\/page"}],"author":[{"embeddable":true,"href":"https:\/\/www.satisgps.com\/en\/wp-json\/wp\/v2\/users\/13"}],"replies":[{"embeddable":true,"href":"https:\/\/www.satisgps.com\/en\/wp-json\/wp\/v2\/comments?post=2581"}],"version-history":[{"count":6,"href":"https:\/\/www.satisgps.com\/en\/wp-json\/wp\/v2\/pages\/2581\/revisions"}],"predecessor-version":[{"id":8052,"href":"https:\/\/www.satisgps.com\/en\/wp-json\/wp\/v2\/pages\/2581\/revisions\/8052"}],"up":[{"embeddable":true,"href":"https:\/\/www.satisgps.com\/en\/wp-json\/wp\/v2\/pages\/2560"}],"wp:featuredmedia":[{"embeddable":true,"href":"https:\/\/www.satisgps.com\/en\/wp-json\/wp\/v2\/media\/5237"}],"wp:attachment":[{"href":"https:\/\/www.satisgps.com\/en\/wp-json\/wp\/v2\/media?parent=2581"}],"curies":[{"name":"wp","href":"https:\/\/api.w.org\/{rel}","templated":true}]}}