{"id":2593,"date":"2015-04-01T12:51:36","date_gmt":"2015-04-01T12:51:36","guid":{"rendered":"http:\/\/www.satisgps.com\/business-applications\/heavy-vehicle-fleets\/modul-zarzadczy\/"},"modified":"2020-01-08T10:13:49","modified_gmt":"2020-01-08T09:13:49","slug":"management-module","status":"publish","type":"page","link":"https:\/\/www.satisgps.com\/en\/business-applications\/heavy-vehicle-fleets\/management-module\/","title":{"rendered":"Management module"},"content":{"rendered":"<h1>Management module<\/h1>\n<p><strong>Route optimisation<\/strong><\/p>\n<p style=\"text-align: justify;\">In advanced implementations of SATIS system, it is possible to launch a module for route optimisation. This is a particularly useful feature when a vehicle must handle multiple loading or unloading points on its route. The route optimization module takes into account the places and time windows for loading or unloading. This makes it easy to plan the engagement of individual vehicles and drivers needed to handle transport orders, so that the transports are as economical as possible.<\/p>\n<p style=\"text-align: justify;\">In the near future, the optimisation module will include a tool that will also optimise the use of the cargo area.<\/p>\n<p style=\"text-align: justify;\"><strong>Timeliness of deliveries and control of transport conditions<\/strong><\/p>\n<p style=\"text-align: justify;\">A standard function of the SATIS system is online monitoring. With monitoring the operator responsible for handling transport processes has the ability to respond immediately to any situations that could lead to delays in deliveries. This helps to improve the quality of Customer service.<\/p>\n<p style=\"text-align: justify;\">In addition, SATIS makes it possible to temporarily (with day and time limits) provide a view of the vehicle that carries out the transport tasks for the Customer. This allows the Customer to prepare for pickup or loading of goods.<\/p>\n<p style=\"text-align: justify;\"><strong>Transport corridors<\/strong><\/p>\n<p style=\"text-align: justify;\">It often happens that for some reason the transport should follow a detailed route. This may be due to safety issues, the conditions of transport on the routes used for carriage. Each time the vehicle leaves the designated corridor, it automatically results in a notification (alert) generated by the SATIS system.<\/p>\n","protected":false},"excerpt":{"rendered":"<p>Management module Route optimisation In advanced implementations of SATIS system, it is possible to launch a module for route optimisation. This is a particularly useful feature when a vehicle must handle multiple loading or unloading points on its route. The route optimization module takes into account the places and time windows for loading or unloading. &hellip; <\/p>\n<p class=\"link-more\"><a href=\"https:\/\/www.satisgps.com\/en\/business-applications\/heavy-vehicle-fleets\/management-module\/\" class=\"more-link\">Continue reading<span class=\"screen-reader-text\"> &#8220;Management module&#8221;<\/span><\/a><\/p>\n","protected":false},"author":13,"featured_media":5237,"parent":2581,"menu_order":0,"comment_status":"closed","ping_status":"closed","template":"","meta":{"_acf_changed":false,"footnotes":""},"class_list":["post-2593","page","type-page","status-publish","has-post-thumbnail","hentry"],"acf":[],"yoast_head":"<!-- This site is optimized with the Yoast SEO plugin v26.5 - https:\/\/yoast.com\/wordpress\/plugins\/seo\/ -->\n<title>Management module - SATIS GPS<\/title>\n<meta name=\"description\" content=\"SATIS GPS \u27a4 Management module \u2714\ufe0f Monitoring pojazd\u00f3w \u2714\ufe0f Kontrola zu\u017cycia paliwa \u2714\ufe0f Lokalizatory \u2b50 Sprawd\u017a!\" \/>\n<meta name=\"robots\" content=\"index, follow, max-snippet:-1, max-image-preview:large, max-video-preview:-1\" \/>\n<link rel=\"canonical\" href=\"https:\/\/www.satisgps.com\/en\/business-applications\/heavy-vehicle-fleets\/management-module\/\" \/>\n<meta property=\"og:locale\" content=\"en_US\" \/>\n<meta property=\"og:type\" content=\"article\" \/>\n<meta property=\"og:title\" content=\"Management module - SATIS GPS\" \/>\n<meta property=\"og:description\" content=\"SATIS GPS \u27a4 Management module \u2714\ufe0f Monitoring pojazd\u00f3w \u2714\ufe0f Kontrola zu\u017cycia paliwa \u2714\ufe0f Lokalizatory \u2b50 Sprawd\u017a!\" \/>\n<meta property=\"og:url\" content=\"https:\/\/www.satisgps.com\/en\/business-applications\/heavy-vehicle-fleets\/management-module\/\" \/>\n<meta property=\"og:site_name\" content=\"SATIS GPS\" \/>\n<meta property=\"article:modified_time\" content=\"2020-01-08T09:13:49+00:00\" \/>\n<meta property=\"og:image\" content=\"https:\/\/www.satisgps.com\/wp-content\/uploads\/2019\/12\/Floty-ciezkie03.png\" \/>\n\t<meta property=\"og:image:width\" content=\"1920\" \/>\n\t<meta property=\"og:image:height\" content=\"865\" \/>\n\t<meta property=\"og:image:type\" content=\"image\/png\" \/>\n<meta name=\"twitter:card\" content=\"summary_large_image\" \/>\n<meta name=\"twitter:label1\" content=\"Est. reading time\" \/>\n\t<meta name=\"twitter:data1\" content=\"1 minute\" \/>\n<script type=\"application\/ld+json\" class=\"yoast-schema-graph\">{\"@context\":\"https:\/\/schema.org\",\"@graph\":[{\"@type\":\"WebPage\",\"@id\":\"https:\/\/www.satisgps.com\/en\/business-applications\/heavy-vehicle-fleets\/management-module\/\",\"url\":\"https:\/\/www.satisgps.com\/en\/business-applications\/heavy-vehicle-fleets\/management-module\/\",\"name\":\"Management module - SATIS GPS\",\"isPartOf\":{\"@id\":\"https:\/\/www.satisgps.com\/#website\"},\"primaryImageOfPage\":{\"@id\":\"https:\/\/www.satisgps.com\/en\/business-applications\/heavy-vehicle-fleets\/management-module\/#primaryimage\"},\"image\":{\"@id\":\"https:\/\/www.satisgps.com\/en\/business-applications\/heavy-vehicle-fleets\/management-module\/#primaryimage\"},\"thumbnailUrl\":\"https:\/\/www.satisgps.com\/wp-content\/uploads\/2019\/12\/Floty-ciezkie03.png\",\"datePublished\":\"2015-04-01T12:51:36+00:00\",\"dateModified\":\"2020-01-08T09:13:49+00:00\",\"description\":\"SATIS GPS \u27a4 Management module \u2714\ufe0f Monitoring pojazd\u00f3w \u2714\ufe0f Kontrola zu\u017cycia paliwa \u2714\ufe0f Lokalizatory \u2b50 Sprawd\u017a!\",\"breadcrumb\":{\"@id\":\"https:\/\/www.satisgps.com\/en\/business-applications\/heavy-vehicle-fleets\/management-module\/#breadcrumb\"},\"inLanguage\":\"en-US\",\"potentialAction\":[{\"@type\":\"ReadAction\",\"target\":[\"https:\/\/www.satisgps.com\/en\/business-applications\/heavy-vehicle-fleets\/management-module\/\"]}]},{\"@type\":\"ImageObject\",\"inLanguage\":\"en-US\",\"@id\":\"https:\/\/www.satisgps.com\/en\/business-applications\/heavy-vehicle-fleets\/management-module\/#primaryimage\",\"url\":\"https:\/\/www.satisgps.com\/wp-content\/uploads\/2019\/12\/Floty-ciezkie03.png\",\"contentUrl\":\"https:\/\/www.satisgps.com\/wp-content\/uploads\/2019\/12\/Floty-ciezkie03.png\",\"width\":1920,\"height\":865,\"caption\":\"Floty ci\u0119\u017ckie - lokalizacja GPS online\"},{\"@type\":\"BreadcrumbList\",\"@id\":\"https:\/\/www.satisgps.com\/en\/business-applications\/heavy-vehicle-fleets\/management-module\/#breadcrumb\",\"itemListElement\":[{\"@type\":\"ListItem\",\"position\":1,\"name\":\"Monitoring floty\",\"item\":\"https:\/\/www.satisgps.com\/en\/\"},{\"@type\":\"ListItem\",\"position\":2,\"name\":\"Business applications\",\"item\":\"https:\/\/www.satisgps.com\/en\/business-applications\/\"},{\"@type\":\"ListItem\",\"position\":3,\"name\":\"Heavy vehicle fleets\",\"item\":\"https:\/\/www.satisgps.com\/en\/business-applications\/heavy-vehicle-fleets\/\"},{\"@type\":\"ListItem\",\"position\":4,\"name\":\"Management module\",\"item\":\"https:\/\/www.satisgps.com\/en\/wp-json\/wp\/v2\/pages\/2593\"}]},{\"@type\":\"WebSite\",\"@id\":\"https:\/\/www.satisgps.com\/#website\",\"url\":\"https:\/\/www.satisgps.com\/\",\"name\":\"SATIS GPS\",\"description\":\"System zarz\u0105dzania flot\u0105 i monitoring GPS pojazd\u00f3w\",\"publisher\":{\"@id\":\"https:\/\/www.satisgps.com\/#organization\"},\"potentialAction\":[{\"@type\":\"SearchAction\",\"target\":{\"@type\":\"EntryPoint\",\"urlTemplate\":\"https:\/\/www.satisgps.com\/?s={search_term_string}\"},\"query-input\":{\"@type\":\"PropertyValueSpecification\",\"valueRequired\":true,\"valueName\":\"search_term_string\"}}],\"inLanguage\":\"en-US\"},{\"@type\":\"Organization\",\"@id\":\"https:\/\/www.satisgps.com\/#organization\",\"name\":\"SATIS GPS\",\"url\":\"https:\/\/www.satisgps.com\/\",\"logo\":{\"@type\":\"ImageObject\",\"inLanguage\":\"en-US\",\"@id\":\"https:\/\/www.satisgps.com\/#\/schema\/logo\/image\/\",\"url\":\"https:\/\/www.satisgps.com\/wp-content\/uploads\/2015\/03\/logo-satis.png\",\"contentUrl\":\"https:\/\/www.satisgps.com\/wp-content\/uploads\/2015\/03\/logo-satis.png\",\"width\":146,\"height\":50,\"caption\":\"SATIS GPS\"},\"image\":{\"@id\":\"https:\/\/www.satisgps.com\/#\/schema\/logo\/image\/\"}}]}<\/script>\n<!-- \/ Yoast SEO plugin. -->","yoast_head_json":{"title":"Management module - SATIS GPS","description":"SATIS GPS \u27a4 Management module \u2714\ufe0f Monitoring pojazd\u00f3w \u2714\ufe0f Kontrola zu\u017cycia paliwa \u2714\ufe0f Lokalizatory \u2b50 Sprawd\u017a!","robots":{"index":"index","follow":"follow","max-snippet":"max-snippet:-1","max-image-preview":"max-image-preview:large","max-video-preview":"max-video-preview:-1"},"canonical":"https:\/\/www.satisgps.com\/en\/business-applications\/heavy-vehicle-fleets\/management-module\/","og_locale":"en_US","og_type":"article","og_title":"Management module - SATIS GPS","og_description":"SATIS GPS \u27a4 Management module \u2714\ufe0f Monitoring pojazd\u00f3w \u2714\ufe0f Kontrola zu\u017cycia paliwa \u2714\ufe0f Lokalizatory \u2b50 Sprawd\u017a!","og_url":"https:\/\/www.satisgps.com\/en\/business-applications\/heavy-vehicle-fleets\/management-module\/","og_site_name":"SATIS GPS","article_modified_time":"2020-01-08T09:13:49+00:00","og_image":[{"width":1920,"height":865,"url":"https:\/\/www.satisgps.com\/wp-content\/uploads\/2019\/12\/Floty-ciezkie03.png","type":"image\/png"}],"twitter_card":"summary_large_image","twitter_misc":{"Est. reading time":"1 minute"},"schema":{"@context":"https:\/\/schema.org","@graph":[{"@type":"WebPage","@id":"https:\/\/www.satisgps.com\/en\/business-applications\/heavy-vehicle-fleets\/management-module\/","url":"https:\/\/www.satisgps.com\/en\/business-applications\/heavy-vehicle-fleets\/management-module\/","name":"Management module - SATIS GPS","isPartOf":{"@id":"https:\/\/www.satisgps.com\/#website"},"primaryImageOfPage":{"@id":"https:\/\/www.satisgps.com\/en\/business-applications\/heavy-vehicle-fleets\/management-module\/#primaryimage"},"image":{"@id":"https:\/\/www.satisgps.com\/en\/business-applications\/heavy-vehicle-fleets\/management-module\/#primaryimage"},"thumbnailUrl":"https:\/\/www.satisgps.com\/wp-content\/uploads\/2019\/12\/Floty-ciezkie03.png","datePublished":"2015-04-01T12:51:36+00:00","dateModified":"2020-01-08T09:13:49+00:00","description":"SATIS GPS \u27a4 Management module \u2714\ufe0f Monitoring pojazd\u00f3w \u2714\ufe0f Kontrola zu\u017cycia paliwa \u2714\ufe0f Lokalizatory \u2b50 Sprawd\u017a!","breadcrumb":{"@id":"https:\/\/www.satisgps.com\/en\/business-applications\/heavy-vehicle-fleets\/management-module\/#breadcrumb"},"inLanguage":"en-US","potentialAction":[{"@type":"ReadAction","target":["https:\/\/www.satisgps.com\/en\/business-applications\/heavy-vehicle-fleets\/management-module\/"]}]},{"@type":"ImageObject","inLanguage":"en-US","@id":"https:\/\/www.satisgps.com\/en\/business-applications\/heavy-vehicle-fleets\/management-module\/#primaryimage","url":"https:\/\/www.satisgps.com\/wp-content\/uploads\/2019\/12\/Floty-ciezkie03.png","contentUrl":"https:\/\/www.satisgps.com\/wp-content\/uploads\/2019\/12\/Floty-ciezkie03.png","width":1920,"height":865,"caption":"Floty ci\u0119\u017ckie - lokalizacja GPS online"},{"@type":"BreadcrumbList","@id":"https:\/\/www.satisgps.com\/en\/business-applications\/heavy-vehicle-fleets\/management-module\/#breadcrumb","itemListElement":[{"@type":"ListItem","position":1,"name":"Monitoring floty","item":"https:\/\/www.satisgps.com\/en\/"},{"@type":"ListItem","position":2,"name":"Business applications","item":"https:\/\/www.satisgps.com\/en\/business-applications\/"},{"@type":"ListItem","position":3,"name":"Heavy vehicle fleets","item":"https:\/\/www.satisgps.com\/en\/business-applications\/heavy-vehicle-fleets\/"},{"@type":"ListItem","position":4,"name":"Management module","item":"https:\/\/www.satisgps.com\/en\/wp-json\/wp\/v2\/pages\/2593"}]},{"@type":"WebSite","@id":"https:\/\/www.satisgps.com\/#website","url":"https:\/\/www.satisgps.com\/","name":"SATIS GPS","description":"System zarz\u0105dzania flot\u0105 i monitoring GPS pojazd\u00f3w","publisher":{"@id":"https:\/\/www.satisgps.com\/#organization"},"potentialAction":[{"@type":"SearchAction","target":{"@type":"EntryPoint","urlTemplate":"https:\/\/www.satisgps.com\/?s={search_term_string}"},"query-input":{"@type":"PropertyValueSpecification","valueRequired":true,"valueName":"search_term_string"}}],"inLanguage":"en-US"},{"@type":"Organization","@id":"https:\/\/www.satisgps.com\/#organization","name":"SATIS GPS","url":"https:\/\/www.satisgps.com\/","logo":{"@type":"ImageObject","inLanguage":"en-US","@id":"https:\/\/www.satisgps.com\/#\/schema\/logo\/image\/","url":"https:\/\/www.satisgps.com\/wp-content\/uploads\/2015\/03\/logo-satis.png","contentUrl":"https:\/\/www.satisgps.com\/wp-content\/uploads\/2015\/03\/logo-satis.png","width":146,"height":50,"caption":"SATIS GPS"},"image":{"@id":"https:\/\/www.satisgps.com\/#\/schema\/logo\/image\/"}}]}},"_links":{"self":[{"href":"https:\/\/www.satisgps.com\/en\/wp-json\/wp\/v2\/pages\/2593","targetHints":{"allow":["GET"]}}],"collection":[{"href":"https:\/\/www.satisgps.com\/en\/wp-json\/wp\/v2\/pages"}],"about":[{"href":"https:\/\/www.satisgps.com\/en\/wp-json\/wp\/v2\/types\/page"}],"author":[{"embeddable":true,"href":"https:\/\/www.satisgps.com\/en\/wp-json\/wp\/v2\/users\/13"}],"replies":[{"embeddable":true,"href":"https:\/\/www.satisgps.com\/en\/wp-json\/wp\/v2\/comments?post=2593"}],"version-history":[{"count":3,"href":"https:\/\/www.satisgps.com\/en\/wp-json\/wp\/v2\/pages\/2593\/revisions"}],"predecessor-version":[{"id":5306,"href":"https:\/\/www.satisgps.com\/en\/wp-json\/wp\/v2\/pages\/2593\/revisions\/5306"}],"up":[{"embeddable":true,"href":"https:\/\/www.satisgps.com\/en\/wp-json\/wp\/v2\/pages\/2581"}],"wp:featuredmedia":[{"embeddable":true,"href":"https:\/\/www.satisgps.com\/en\/wp-json\/wp\/v2\/media\/5237"}],"wp:attachment":[{"href":"https:\/\/www.satisgps.com\/en\/wp-json\/wp\/v2\/media?parent=2593"}],"curies":[{"name":"wp","href":"https:\/\/api.w.org\/{rel}","templated":true}]}}