{"id":2602,"date":"2015-04-01T12:52:51","date_gmt":"2015-04-01T12:52:51","guid":{"rendered":"http:\/\/www.satisgps.com\/business-applications\/heavy-vehicle-fleets\/monitoring-kontenerow\/"},"modified":"2024-04-11T12:17:05","modified_gmt":"2024-04-11T10:17:05","slug":"container-monitoring","status":"publish","type":"page","link":"https:\/\/www.satisgps.com\/en\/business-applications\/heavy-vehicle-fleets\/container-monitoring\/","title":{"rendered":"Container monitoring"},"content":{"rendered":"<h1 style=\"font-size: 280%;\">Monitoring i lokalizacja GPS kontener\u00f3w<\/h1>\n<p>Oferujemy kompleksowe rozwi\u0105zania s\u0142u\u017c\u0105ce do monitorowania kontener\u00f3w. Tracking kontenera opiera si\u0119 na wykorzystaniu nowoczesnych urz\u0105dze\u0144 z wbudowanymi bateriami zasilaj\u0105cymi, przeznaczonych\u00a0do monitorowania lokalizacji kontener\u00f3w.\u00a0<\/p>\n<h2><strong>Zalety u\u017cywania lokalizatora kontenera i monitoringu GPS<\/strong><\/h2>\n<p>Umiej\u0119tno\u015b\u0107 dok\u0142adnego \u015bledzenia swojej floty kontener\u00f3w to klucz do optymalnej organizacji pracy i wydajno\u015bci. Dlatego w <a href=\"\/\">SATIS GPS<\/a> oferujemy lokalizacj\u0119 GPS kontenera, co pozwala na precyzyjny tracking kontenera. Nasze <strong>lokalizatory do kontener\u00f3w s\u0105 wytrzyma\u0142e, niezawodne i \u0142atwe w obs\u0142udze<\/strong> \u2013 \u0142\u0105cz\u0105 si\u0119 z sieci\u0105 mobiln\u0105, aby dostarczy\u0107 realne informacje o po\u0142o\u017ceniu Twojego cennego sprz\u0119tu.<\/p>\n<p>SATIS jest pierwszym systemem lokalizacji GPS w Polsce, kt\u00f3ry udost\u0119pni\u0142 klientom kompletny produkt do monitorowania obiekt\u00f3w nieposiadaj\u0105cych sta\u0142ego zasilania. Umo\u017cliwia monitoring kontener\u00f3w transportowych r\u00f3\u017cnego przeznaczenia.<\/p>\n<p>G\u0142\u00f3wnymi odbiorcami trackingu kontener\u00f3w s\u0105 przedsi\u0119biorstwa chc\u0105ce skutecznie zarz\u0105dza\u0107 i optymalizowa\u0107 wykorzystanie kontener\u00f3w budowlanych, transportowych oraz wielkogabarytowych pojemnik\u00f3w na nieczysto\u015bci sta\u0142e. Najwi\u0119ksz\u0105 zalet\u0105 proponowanego rozwi\u0105zania jest <strong>mo\u017cliwo\u015b\u0107 pracy lokalizator\u00f3w GPS bez konieczno\u015bci pod\u0142\u0105czania ich do \u017ar\u00f3d\u0142a zasilania<\/strong> energi\u0105 nawet przez 36 miesi\u0119cy.<\/p>\n<h2><strong>\u015aledzenie i bezpiecze\u0144stwo Twoich kontener\u00f3w z SATIS GPS<\/strong><\/h2>\n<p>SATIS dostarcza rozwi\u0105za\u0144, kt\u00f3re nie tylko lokalizuj\u0105 Twoje kontenery na mapie, ale r\u00f3wnie\u017c pomagaj\u0105 monitorowa\u0107 ich u\u017cytkowanie. Nasze <strong>urz\u0105dzenia do monitoringu GPS kontener\u00f3w s\u0105 wyposa\u017cone w zaawansowane lokalizatory do zabezpiecze\u0144 kontener\u00f3w<\/strong>, kt\u00f3re mo\u017cna \u0142atwo zainstalowa\u0107 na ka\u017cdym typie kontenera. Urz\u0105dzenia te s\u0105 niezawodne, solidne i wytrzyma\u0142e, co gwarantuje, \u017ce s\u0105 one w stanie przetrwa\u0107 nawet najbardziej ekstremalne warunki.<\/p>\n<h2><strong>Wybierz SATIS GPS dla swojej floty kontener\u00f3w<\/strong><\/h2>\n<p>Skorzystaj z naszych zaawansowanych technologii w zakresie lokalizacji kontener\u00f3w. Dzi\u0119ki SATIS GPS zyskasz pe\u0142n\u0105 kontrol\u0119 nad swoj\u0105 flot\u0105 kontener\u00f3w i b\u0119dziesz m\u00f3g\u0142 lepiej zarz\u0105dza\u0107 swoj\u0105 firm\u0105. System \u015bledzenia i monitoringu GPS kontener\u00f3w SATIS GPS to nie tylko zaawansowane technologie, ale przede wszystkim narz\u0119dzie, kt\u00f3re przek\u0142ada si\u0119 na rzeczywiste korzy\u015bci dla Twojego biznesu. Od zwi\u0119kszenia bezpiecze\u0144stwa, przez optymalizacj\u0119 wykorzystania zasob\u00f3w, a\u017c po oszcz\u0119dno\u015bci. Zapraszamy do kontaktu z naszym zespo\u0142em, aby dowiedzie\u0107 si\u0119 wi\u0119cej o korzy\u015bciach wynikaj\u0105cych z wprowadzenia system\u00f3w SATIS GPS do Twojej firmy.\u00a0<br \/>\u00a0<\/p>\n","protected":false},"excerpt":{"rendered":"<p>Monitoring i lokalizacja GPS kontener\u00f3w Oferujemy kompleksowe rozwi\u0105zania s\u0142u\u017c\u0105ce do monitorowania kontener\u00f3w. Tracking kontenera opiera si\u0119 na wykorzystaniu nowoczesnych urz\u0105dze\u0144 z wbudowanymi bateriami zasilaj\u0105cymi, przeznaczonych\u00a0do monitorowania lokalizacji kontener\u00f3w.\u00a0 Zalety u\u017cywania lokalizatora kontenera i monitoringu GPS Umiej\u0119tno\u015b\u0107 dok\u0142adnego \u015bledzenia swojej floty kontener\u00f3w to klucz do optymalnej organizacji pracy i wydajno\u015bci. Dlatego w SATIS GPS oferujemy lokalizacj\u0119 &hellip; <\/p>\n<p class=\"link-more\"><a href=\"https:\/\/www.satisgps.com\/en\/business-applications\/heavy-vehicle-fleets\/container-monitoring\/\" class=\"more-link\">Continue reading<span class=\"screen-reader-text\"> &#8220;Container monitoring&#8221;<\/span><\/a><\/p>\n","protected":false},"author":13,"featured_media":5237,"parent":2581,"menu_order":0,"comment_status":"closed","ping_status":"closed","template":"","meta":{"_acf_changed":false,"footnotes":""},"class_list":["post-2602","page","type-page","status-publish","has-post-thumbnail","hentry"],"acf":[],"yoast_head":"<!-- This site is optimized with the Yoast SEO plugin v26.5 - https:\/\/yoast.com\/wordpress\/plugins\/seo\/ -->\n<title>Container monitoring - SATIS GPS<\/title>\n<meta name=\"description\" content=\"SATIS GPS \u27a4 Container monitoring \u2714\ufe0f Monitoring pojazd\u00f3w \u2714\ufe0f Kontrola zu\u017cycia paliwa \u2714\ufe0f Lokalizatory \u2b50 Sprawd\u017a!\" \/>\n<meta name=\"robots\" content=\"index, follow, max-snippet:-1, max-image-preview:large, max-video-preview:-1\" \/>\n<link rel=\"canonical\" href=\"https:\/\/www.satisgps.com\/en\/business-applications\/heavy-vehicle-fleets\/container-monitoring\/\" \/>\n<meta property=\"og:locale\" content=\"en_US\" \/>\n<meta property=\"og:type\" content=\"article\" \/>\n<meta property=\"og:title\" content=\"Container monitoring - SATIS GPS\" \/>\n<meta property=\"og:description\" content=\"SATIS GPS \u27a4 Container monitoring \u2714\ufe0f Monitoring pojazd\u00f3w \u2714\ufe0f Kontrola zu\u017cycia paliwa \u2714\ufe0f Lokalizatory \u2b50 Sprawd\u017a!\" \/>\n<meta property=\"og:url\" content=\"https:\/\/www.satisgps.com\/en\/business-applications\/heavy-vehicle-fleets\/container-monitoring\/\" \/>\n<meta property=\"og:site_name\" content=\"SATIS GPS\" \/>\n<meta property=\"article:modified_time\" content=\"2024-04-11T10:17:05+00:00\" \/>\n<meta property=\"og:image\" content=\"https:\/\/www.satisgps.com\/wp-content\/uploads\/2019\/12\/Floty-ciezkie03.png\" \/>\n\t<meta property=\"og:image:width\" content=\"1920\" \/>\n\t<meta property=\"og:image:height\" content=\"865\" \/>\n\t<meta property=\"og:image:type\" content=\"image\/png\" \/>\n<meta name=\"twitter:card\" content=\"summary_large_image\" \/>\n<meta name=\"twitter:label1\" content=\"Est. reading time\" \/>\n\t<meta name=\"twitter:data1\" content=\"2 minutes\" \/>\n<script type=\"application\/ld+json\" class=\"yoast-schema-graph\">{\"@context\":\"https:\/\/schema.org\",\"@graph\":[{\"@type\":\"WebPage\",\"@id\":\"https:\/\/www.satisgps.com\/en\/business-applications\/heavy-vehicle-fleets\/container-monitoring\/\",\"url\":\"https:\/\/www.satisgps.com\/en\/business-applications\/heavy-vehicle-fleets\/container-monitoring\/\",\"name\":\"Container monitoring - SATIS GPS\",\"isPartOf\":{\"@id\":\"https:\/\/www.satisgps.com\/#website\"},\"primaryImageOfPage\":{\"@id\":\"https:\/\/www.satisgps.com\/en\/business-applications\/heavy-vehicle-fleets\/container-monitoring\/#primaryimage\"},\"image\":{\"@id\":\"https:\/\/www.satisgps.com\/en\/business-applications\/heavy-vehicle-fleets\/container-monitoring\/#primaryimage\"},\"thumbnailUrl\":\"https:\/\/www.satisgps.com\/wp-content\/uploads\/2019\/12\/Floty-ciezkie03.png\",\"datePublished\":\"2015-04-01T12:52:51+00:00\",\"dateModified\":\"2024-04-11T10:17:05+00:00\",\"description\":\"SATIS GPS \u27a4 Container monitoring \u2714\ufe0f Monitoring pojazd\u00f3w \u2714\ufe0f Kontrola zu\u017cycia paliwa \u2714\ufe0f Lokalizatory \u2b50 Sprawd\u017a!\",\"breadcrumb\":{\"@id\":\"https:\/\/www.satisgps.com\/en\/business-applications\/heavy-vehicle-fleets\/container-monitoring\/#breadcrumb\"},\"inLanguage\":\"en-US\",\"potentialAction\":[{\"@type\":\"ReadAction\",\"target\":[\"https:\/\/www.satisgps.com\/en\/business-applications\/heavy-vehicle-fleets\/container-monitoring\/\"]}]},{\"@type\":\"ImageObject\",\"inLanguage\":\"en-US\",\"@id\":\"https:\/\/www.satisgps.com\/en\/business-applications\/heavy-vehicle-fleets\/container-monitoring\/#primaryimage\",\"url\":\"https:\/\/www.satisgps.com\/wp-content\/uploads\/2019\/12\/Floty-ciezkie03.png\",\"contentUrl\":\"https:\/\/www.satisgps.com\/wp-content\/uploads\/2019\/12\/Floty-ciezkie03.png\",\"width\":1920,\"height\":865,\"caption\":\"Floty ci\u0119\u017ckie - lokalizacja GPS online\"},{\"@type\":\"BreadcrumbList\",\"@id\":\"https:\/\/www.satisgps.com\/en\/business-applications\/heavy-vehicle-fleets\/container-monitoring\/#breadcrumb\",\"itemListElement\":[{\"@type\":\"ListItem\",\"position\":1,\"name\":\"Monitoring floty\",\"item\":\"https:\/\/www.satisgps.com\/en\/\"},{\"@type\":\"ListItem\",\"position\":2,\"name\":\"Business applications\",\"item\":\"https:\/\/www.satisgps.com\/en\/business-applications\/\"},{\"@type\":\"ListItem\",\"position\":3,\"name\":\"Heavy vehicle fleets\",\"item\":\"https:\/\/www.satisgps.com\/en\/business-applications\/heavy-vehicle-fleets\/\"},{\"@type\":\"ListItem\",\"position\":4,\"name\":\"Container monitoring\",\"item\":\"https:\/\/www.satisgps.com\/en\/wp-json\/wp\/v2\/pages\/2602\"}]},{\"@type\":\"WebSite\",\"@id\":\"https:\/\/www.satisgps.com\/#website\",\"url\":\"https:\/\/www.satisgps.com\/\",\"name\":\"SATIS GPS\",\"description\":\"System zarz\u0105dzania flot\u0105 i monitoring GPS pojazd\u00f3w\",\"publisher\":{\"@id\":\"https:\/\/www.satisgps.com\/#organization\"},\"potentialAction\":[{\"@type\":\"SearchAction\",\"target\":{\"@type\":\"EntryPoint\",\"urlTemplate\":\"https:\/\/www.satisgps.com\/?s={search_term_string}\"},\"query-input\":{\"@type\":\"PropertyValueSpecification\",\"valueRequired\":true,\"valueName\":\"search_term_string\"}}],\"inLanguage\":\"en-US\"},{\"@type\":\"Organization\",\"@id\":\"https:\/\/www.satisgps.com\/#organization\",\"name\":\"SATIS GPS\",\"url\":\"https:\/\/www.satisgps.com\/\",\"logo\":{\"@type\":\"ImageObject\",\"inLanguage\":\"en-US\",\"@id\":\"https:\/\/www.satisgps.com\/#\/schema\/logo\/image\/\",\"url\":\"https:\/\/www.satisgps.com\/wp-content\/uploads\/2015\/03\/logo-satis.png\",\"contentUrl\":\"https:\/\/www.satisgps.com\/wp-content\/uploads\/2015\/03\/logo-satis.png\",\"width\":146,\"height\":50,\"caption\":\"SATIS GPS\"},\"image\":{\"@id\":\"https:\/\/www.satisgps.com\/#\/schema\/logo\/image\/\"}}]}<\/script>\n<!-- \/ Yoast SEO plugin. -->","yoast_head_json":{"title":"Container monitoring - SATIS GPS","description":"SATIS GPS \u27a4 Container monitoring \u2714\ufe0f Monitoring pojazd\u00f3w \u2714\ufe0f Kontrola zu\u017cycia paliwa \u2714\ufe0f Lokalizatory \u2b50 Sprawd\u017a!","robots":{"index":"index","follow":"follow","max-snippet":"max-snippet:-1","max-image-preview":"max-image-preview:large","max-video-preview":"max-video-preview:-1"},"canonical":"https:\/\/www.satisgps.com\/en\/business-applications\/heavy-vehicle-fleets\/container-monitoring\/","og_locale":"en_US","og_type":"article","og_title":"Container monitoring - SATIS GPS","og_description":"SATIS GPS \u27a4 Container monitoring \u2714\ufe0f Monitoring pojazd\u00f3w \u2714\ufe0f Kontrola zu\u017cycia paliwa \u2714\ufe0f Lokalizatory \u2b50 Sprawd\u017a!","og_url":"https:\/\/www.satisgps.com\/en\/business-applications\/heavy-vehicle-fleets\/container-monitoring\/","og_site_name":"SATIS GPS","article_modified_time":"2024-04-11T10:17:05+00:00","og_image":[{"width":1920,"height":865,"url":"https:\/\/www.satisgps.com\/wp-content\/uploads\/2019\/12\/Floty-ciezkie03.png","type":"image\/png"}],"twitter_card":"summary_large_image","twitter_misc":{"Est. reading time":"2 minutes"},"schema":{"@context":"https:\/\/schema.org","@graph":[{"@type":"WebPage","@id":"https:\/\/www.satisgps.com\/en\/business-applications\/heavy-vehicle-fleets\/container-monitoring\/","url":"https:\/\/www.satisgps.com\/en\/business-applications\/heavy-vehicle-fleets\/container-monitoring\/","name":"Container monitoring - SATIS GPS","isPartOf":{"@id":"https:\/\/www.satisgps.com\/#website"},"primaryImageOfPage":{"@id":"https:\/\/www.satisgps.com\/en\/business-applications\/heavy-vehicle-fleets\/container-monitoring\/#primaryimage"},"image":{"@id":"https:\/\/www.satisgps.com\/en\/business-applications\/heavy-vehicle-fleets\/container-monitoring\/#primaryimage"},"thumbnailUrl":"https:\/\/www.satisgps.com\/wp-content\/uploads\/2019\/12\/Floty-ciezkie03.png","datePublished":"2015-04-01T12:52:51+00:00","dateModified":"2024-04-11T10:17:05+00:00","description":"SATIS GPS \u27a4 Container monitoring \u2714\ufe0f Monitoring pojazd\u00f3w \u2714\ufe0f Kontrola zu\u017cycia paliwa \u2714\ufe0f Lokalizatory \u2b50 Sprawd\u017a!","breadcrumb":{"@id":"https:\/\/www.satisgps.com\/en\/business-applications\/heavy-vehicle-fleets\/container-monitoring\/#breadcrumb"},"inLanguage":"en-US","potentialAction":[{"@type":"ReadAction","target":["https:\/\/www.satisgps.com\/en\/business-applications\/heavy-vehicle-fleets\/container-monitoring\/"]}]},{"@type":"ImageObject","inLanguage":"en-US","@id":"https:\/\/www.satisgps.com\/en\/business-applications\/heavy-vehicle-fleets\/container-monitoring\/#primaryimage","url":"https:\/\/www.satisgps.com\/wp-content\/uploads\/2019\/12\/Floty-ciezkie03.png","contentUrl":"https:\/\/www.satisgps.com\/wp-content\/uploads\/2019\/12\/Floty-ciezkie03.png","width":1920,"height":865,"caption":"Floty ci\u0119\u017ckie - lokalizacja GPS online"},{"@type":"BreadcrumbList","@id":"https:\/\/www.satisgps.com\/en\/business-applications\/heavy-vehicle-fleets\/container-monitoring\/#breadcrumb","itemListElement":[{"@type":"ListItem","position":1,"name":"Monitoring floty","item":"https:\/\/www.satisgps.com\/en\/"},{"@type":"ListItem","position":2,"name":"Business applications","item":"https:\/\/www.satisgps.com\/en\/business-applications\/"},{"@type":"ListItem","position":3,"name":"Heavy vehicle fleets","item":"https:\/\/www.satisgps.com\/en\/business-applications\/heavy-vehicle-fleets\/"},{"@type":"ListItem","position":4,"name":"Container monitoring","item":"https:\/\/www.satisgps.com\/en\/wp-json\/wp\/v2\/pages\/2602"}]},{"@type":"WebSite","@id":"https:\/\/www.satisgps.com\/#website","url":"https:\/\/www.satisgps.com\/","name":"SATIS GPS","description":"System zarz\u0105dzania flot\u0105 i monitoring GPS pojazd\u00f3w","publisher":{"@id":"https:\/\/www.satisgps.com\/#organization"},"potentialAction":[{"@type":"SearchAction","target":{"@type":"EntryPoint","urlTemplate":"https:\/\/www.satisgps.com\/?s={search_term_string}"},"query-input":{"@type":"PropertyValueSpecification","valueRequired":true,"valueName":"search_term_string"}}],"inLanguage":"en-US"},{"@type":"Organization","@id":"https:\/\/www.satisgps.com\/#organization","name":"SATIS GPS","url":"https:\/\/www.satisgps.com\/","logo":{"@type":"ImageObject","inLanguage":"en-US","@id":"https:\/\/www.satisgps.com\/#\/schema\/logo\/image\/","url":"https:\/\/www.satisgps.com\/wp-content\/uploads\/2015\/03\/logo-satis.png","contentUrl":"https:\/\/www.satisgps.com\/wp-content\/uploads\/2015\/03\/logo-satis.png","width":146,"height":50,"caption":"SATIS GPS"},"image":{"@id":"https:\/\/www.satisgps.com\/#\/schema\/logo\/image\/"}}]}},"_links":{"self":[{"href":"https:\/\/www.satisgps.com\/en\/wp-json\/wp\/v2\/pages\/2602","targetHints":{"allow":["GET"]}}],"collection":[{"href":"https:\/\/www.satisgps.com\/en\/wp-json\/wp\/v2\/pages"}],"about":[{"href":"https:\/\/www.satisgps.com\/en\/wp-json\/wp\/v2\/types\/page"}],"author":[{"embeddable":true,"href":"https:\/\/www.satisgps.com\/en\/wp-json\/wp\/v2\/users\/13"}],"replies":[{"embeddable":true,"href":"https:\/\/www.satisgps.com\/en\/wp-json\/wp\/v2\/comments?post=2602"}],"version-history":[{"count":5,"href":"https:\/\/www.satisgps.com\/en\/wp-json\/wp\/v2\/pages\/2602\/revisions"}],"predecessor-version":[{"id":7868,"href":"https:\/\/www.satisgps.com\/en\/wp-json\/wp\/v2\/pages\/2602\/revisions\/7868"}],"up":[{"embeddable":true,"href":"https:\/\/www.satisgps.com\/en\/wp-json\/wp\/v2\/pages\/2581"}],"wp:featuredmedia":[{"embeddable":true,"href":"https:\/\/www.satisgps.com\/en\/wp-json\/wp\/v2\/media\/5237"}],"wp:attachment":[{"href":"https:\/\/www.satisgps.com\/en\/wp-json\/wp\/v2\/media?parent=2602"}],"curies":[{"name":"wp","href":"https:\/\/api.w.org\/{rel}","templated":true}]}}