{"id":2611,"date":"2015-04-01T13:05:40","date_gmt":"2015-04-01T13:05:40","guid":{"rendered":"http:\/\/www.satisgps.com\/business-applications\/machines\/maszyny-budowlane\/"},"modified":"2025-10-06T14:39:57","modified_gmt":"2025-10-06T12:39:57","slug":"construction-machines","status":"publish","type":"page","link":"https:\/\/www.satisgps.com\/en\/business-applications\/machines\/construction-machines\/","title":{"rendered":"Construction machines"},"content":{"rendered":"\n<h1><span style=\"color: #e9651f;\">Monitoring GPS maszyn budowlanych<\/span><\/h1>\n<p>Maszyny budowlane w kontek\u015bcie system\u00f3w monitoringu satelitarnego stanowi\u0105 do\u015b\u0107 nietypow\u0105 grup\u0119 pojazd\u00f3w. Wynika to przede wszystkim ze sposobu ich pracy. Zwykle wykonuj\u0105 swoje zadania na stosunkowo niewielkim terenie danej inwestycji, nie poruszaj\u0105 si\u0119 ze znacz\u0105cymi pr\u0119dko\u015bciami, ich sta\u0142a wizualizacja na mapie, cho\u0107 konieczna, nie jest najwa\u017cniejszym elementem systemu monitoringu.<\/p>\n<h2>GPS do maszyny budowlanej &#8211; optymalizacja, efektywno\u015b\u0107 i generowanie oszcz\u0119dno\u015bci<\/h2>\n<p>Zaawansowana <strong>lokalizacja maszyn budowlanych umo\u017cliwia ich precyzyjne \u015bledzenie i monitorowanie\u00a0w czasie rzeczywistym<\/strong>. Niezale\u017cnie od tego, czy sprz\u0119t porusza si\u0119 po terenie inwestycji czy pozostaje na jednym miejscu. Nasz system dostarczy Ci pe\u0142nej kontroli i wgl\u0105du w jej aktualne po\u0142o\u017cenie.<\/p>\n<p>W\u0142a\u015bciciele oraz osoby zarz\u0105dzaj\u0105ce parkiem maszynowym zmierzaj\u0105 przede wszystkim do osi\u0105gni\u0119cia dw\u00f3ch zasadniczych cel\u00f3w. Po pierwsze optymalizacji koszt\u00f3w zwi\u0105zanych z prac\u0105 parku maszynowego. Po drugie do mo\u017cliwe najbardziej efektywnego wykorzystania posiadanych zasob\u00f3w.\u00a0<strong>Monitoring maszyn budowlanych daje zarz\u0105dzaj\u0105cym wiedz\u0119, gdzie pojazd si\u0119 znajduje i czy ma w\u0142\u0105czony zap\u0142on<\/strong>. System czujnik\u00f3w kontroluje czy maszyna rzeczywi\u015bcie pracuje (np. czujnik pracy \u0142y\u017cki, lemiesza, itp.).<\/p>\n<h2>Monitoring maszyn &#8211; automatyzacja<\/h2>\n<p>Automatyzacja jest kluczowa w naszym rozwi\u0105zaniu. Dzi\u0119ki zastosowaniu systemu SATIS, procesy obs\u0142ugowe zwi\u0105zane z parkiem maszynowym zostan\u0105 zautomatyzowane. <strong>Nie b\u0119dziesz musia\u0142 po\u015bwi\u0119ca\u0107 cennego czasu na r\u0119czne wykonywanie czynno\u015bci serwisowych i obs\u0142ugowych<\/strong>. Nasz system dostarczy Ci r\u00f3wnie\u017c informacje o zu\u017cytym paliwie, tankowaniach oraz przeprowadzanych przegl\u0105dach i wymianach eksploatacyjnych.<\/p>\n<p>Opr\u00f3cz optymalizacji i automatyzacji, <strong>nasz\u00a0system do monitorowania pracy maszyny\u00a0gwarantuje Ci r\u00f3wnie\u017c bezpiecze\u0144stwo<\/strong>. W Polsce odnotowuje si\u0119 coraz wi\u0119ksz\u0105 liczb\u0119 kradzie\u017cy sprz\u0119tu budowlanego z plac\u00f3w budowy. Dlatego warto zainwestowa\u0107 w system monitoringu, kt\u00f3ry pomo\u017ce Ci zabezpieczy\u0107 Twoje maszyny przed z\u0142odziejami.<\/p>\n<p>Precyzyjne \u015bledzenie maszyn w czasie rzeczywistym pozwala na pe\u0142n\u0105 kontrol\u0119 nad ich po\u0142o\u017ceniem. W przypadku kradzie\u017cy, b\u0119dziesz w stanie szybko zareagowa\u0107 i podj\u0105\u0107 odpowiednie dzia\u0142ania.<\/p>\n<h2>Zarz\u0105dzanie pojazdami i maszynami w firmie budowlanej\u00a0\u00a0<\/h2>\n<p>Zarz\u0105dzanie maszynami w firmie wymaga tak\u017ce znajomo\u015bci odpowiednich wymog\u00f3w.<\/p>\n<p>Jakie s\u0105 zatem potrzeby zarz\u0105dzaj\u0105cych parkiem maszyn? To mi\u0119dzy innymi:<\/p>\n<ul>\n<li>pomiar faktycznego czasu pracy maszyny i operatora;<\/li>\n<li>pomiar faktycznego czasu pracy na okre\u015blonych placach budowy (inwestycjach);<\/li>\n<li>pomiar zu\u017cytego paliwa;<\/li>\n<li>kontrola tankowa\u0144 dokonywanych z kontenerowych i\/lub mobilnych stacji paliw;<\/li>\n<li>eliminacja nadu\u017cy\u0107 pracowniczych;<\/li>\n<li>zabezpieczenie przeciwkradzie\u017cowe;<\/li>\n<li>zautomatyzowanie proces\u00f3w obs\u0142ugowych zwi\u0105zanych z parkiem maszynowym (serwisy, przegl\u0105dy, wymiany eksploatacyjne, ubezpieczenia);<\/li>\n<li>lokalizacja maszyn w czasie rzeczywistym;<\/li>\n<li>alarmowanie o zdarzeniach po\u017c\u0105danych lub niepo\u017c\u0105danych.<\/li>\n<\/ul>\n<h2>Ewidencja sprz\u0119tu budowlanego i zabezpieczenie przed kradzie\u017c\u0105<\/h2>\n<p>Jak wspominali\u015bmy, coraz cz\u0119\u015bciej, maszyny budowlane s\u0105 wykradane i sprzedawane za granic\u0105.\u00a0Warto zatem, zainwestowa\u0107 w systemy GPS w maszynach budowlanych, kt\u00f3re ochroni\u0105 nawet mniejsze sprz\u0119ty przed znikni\u0119ciem.<\/p>\n<p>Najbardziej znanym sposobem zabezpieczenia przed kradzie\u017c\u0105 jest ubezpieczenie maszyn. Taka ochrona nie jest jednak wystarczaj\u0105ca. Je\u015bli dojdzie do kradzie\u017cy, w\u0142a\u015bciciela czeka skomplikowany i czasoch\u0142onny proces odszkodowawczy.\u00a0Nie polegaj tylko na ubezpieczeniu maszyn. <strong>Skorzystaj z naszego nowoczesnego systemu SATIS, kt\u00f3ry zapewni Ci pe\u0142n\u0105 kontrol\u0119 nad Twoim parkiem maszynowym<\/strong>. Niezale\u017cnie od tego, czy prowadzisz du\u017c\u0105 firm\u0119 budowlan\u0105 czy jeste\u015b w\u0142a\u015bcicielem niewielkiego przedsi\u0119biorstwa,\u00a0dostosujemy si\u0119 do Twoich potrzeb.<\/p>\n<p>System SATIS to rozwi\u0105zanie, kt\u00f3re w oparciu o lokalizatory GPS, dok\u0142adnie zlokalizuje po\u0142o\u017cenie maszyny. <strong>Zarz\u0105dzaj\u0105cy firm\u0105 budowlan\u0105 w ka\u017cdej chwili mo\u017ce sprawdzi\u0107, czy maszyna znajduje si\u0119 na budowie i czy wykonuje swoje zadania<\/strong>.\u00a0<\/p>\n<p>Zadbaj o <strong>optymalizacj\u0119 koszt\u00f3w, efektywne wykorzystanie zasob\u00f3w, eliminacj\u0119 nadu\u017cy\u0107 pracowniczych oraz ochron\u0119 przed kradzie\u017c\u0105<\/strong>. Wybierz nasz GPS\u00a0do maszyn budowlanych\u00a0i zyskaj pe\u0142n\u0105 kontrol\u0119 nad zarz\u0105dzaniem pojazdami oraz maszynami w swojej firmie.<\/p>\n<p>Sprawd\u017a koniecznie, co oferujemy. Firma<a href=\"https:\/\/www.satisgps.com\/\" data-cke-saved-href=\"https:\/\/www.satisgps.com\/\"> SATIS GPS<\/a> to g\u0142\u00f3wnie:<\/p>\n<ul>\n<li>\n<p><a href=\"https:\/\/www.satisgps.com\/satis-gps\/monitoring\/\" data-cke-saved-href=\"https:\/\/www.satisgps.com\/satis-gps\/monitoring\/\">monitoring pojazd\u00f3w<\/a><\/p>\n<\/li>\n<li>\n<p><a href=\"https:\/\/www.satisgps.com\/satis-gps\/kontrola-paliwa\/\" data-cke-saved-href=\"https:\/\/www.satisgps.com\/satis-gps\/kontrola-paliwa\/\">monitoring paliwa<\/a><\/p>\n<\/li>\n<li>\n<p><a href=\"https:\/\/www.satisgps.com\/satis-gps\/optymalizacja_tras\/\" data-cke-saved-href=\"https:\/\/www.satisgps.com\/satis-gps\/optymalizacja_tras\/\">optymalizacja tras przejazdu<\/a><\/p>\n<\/li>\n<li>\n<p><a href=\"https:\/\/www.satisgps.com\/satis-gps\/ewidencja-kierowcow\/\" data-cke-saved-href=\"https:\/\/www.satisgps.com\/satis-gps\/ewidencja-kierowcow\/\">ewidencja kierowc\u00f3w<\/a><\/p>\n<\/li>\n<li>\n<p><a href=\"https:\/\/www.satisgps.com\/zarzadzanie-flota-samochodowa-satis-cfm\/\" data-cke-saved-href=\"https:\/\/www.satisgps.com\/zarzadzanie-flota-samochodowa-satis-cfm\/\">zarz\u0105dzanie flot\u0105 samochodow\u0105<\/a><\/p>\n<\/li>\n<li>\n<p><a href=\"http:\/\/\u00a0https:\/\/www.satisgps.com\/zastosowania-biznesowe\/maszyny\/\" data-cke-saved-href=\"http:\/\/\u00a0https:\/\/www.satisgps.com\/zastosowania-biznesowe\/maszyny\/\">ewidencja maszyn<\/a><\/p>\n<\/li>\n<li>\n<p><a href=\"https:\/\/www.satisgps.com\/zastosowania-biznesowe\/maszyny\/monitoring-czasu-pracy-maszyn\/\" data-cke-saved-href=\"https:\/\/www.satisgps.com\/zastosowania-biznesowe\/maszyny\/monitoring-czasu-pracy-maszyn\/\">monitoring czasu pracy\u00a0maszyn<\/a><\/p>\n<\/li>\n<li>\n<p><a href=\"https:\/\/www.satisgps.com\/zastosowania-biznesowe\/maszyny\/kontrola-operatorow\/\" data-cke-saved-href=\"https:\/\/www.satisgps.com\/zastosowania-biznesowe\/maszyny\/kontrola-operatorow\/\">kontrola operator\u00f3w maszyn<\/a><\/p>\n<\/li>\n<li>\n<p><a href=\"https:\/\/www.satisgps.com\/zastosowania-biznesowe\/maszyny\/pomiar-paliwa\/\" data-cke-saved-href=\"https:\/\/www.satisgps.com\/zastosowania-biznesowe\/maszyny\/pomiar-paliwa\/\">pomiar paliwa maszyn<\/a><\/p>\n<\/li>\n<li>\n<p><a href=\"https:\/\/www.satisgps.com\/zastosowania-biznesowe\/maszyny\/bezpieczenstwo-na-placu\/\" data-cke-saved-href=\"https:\/\/www.satisgps.com\/zastosowania-biznesowe\/maszyny\/bezpieczenstwo-na-placu\/\">bezpiecze\u0144stwo na placu<\/a><\/p>\n<\/li>\n<\/ul>\n<p>Skontaktuj si\u0119 z nami ju\u017c dzi\u015b, a nasi eksperci odpowiedz\u0105 na wszystkie Twoje pytania i przedstawi\u0105 Ci szczeg\u00f3\u0142y naszego rozwi\u0105zania.<\/p>\n","protected":false},"excerpt":{"rendered":"<p>Monitoring GPS maszyn budowlanych Maszyny budowlane w kontek\u015bcie system\u00f3w monitoringu satelitarnego stanowi\u0105 do\u015b\u0107 nietypow\u0105 grup\u0119 pojazd\u00f3w. Wynika to przede wszystkim ze sposobu ich pracy. Zwykle wykonuj\u0105 swoje zadania na stosunkowo niewielkim terenie danej inwestycji, nie poruszaj\u0105 si\u0119 ze znacz\u0105cymi pr\u0119dko\u015bciami, ich sta\u0142a wizualizacja na mapie, cho\u0107 konieczna, nie jest najwa\u017cniejszym elementem systemu monitoringu. GPS do &hellip; <\/p>\n<p class=\"link-more\"><a href=\"https:\/\/www.satisgps.com\/en\/business-applications\/machines\/construction-machines\/\" class=\"more-link\">Continue reading<span class=\"screen-reader-text\"> &#8220;Construction machines&#8221;<\/span><\/a><\/p>\n","protected":false},"author":13,"featured_media":5182,"parent":2607,"menu_order":0,"comment_status":"closed","ping_status":"closed","template":"","meta":{"_acf_changed":false,"footnotes":""},"class_list":["post-2611","page","type-page","status-publish","has-post-thumbnail","hentry"],"acf":[],"yoast_head":"<!-- This site is optimized with the Yoast SEO plugin v26.5 - https:\/\/yoast.com\/wordpress\/plugins\/seo\/ -->\n<title>Construction machines - SATIS GPS<\/title>\n<meta name=\"description\" content=\"SATIS GPS \u27a4 Construction machines \u2714\ufe0f Monitoring pojazd\u00f3w \u2714\ufe0f Kontrola zu\u017cycia paliwa \u2714\ufe0f Lokalizatory \u2b50 Sprawd\u017a!\" \/>\n<meta name=\"robots\" content=\"index, follow, max-snippet:-1, max-image-preview:large, max-video-preview:-1\" \/>\n<link rel=\"canonical\" href=\"https:\/\/www.satisgps.com\/en\/business-applications\/machines\/construction-machines\/\" \/>\n<meta property=\"og:locale\" content=\"en_US\" \/>\n<meta property=\"og:type\" content=\"article\" \/>\n<meta property=\"og:title\" content=\"Construction machines - SATIS GPS\" \/>\n<meta property=\"og:description\" content=\"SATIS GPS \u27a4 Construction machines \u2714\ufe0f Monitoring pojazd\u00f3w \u2714\ufe0f Kontrola zu\u017cycia paliwa \u2714\ufe0f Lokalizatory \u2b50 Sprawd\u017a!\" \/>\n<meta property=\"og:url\" content=\"https:\/\/www.satisgps.com\/en\/business-applications\/machines\/construction-machines\/\" \/>\n<meta property=\"og:site_name\" content=\"SATIS GPS\" \/>\n<meta property=\"article:modified_time\" content=\"2025-10-06T12:39:57+00:00\" \/>\n<meta property=\"og:image\" content=\"https:\/\/www.satisgps.com\/wp-content\/uploads\/2019\/12\/Zastosowania09.png\" \/>\n\t<meta property=\"og:image:width\" content=\"1920\" \/>\n\t<meta property=\"og:image:height\" content=\"863\" \/>\n\t<meta property=\"og:image:type\" content=\"image\/png\" \/>\n<meta name=\"twitter:card\" content=\"summary_large_image\" \/>\n<meta name=\"twitter:label1\" content=\"Est. reading time\" \/>\n\t<meta name=\"twitter:data1\" content=\"4 minutes\" \/>\n<script type=\"application\/ld+json\" class=\"yoast-schema-graph\">{\"@context\":\"https:\/\/schema.org\",\"@graph\":[{\"@type\":\"WebPage\",\"@id\":\"https:\/\/www.satisgps.com\/en\/business-applications\/machines\/construction-machines\/\",\"url\":\"https:\/\/www.satisgps.com\/en\/business-applications\/machines\/construction-machines\/\",\"name\":\"Construction machines - SATIS GPS\",\"isPartOf\":{\"@id\":\"https:\/\/www.satisgps.com\/#website\"},\"primaryImageOfPage\":{\"@id\":\"https:\/\/www.satisgps.com\/en\/business-applications\/machines\/construction-machines\/#primaryimage\"},\"image\":{\"@id\":\"https:\/\/www.satisgps.com\/en\/business-applications\/machines\/construction-machines\/#primaryimage\"},\"thumbnailUrl\":\"https:\/\/www.satisgps.com\/wp-content\/uploads\/2019\/12\/Zastosowania09.png\",\"datePublished\":\"2015-04-01T13:05:40+00:00\",\"dateModified\":\"2025-10-06T12:39:57+00:00\",\"description\":\"SATIS GPS \u27a4 Construction machines \u2714\ufe0f Monitoring pojazd\u00f3w \u2714\ufe0f Kontrola zu\u017cycia paliwa \u2714\ufe0f Lokalizatory \u2b50 Sprawd\u017a!\",\"breadcrumb\":{\"@id\":\"https:\/\/www.satisgps.com\/en\/business-applications\/machines\/construction-machines\/#breadcrumb\"},\"inLanguage\":\"en-US\",\"potentialAction\":[{\"@type\":\"ReadAction\",\"target\":[\"https:\/\/www.satisgps.com\/en\/business-applications\/machines\/construction-machines\/\"]}]},{\"@type\":\"ImageObject\",\"inLanguage\":\"en-US\",\"@id\":\"https:\/\/www.satisgps.com\/en\/business-applications\/machines\/construction-machines\/#primaryimage\",\"url\":\"https:\/\/www.satisgps.com\/wp-content\/uploads\/2019\/12\/Zastosowania09.png\",\"contentUrl\":\"https:\/\/www.satisgps.com\/wp-content\/uploads\/2019\/12\/Zastosowania09.png\",\"width\":1920,\"height\":863},{\"@type\":\"BreadcrumbList\",\"@id\":\"https:\/\/www.satisgps.com\/en\/business-applications\/machines\/construction-machines\/#breadcrumb\",\"itemListElement\":[{\"@type\":\"ListItem\",\"position\":1,\"name\":\"Monitoring floty\",\"item\":\"https:\/\/www.satisgps.com\/en\/\"},{\"@type\":\"ListItem\",\"position\":2,\"name\":\"Business applications\",\"item\":\"https:\/\/www.satisgps.com\/en\/business-applications\/\"},{\"@type\":\"ListItem\",\"position\":3,\"name\":\"Machines\",\"item\":\"https:\/\/www.satisgps.com\/en\/business-applications\/machines\/\"},{\"@type\":\"ListItem\",\"position\":4,\"name\":\"Construction machines\",\"item\":\"https:\/\/www.satisgps.com\/en\/wp-json\/wp\/v2\/pages\/2611\"}]},{\"@type\":\"WebSite\",\"@id\":\"https:\/\/www.satisgps.com\/#website\",\"url\":\"https:\/\/www.satisgps.com\/\",\"name\":\"SATIS GPS\",\"description\":\"System zarz\u0105dzania flot\u0105 i monitoring GPS pojazd\u00f3w\",\"publisher\":{\"@id\":\"https:\/\/www.satisgps.com\/#organization\"},\"potentialAction\":[{\"@type\":\"SearchAction\",\"target\":{\"@type\":\"EntryPoint\",\"urlTemplate\":\"https:\/\/www.satisgps.com\/?s={search_term_string}\"},\"query-input\":{\"@type\":\"PropertyValueSpecification\",\"valueRequired\":true,\"valueName\":\"search_term_string\"}}],\"inLanguage\":\"en-US\"},{\"@type\":\"Organization\",\"@id\":\"https:\/\/www.satisgps.com\/#organization\",\"name\":\"SATIS GPS\",\"url\":\"https:\/\/www.satisgps.com\/\",\"logo\":{\"@type\":\"ImageObject\",\"inLanguage\":\"en-US\",\"@id\":\"https:\/\/www.satisgps.com\/#\/schema\/logo\/image\/\",\"url\":\"https:\/\/www.satisgps.com\/wp-content\/uploads\/2015\/03\/logo-satis.png\",\"contentUrl\":\"https:\/\/www.satisgps.com\/wp-content\/uploads\/2015\/03\/logo-satis.png\",\"width\":146,\"height\":50,\"caption\":\"SATIS GPS\"},\"image\":{\"@id\":\"https:\/\/www.satisgps.com\/#\/schema\/logo\/image\/\"}}]}<\/script>\n<!-- \/ Yoast SEO plugin. -->","yoast_head_json":{"title":"Construction machines - SATIS GPS","description":"SATIS GPS \u27a4 Construction machines \u2714\ufe0f Monitoring pojazd\u00f3w \u2714\ufe0f Kontrola zu\u017cycia paliwa \u2714\ufe0f Lokalizatory \u2b50 Sprawd\u017a!","robots":{"index":"index","follow":"follow","max-snippet":"max-snippet:-1","max-image-preview":"max-image-preview:large","max-video-preview":"max-video-preview:-1"},"canonical":"https:\/\/www.satisgps.com\/en\/business-applications\/machines\/construction-machines\/","og_locale":"en_US","og_type":"article","og_title":"Construction machines - SATIS GPS","og_description":"SATIS GPS \u27a4 Construction machines \u2714\ufe0f Monitoring pojazd\u00f3w \u2714\ufe0f Kontrola zu\u017cycia paliwa \u2714\ufe0f Lokalizatory \u2b50 Sprawd\u017a!","og_url":"https:\/\/www.satisgps.com\/en\/business-applications\/machines\/construction-machines\/","og_site_name":"SATIS GPS","article_modified_time":"2025-10-06T12:39:57+00:00","og_image":[{"width":1920,"height":863,"url":"https:\/\/www.satisgps.com\/wp-content\/uploads\/2019\/12\/Zastosowania09.png","type":"image\/png"}],"twitter_card":"summary_large_image","twitter_misc":{"Est. reading time":"4 minutes"},"schema":{"@context":"https:\/\/schema.org","@graph":[{"@type":"WebPage","@id":"https:\/\/www.satisgps.com\/en\/business-applications\/machines\/construction-machines\/","url":"https:\/\/www.satisgps.com\/en\/business-applications\/machines\/construction-machines\/","name":"Construction machines - SATIS GPS","isPartOf":{"@id":"https:\/\/www.satisgps.com\/#website"},"primaryImageOfPage":{"@id":"https:\/\/www.satisgps.com\/en\/business-applications\/machines\/construction-machines\/#primaryimage"},"image":{"@id":"https:\/\/www.satisgps.com\/en\/business-applications\/machines\/construction-machines\/#primaryimage"},"thumbnailUrl":"https:\/\/www.satisgps.com\/wp-content\/uploads\/2019\/12\/Zastosowania09.png","datePublished":"2015-04-01T13:05:40+00:00","dateModified":"2025-10-06T12:39:57+00:00","description":"SATIS GPS \u27a4 Construction machines \u2714\ufe0f Monitoring pojazd\u00f3w \u2714\ufe0f Kontrola zu\u017cycia paliwa \u2714\ufe0f Lokalizatory \u2b50 Sprawd\u017a!","breadcrumb":{"@id":"https:\/\/www.satisgps.com\/en\/business-applications\/machines\/construction-machines\/#breadcrumb"},"inLanguage":"en-US","potentialAction":[{"@type":"ReadAction","target":["https:\/\/www.satisgps.com\/en\/business-applications\/machines\/construction-machines\/"]}]},{"@type":"ImageObject","inLanguage":"en-US","@id":"https:\/\/www.satisgps.com\/en\/business-applications\/machines\/construction-machines\/#primaryimage","url":"https:\/\/www.satisgps.com\/wp-content\/uploads\/2019\/12\/Zastosowania09.png","contentUrl":"https:\/\/www.satisgps.com\/wp-content\/uploads\/2019\/12\/Zastosowania09.png","width":1920,"height":863},{"@type":"BreadcrumbList","@id":"https:\/\/www.satisgps.com\/en\/business-applications\/machines\/construction-machines\/#breadcrumb","itemListElement":[{"@type":"ListItem","position":1,"name":"Monitoring floty","item":"https:\/\/www.satisgps.com\/en\/"},{"@type":"ListItem","position":2,"name":"Business applications","item":"https:\/\/www.satisgps.com\/en\/business-applications\/"},{"@type":"ListItem","position":3,"name":"Machines","item":"https:\/\/www.satisgps.com\/en\/business-applications\/machines\/"},{"@type":"ListItem","position":4,"name":"Construction machines","item":"https:\/\/www.satisgps.com\/en\/wp-json\/wp\/v2\/pages\/2611"}]},{"@type":"WebSite","@id":"https:\/\/www.satisgps.com\/#website","url":"https:\/\/www.satisgps.com\/","name":"SATIS GPS","description":"System zarz\u0105dzania flot\u0105 i monitoring GPS pojazd\u00f3w","publisher":{"@id":"https:\/\/www.satisgps.com\/#organization"},"potentialAction":[{"@type":"SearchAction","target":{"@type":"EntryPoint","urlTemplate":"https:\/\/www.satisgps.com\/?s={search_term_string}"},"query-input":{"@type":"PropertyValueSpecification","valueRequired":true,"valueName":"search_term_string"}}],"inLanguage":"en-US"},{"@type":"Organization","@id":"https:\/\/www.satisgps.com\/#organization","name":"SATIS GPS","url":"https:\/\/www.satisgps.com\/","logo":{"@type":"ImageObject","inLanguage":"en-US","@id":"https:\/\/www.satisgps.com\/#\/schema\/logo\/image\/","url":"https:\/\/www.satisgps.com\/wp-content\/uploads\/2015\/03\/logo-satis.png","contentUrl":"https:\/\/www.satisgps.com\/wp-content\/uploads\/2015\/03\/logo-satis.png","width":146,"height":50,"caption":"SATIS GPS"},"image":{"@id":"https:\/\/www.satisgps.com\/#\/schema\/logo\/image\/"}}]}},"_links":{"self":[{"href":"https:\/\/www.satisgps.com\/en\/wp-json\/wp\/v2\/pages\/2611","targetHints":{"allow":["GET"]}}],"collection":[{"href":"https:\/\/www.satisgps.com\/en\/wp-json\/wp\/v2\/pages"}],"about":[{"href":"https:\/\/www.satisgps.com\/en\/wp-json\/wp\/v2\/types\/page"}],"author":[{"embeddable":true,"href":"https:\/\/www.satisgps.com\/en\/wp-json\/wp\/v2\/users\/13"}],"replies":[{"embeddable":true,"href":"https:\/\/www.satisgps.com\/en\/wp-json\/wp\/v2\/comments?post=2611"}],"version-history":[{"count":8,"href":"https:\/\/www.satisgps.com\/en\/wp-json\/wp\/v2\/pages\/2611\/revisions"}],"predecessor-version":[{"id":8626,"href":"https:\/\/www.satisgps.com\/en\/wp-json\/wp\/v2\/pages\/2611\/revisions\/8626"}],"up":[{"embeddable":true,"href":"https:\/\/www.satisgps.com\/en\/wp-json\/wp\/v2\/pages\/2607"}],"wp:featuredmedia":[{"embeddable":true,"href":"https:\/\/www.satisgps.com\/en\/wp-json\/wp\/v2\/media\/5182"}],"wp:attachment":[{"href":"https:\/\/www.satisgps.com\/en\/wp-json\/wp\/v2\/media?parent=2611"}],"curies":[{"name":"wp","href":"https:\/\/api.w.org\/{rel}","templated":true}]}}