{"id":2615,"date":"2015-04-01T13:06:10","date_gmt":"2015-04-01T13:06:10","guid":{"rendered":"http:\/\/www.satisgps.com\/business-applications\/machines\/monitoring-czasu-pracy-maszyn\/"},"modified":"2020-01-08T10:48:39","modified_gmt":"2020-01-08T09:48:39","slug":"monitoring-of-construction-machine-working-time","status":"publish","type":"page","link":"https:\/\/www.satisgps.com\/en\/business-applications\/machines\/monitoring-of-construction-machine-working-time\/","title":{"rendered":"Monitoring of construction machine working time"},"content":{"rendered":"<h1>Monitoring of construction machine working time<\/h1>\n<p><strong>Detailed measurement of actual working time.<\/strong><\/p>\n<p style=\"text-align: justify;\">The CAN bus data or analogue measurement of rpm in construction equipment can be used with great accuracy to determine whether a device is physically being used at the moment or whether it is idle with the engine running. The monitoring we propose makes it possible to eliminate frauds associated with the declared working time of construction machines and unnecessarily consumed fuel.<\/p>\n<p style=\"text-align: justify;\">Before implementation of the SATIS system, many of our Customers would very often found that the data entered into timesheets did not match the activities actually performed as part of the project. Three months after the implementation of the monitoring system, our Customers stopped using the ineffective paper timesheets. Currently, all reports and summaries are generated in the system and the average fuel consumption by machinery has been reduced to about 25%.<\/p>\n<p style=\"text-align: justify;\">The construction machine monitoring recommended by us significantly increases the efficiency of operations and indicates the actual working time of machinery. This way, employers do not have to incur unnecessary costs, while employees are more engaged in their duties. Our product is an ideal investment for both small and large enterprises.<\/p>\n","protected":false},"excerpt":{"rendered":"<p>Monitoring of construction machine working time Detailed measurement of actual working time. The CAN bus data or analogue measurement of rpm in construction equipment can be used with great accuracy to determine whether a device is physically being used at the moment or whether it is idle with the engine running. The monitoring we propose &hellip; <\/p>\n<p class=\"link-more\"><a href=\"https:\/\/www.satisgps.com\/en\/business-applications\/machines\/monitoring-of-construction-machine-working-time\/\" class=\"more-link\">Continue reading<span class=\"screen-reader-text\"> &#8220;Monitoring of construction machine working time&#8221;<\/span><\/a><\/p>\n","protected":false},"author":13,"featured_media":5182,"parent":2607,"menu_order":0,"comment_status":"closed","ping_status":"closed","template":"","meta":{"_acf_changed":false,"footnotes":""},"class_list":["post-2615","page","type-page","status-publish","has-post-thumbnail","hentry"],"acf":[],"yoast_head":"<!-- This site is optimized with the Yoast SEO plugin v26.5 - https:\/\/yoast.com\/wordpress\/plugins\/seo\/ -->\n<title>Monitoring of construction machine working time - SATIS GPS<\/title>\n<meta name=\"description\" content=\"SATIS GPS \u27a4 Monitoring of construction machine working time \u2714\ufe0f Monitoring pojazd\u00f3w \u2714\ufe0f Kontrola zu\u017cycia paliwa \u2714\ufe0f Lokalizatory \u2b50 Sprawd\u017a!\" \/>\n<meta name=\"robots\" content=\"index, follow, max-snippet:-1, max-image-preview:large, max-video-preview:-1\" \/>\n<link rel=\"canonical\" href=\"https:\/\/www.satisgps.com\/en\/business-applications\/machines\/monitoring-of-construction-machine-working-time\/\" \/>\n<meta property=\"og:locale\" content=\"en_US\" \/>\n<meta property=\"og:type\" content=\"article\" \/>\n<meta property=\"og:title\" content=\"Monitoring of construction machine working time - SATIS GPS\" \/>\n<meta property=\"og:description\" content=\"SATIS GPS \u27a4 Monitoring of construction machine working time \u2714\ufe0f Monitoring pojazd\u00f3w \u2714\ufe0f Kontrola zu\u017cycia paliwa \u2714\ufe0f Lokalizatory \u2b50 Sprawd\u017a!\" \/>\n<meta property=\"og:url\" content=\"https:\/\/www.satisgps.com\/en\/business-applications\/machines\/monitoring-of-construction-machine-working-time\/\" \/>\n<meta property=\"og:site_name\" content=\"SATIS GPS\" \/>\n<meta property=\"article:modified_time\" content=\"2020-01-08T09:48:39+00:00\" \/>\n<meta property=\"og:image\" content=\"https:\/\/www.satisgps.com\/wp-content\/uploads\/2019\/12\/Zastosowania09.png\" \/>\n\t<meta property=\"og:image:width\" content=\"1920\" \/>\n\t<meta property=\"og:image:height\" content=\"863\" \/>\n\t<meta property=\"og:image:type\" content=\"image\/png\" \/>\n<meta name=\"twitter:card\" content=\"summary_large_image\" \/>\n<meta name=\"twitter:label1\" content=\"Est. reading time\" \/>\n\t<meta name=\"twitter:data1\" content=\"1 minute\" \/>\n<script type=\"application\/ld+json\" class=\"yoast-schema-graph\">{\"@context\":\"https:\/\/schema.org\",\"@graph\":[{\"@type\":\"WebPage\",\"@id\":\"https:\/\/www.satisgps.com\/en\/business-applications\/machines\/monitoring-of-construction-machine-working-time\/\",\"url\":\"https:\/\/www.satisgps.com\/en\/business-applications\/machines\/monitoring-of-construction-machine-working-time\/\",\"name\":\"Monitoring of construction machine working time - SATIS GPS\",\"isPartOf\":{\"@id\":\"https:\/\/www.satisgps.com\/#website\"},\"primaryImageOfPage\":{\"@id\":\"https:\/\/www.satisgps.com\/en\/business-applications\/machines\/monitoring-of-construction-machine-working-time\/#primaryimage\"},\"image\":{\"@id\":\"https:\/\/www.satisgps.com\/en\/business-applications\/machines\/monitoring-of-construction-machine-working-time\/#primaryimage\"},\"thumbnailUrl\":\"https:\/\/www.satisgps.com\/wp-content\/uploads\/2019\/12\/Zastosowania09.png\",\"datePublished\":\"2015-04-01T13:06:10+00:00\",\"dateModified\":\"2020-01-08T09:48:39+00:00\",\"description\":\"SATIS GPS \u27a4 Monitoring of construction machine working time \u2714\ufe0f Monitoring pojazd\u00f3w \u2714\ufe0f Kontrola zu\u017cycia paliwa \u2714\ufe0f Lokalizatory \u2b50 Sprawd\u017a!\",\"breadcrumb\":{\"@id\":\"https:\/\/www.satisgps.com\/en\/business-applications\/machines\/monitoring-of-construction-machine-working-time\/#breadcrumb\"},\"inLanguage\":\"en-US\",\"potentialAction\":[{\"@type\":\"ReadAction\",\"target\":[\"https:\/\/www.satisgps.com\/en\/business-applications\/machines\/monitoring-of-construction-machine-working-time\/\"]}]},{\"@type\":\"ImageObject\",\"inLanguage\":\"en-US\",\"@id\":\"https:\/\/www.satisgps.com\/en\/business-applications\/machines\/monitoring-of-construction-machine-working-time\/#primaryimage\",\"url\":\"https:\/\/www.satisgps.com\/wp-content\/uploads\/2019\/12\/Zastosowania09.png\",\"contentUrl\":\"https:\/\/www.satisgps.com\/wp-content\/uploads\/2019\/12\/Zastosowania09.png\",\"width\":1920,\"height\":863},{\"@type\":\"BreadcrumbList\",\"@id\":\"https:\/\/www.satisgps.com\/en\/business-applications\/machines\/monitoring-of-construction-machine-working-time\/#breadcrumb\",\"itemListElement\":[{\"@type\":\"ListItem\",\"position\":1,\"name\":\"Monitoring floty\",\"item\":\"https:\/\/www.satisgps.com\/en\/\"},{\"@type\":\"ListItem\",\"position\":2,\"name\":\"Business applications\",\"item\":\"https:\/\/www.satisgps.com\/en\/business-applications\/\"},{\"@type\":\"ListItem\",\"position\":3,\"name\":\"Machines\",\"item\":\"https:\/\/www.satisgps.com\/en\/business-applications\/machines\/\"},{\"@type\":\"ListItem\",\"position\":4,\"name\":\"Monitoring of construction machine working time\",\"item\":\"https:\/\/www.satisgps.com\/en\/wp-json\/wp\/v2\/pages\/2615\"}]},{\"@type\":\"WebSite\",\"@id\":\"https:\/\/www.satisgps.com\/#website\",\"url\":\"https:\/\/www.satisgps.com\/\",\"name\":\"SATIS GPS\",\"description\":\"System zarz\u0105dzania flot\u0105 i monitoring GPS pojazd\u00f3w\",\"publisher\":{\"@id\":\"https:\/\/www.satisgps.com\/#organization\"},\"potentialAction\":[{\"@type\":\"SearchAction\",\"target\":{\"@type\":\"EntryPoint\",\"urlTemplate\":\"https:\/\/www.satisgps.com\/?s={search_term_string}\"},\"query-input\":{\"@type\":\"PropertyValueSpecification\",\"valueRequired\":true,\"valueName\":\"search_term_string\"}}],\"inLanguage\":\"en-US\"},{\"@type\":\"Organization\",\"@id\":\"https:\/\/www.satisgps.com\/#organization\",\"name\":\"SATIS GPS\",\"url\":\"https:\/\/www.satisgps.com\/\",\"logo\":{\"@type\":\"ImageObject\",\"inLanguage\":\"en-US\",\"@id\":\"https:\/\/www.satisgps.com\/#\/schema\/logo\/image\/\",\"url\":\"https:\/\/www.satisgps.com\/wp-content\/uploads\/2015\/03\/logo-satis.png\",\"contentUrl\":\"https:\/\/www.satisgps.com\/wp-content\/uploads\/2015\/03\/logo-satis.png\",\"width\":146,\"height\":50,\"caption\":\"SATIS GPS\"},\"image\":{\"@id\":\"https:\/\/www.satisgps.com\/#\/schema\/logo\/image\/\"}}]}<\/script>\n<!-- \/ Yoast SEO plugin. -->","yoast_head_json":{"title":"Monitoring of construction machine working time - SATIS GPS","description":"SATIS GPS \u27a4 Monitoring of construction machine working time \u2714\ufe0f Monitoring pojazd\u00f3w \u2714\ufe0f Kontrola zu\u017cycia paliwa \u2714\ufe0f Lokalizatory \u2b50 Sprawd\u017a!","robots":{"index":"index","follow":"follow","max-snippet":"max-snippet:-1","max-image-preview":"max-image-preview:large","max-video-preview":"max-video-preview:-1"},"canonical":"https:\/\/www.satisgps.com\/en\/business-applications\/machines\/monitoring-of-construction-machine-working-time\/","og_locale":"en_US","og_type":"article","og_title":"Monitoring of construction machine working time - SATIS GPS","og_description":"SATIS GPS \u27a4 Monitoring of construction machine working time \u2714\ufe0f Monitoring pojazd\u00f3w \u2714\ufe0f Kontrola zu\u017cycia paliwa \u2714\ufe0f Lokalizatory \u2b50 Sprawd\u017a!","og_url":"https:\/\/www.satisgps.com\/en\/business-applications\/machines\/monitoring-of-construction-machine-working-time\/","og_site_name":"SATIS GPS","article_modified_time":"2020-01-08T09:48:39+00:00","og_image":[{"width":1920,"height":863,"url":"https:\/\/www.satisgps.com\/wp-content\/uploads\/2019\/12\/Zastosowania09.png","type":"image\/png"}],"twitter_card":"summary_large_image","twitter_misc":{"Est. reading time":"1 minute"},"schema":{"@context":"https:\/\/schema.org","@graph":[{"@type":"WebPage","@id":"https:\/\/www.satisgps.com\/en\/business-applications\/machines\/monitoring-of-construction-machine-working-time\/","url":"https:\/\/www.satisgps.com\/en\/business-applications\/machines\/monitoring-of-construction-machine-working-time\/","name":"Monitoring of construction machine working time - SATIS GPS","isPartOf":{"@id":"https:\/\/www.satisgps.com\/#website"},"primaryImageOfPage":{"@id":"https:\/\/www.satisgps.com\/en\/business-applications\/machines\/monitoring-of-construction-machine-working-time\/#primaryimage"},"image":{"@id":"https:\/\/www.satisgps.com\/en\/business-applications\/machines\/monitoring-of-construction-machine-working-time\/#primaryimage"},"thumbnailUrl":"https:\/\/www.satisgps.com\/wp-content\/uploads\/2019\/12\/Zastosowania09.png","datePublished":"2015-04-01T13:06:10+00:00","dateModified":"2020-01-08T09:48:39+00:00","description":"SATIS GPS \u27a4 Monitoring of construction machine working time \u2714\ufe0f Monitoring pojazd\u00f3w \u2714\ufe0f Kontrola zu\u017cycia paliwa \u2714\ufe0f Lokalizatory \u2b50 Sprawd\u017a!","breadcrumb":{"@id":"https:\/\/www.satisgps.com\/en\/business-applications\/machines\/monitoring-of-construction-machine-working-time\/#breadcrumb"},"inLanguage":"en-US","potentialAction":[{"@type":"ReadAction","target":["https:\/\/www.satisgps.com\/en\/business-applications\/machines\/monitoring-of-construction-machine-working-time\/"]}]},{"@type":"ImageObject","inLanguage":"en-US","@id":"https:\/\/www.satisgps.com\/en\/business-applications\/machines\/monitoring-of-construction-machine-working-time\/#primaryimage","url":"https:\/\/www.satisgps.com\/wp-content\/uploads\/2019\/12\/Zastosowania09.png","contentUrl":"https:\/\/www.satisgps.com\/wp-content\/uploads\/2019\/12\/Zastosowania09.png","width":1920,"height":863},{"@type":"BreadcrumbList","@id":"https:\/\/www.satisgps.com\/en\/business-applications\/machines\/monitoring-of-construction-machine-working-time\/#breadcrumb","itemListElement":[{"@type":"ListItem","position":1,"name":"Monitoring floty","item":"https:\/\/www.satisgps.com\/en\/"},{"@type":"ListItem","position":2,"name":"Business applications","item":"https:\/\/www.satisgps.com\/en\/business-applications\/"},{"@type":"ListItem","position":3,"name":"Machines","item":"https:\/\/www.satisgps.com\/en\/business-applications\/machines\/"},{"@type":"ListItem","position":4,"name":"Monitoring of construction machine working time","item":"https:\/\/www.satisgps.com\/en\/wp-json\/wp\/v2\/pages\/2615"}]},{"@type":"WebSite","@id":"https:\/\/www.satisgps.com\/#website","url":"https:\/\/www.satisgps.com\/","name":"SATIS GPS","description":"System zarz\u0105dzania flot\u0105 i monitoring GPS pojazd\u00f3w","publisher":{"@id":"https:\/\/www.satisgps.com\/#organization"},"potentialAction":[{"@type":"SearchAction","target":{"@type":"EntryPoint","urlTemplate":"https:\/\/www.satisgps.com\/?s={search_term_string}"},"query-input":{"@type":"PropertyValueSpecification","valueRequired":true,"valueName":"search_term_string"}}],"inLanguage":"en-US"},{"@type":"Organization","@id":"https:\/\/www.satisgps.com\/#organization","name":"SATIS GPS","url":"https:\/\/www.satisgps.com\/","logo":{"@type":"ImageObject","inLanguage":"en-US","@id":"https:\/\/www.satisgps.com\/#\/schema\/logo\/image\/","url":"https:\/\/www.satisgps.com\/wp-content\/uploads\/2015\/03\/logo-satis.png","contentUrl":"https:\/\/www.satisgps.com\/wp-content\/uploads\/2015\/03\/logo-satis.png","width":146,"height":50,"caption":"SATIS GPS"},"image":{"@id":"https:\/\/www.satisgps.com\/#\/schema\/logo\/image\/"}}]}},"_links":{"self":[{"href":"https:\/\/www.satisgps.com\/en\/wp-json\/wp\/v2\/pages\/2615","targetHints":{"allow":["GET"]}}],"collection":[{"href":"https:\/\/www.satisgps.com\/en\/wp-json\/wp\/v2\/pages"}],"about":[{"href":"https:\/\/www.satisgps.com\/en\/wp-json\/wp\/v2\/types\/page"}],"author":[{"embeddable":true,"href":"https:\/\/www.satisgps.com\/en\/wp-json\/wp\/v2\/users\/13"}],"replies":[{"embeddable":true,"href":"https:\/\/www.satisgps.com\/en\/wp-json\/wp\/v2\/comments?post=2615"}],"version-history":[{"count":3,"href":"https:\/\/www.satisgps.com\/en\/wp-json\/wp\/v2\/pages\/2615\/revisions"}],"predecessor-version":[{"id":5311,"href":"https:\/\/www.satisgps.com\/en\/wp-json\/wp\/v2\/pages\/2615\/revisions\/5311"}],"up":[{"embeddable":true,"href":"https:\/\/www.satisgps.com\/en\/wp-json\/wp\/v2\/pages\/2607"}],"wp:featuredmedia":[{"embeddable":true,"href":"https:\/\/www.satisgps.com\/en\/wp-json\/wp\/v2\/media\/5182"}],"wp:attachment":[{"href":"https:\/\/www.satisgps.com\/en\/wp-json\/wp\/v2\/media?parent=2615"}],"curies":[{"name":"wp","href":"https:\/\/api.w.org\/{rel}","templated":true}]}}