{"id":2618,"date":"2015-04-01T13:04:54","date_gmt":"2015-04-01T13:04:54","guid":{"rendered":"http:\/\/www.satisgps.com\/business-applications\/machines\/kontrola-operatorow\/"},"modified":"2020-01-08T10:49:40","modified_gmt":"2020-01-08T09:49:40","slug":"operator-control","status":"publish","type":"page","link":"https:\/\/www.satisgps.com\/en\/business-applications\/machines\/operator-control\/","title":{"rendered":"Operator control"},"content":{"rendered":"<h1>Operator control<\/h1>\n<p><strong>Measurement of the actual operator&#8217;s working time<\/strong><\/p>\n<p style=\"text-align: justify;\">Many companies that decide to use the SATIS system use different fees for the operator&#8217;s working hours depending on whether he\/she does actual work in the machine or performs other tasks.<\/p>\n<p style=\"text-align: justify;\">The use of driver identification modules in construction machines enables a quick and accurate summary of their working time in machines during the set period. This clearly separates the working time in machines from other tasks.<\/p>\n<p style=\"text-align: justify;\"><strong>Elimination of employee fraud<\/strong><\/p>\n<p style=\"text-align: justify;\">Depending on the type of machine, its location and the method of its use, employee fraud is becoming a widespread problem, involving jobs on the side using the machinery. Since the SATIS system gives the option to define the geographic areas in which operation of construction machines is permitted, it is possible to completely eliminate situations in which machines perform unauthorised tasks at other places.<\/p>\n<p style=\"text-align: justify;\">The second type of actions common among employees is taking fuel from the tank or filling to external tanks. In both cases, the fuel algorithm and integration with supported filling systems allow for considerable limitation of such practices.<\/p>\n","protected":false},"excerpt":{"rendered":"<p>Operator control Measurement of the actual operator&#8217;s working time Many companies that decide to use the SATIS system use different fees for the operator&#8217;s working hours depending on whether he\/she does actual work in the machine or performs other tasks. The use of driver identification modules in construction machines enables a quick and accurate summary &hellip; <\/p>\n<p class=\"link-more\"><a href=\"https:\/\/www.satisgps.com\/en\/business-applications\/machines\/operator-control\/\" class=\"more-link\">Continue reading<span class=\"screen-reader-text\"> &#8220;Operator control&#8221;<\/span><\/a><\/p>\n","protected":false},"author":13,"featured_media":5182,"parent":2607,"menu_order":0,"comment_status":"closed","ping_status":"closed","template":"","meta":{"_acf_changed":false,"footnotes":""},"class_list":["post-2618","page","type-page","status-publish","has-post-thumbnail","hentry"],"acf":[],"yoast_head":"<!-- This site is optimized with the Yoast SEO plugin v26.5 - https:\/\/yoast.com\/wordpress\/plugins\/seo\/ -->\n<title>Operator control - SATIS GPS<\/title>\n<meta name=\"description\" content=\"SATIS GPS \u27a4 Operator control \u2714\ufe0f Monitoring pojazd\u00f3w \u2714\ufe0f Kontrola zu\u017cycia paliwa \u2714\ufe0f Lokalizatory \u2b50 Sprawd\u017a!\" \/>\n<meta name=\"robots\" content=\"index, follow, max-snippet:-1, max-image-preview:large, max-video-preview:-1\" \/>\n<link rel=\"canonical\" href=\"https:\/\/www.satisgps.com\/en\/business-applications\/machines\/operator-control\/\" \/>\n<meta property=\"og:locale\" content=\"en_US\" \/>\n<meta property=\"og:type\" content=\"article\" \/>\n<meta property=\"og:title\" content=\"Operator control - SATIS GPS\" \/>\n<meta property=\"og:description\" content=\"SATIS GPS \u27a4 Operator control \u2714\ufe0f Monitoring pojazd\u00f3w \u2714\ufe0f Kontrola zu\u017cycia paliwa \u2714\ufe0f Lokalizatory \u2b50 Sprawd\u017a!\" \/>\n<meta property=\"og:url\" content=\"https:\/\/www.satisgps.com\/en\/business-applications\/machines\/operator-control\/\" \/>\n<meta property=\"og:site_name\" content=\"SATIS GPS\" \/>\n<meta property=\"article:modified_time\" content=\"2020-01-08T09:49:40+00:00\" \/>\n<meta property=\"og:image\" content=\"https:\/\/www.satisgps.com\/wp-content\/uploads\/2019\/12\/Zastosowania09.png\" \/>\n\t<meta property=\"og:image:width\" content=\"1920\" \/>\n\t<meta property=\"og:image:height\" content=\"863\" \/>\n\t<meta property=\"og:image:type\" content=\"image\/png\" \/>\n<meta name=\"twitter:card\" content=\"summary_large_image\" \/>\n<meta name=\"twitter:label1\" content=\"Est. reading time\" \/>\n\t<meta name=\"twitter:data1\" content=\"1 minute\" \/>\n<script type=\"application\/ld+json\" class=\"yoast-schema-graph\">{\"@context\":\"https:\/\/schema.org\",\"@graph\":[{\"@type\":\"WebPage\",\"@id\":\"https:\/\/www.satisgps.com\/en\/business-applications\/machines\/operator-control\/\",\"url\":\"https:\/\/www.satisgps.com\/en\/business-applications\/machines\/operator-control\/\",\"name\":\"Operator control - SATIS GPS\",\"isPartOf\":{\"@id\":\"https:\/\/www.satisgps.com\/#website\"},\"primaryImageOfPage\":{\"@id\":\"https:\/\/www.satisgps.com\/en\/business-applications\/machines\/operator-control\/#primaryimage\"},\"image\":{\"@id\":\"https:\/\/www.satisgps.com\/en\/business-applications\/machines\/operator-control\/#primaryimage\"},\"thumbnailUrl\":\"https:\/\/www.satisgps.com\/wp-content\/uploads\/2019\/12\/Zastosowania09.png\",\"datePublished\":\"2015-04-01T13:04:54+00:00\",\"dateModified\":\"2020-01-08T09:49:40+00:00\",\"description\":\"SATIS GPS \u27a4 Operator control \u2714\ufe0f Monitoring pojazd\u00f3w \u2714\ufe0f Kontrola zu\u017cycia paliwa \u2714\ufe0f Lokalizatory \u2b50 Sprawd\u017a!\",\"breadcrumb\":{\"@id\":\"https:\/\/www.satisgps.com\/en\/business-applications\/machines\/operator-control\/#breadcrumb\"},\"inLanguage\":\"en-US\",\"potentialAction\":[{\"@type\":\"ReadAction\",\"target\":[\"https:\/\/www.satisgps.com\/en\/business-applications\/machines\/operator-control\/\"]}]},{\"@type\":\"ImageObject\",\"inLanguage\":\"en-US\",\"@id\":\"https:\/\/www.satisgps.com\/en\/business-applications\/machines\/operator-control\/#primaryimage\",\"url\":\"https:\/\/www.satisgps.com\/wp-content\/uploads\/2019\/12\/Zastosowania09.png\",\"contentUrl\":\"https:\/\/www.satisgps.com\/wp-content\/uploads\/2019\/12\/Zastosowania09.png\",\"width\":1920,\"height\":863},{\"@type\":\"BreadcrumbList\",\"@id\":\"https:\/\/www.satisgps.com\/en\/business-applications\/machines\/operator-control\/#breadcrumb\",\"itemListElement\":[{\"@type\":\"ListItem\",\"position\":1,\"name\":\"Monitoring floty\",\"item\":\"https:\/\/www.satisgps.com\/en\/\"},{\"@type\":\"ListItem\",\"position\":2,\"name\":\"Business applications\",\"item\":\"https:\/\/www.satisgps.com\/en\/business-applications\/\"},{\"@type\":\"ListItem\",\"position\":3,\"name\":\"Machines\",\"item\":\"https:\/\/www.satisgps.com\/en\/business-applications\/machines\/\"},{\"@type\":\"ListItem\",\"position\":4,\"name\":\"Operator control\",\"item\":\"https:\/\/www.satisgps.com\/en\/wp-json\/wp\/v2\/pages\/2618\"}]},{\"@type\":\"WebSite\",\"@id\":\"https:\/\/www.satisgps.com\/#website\",\"url\":\"https:\/\/www.satisgps.com\/\",\"name\":\"SATIS GPS\",\"description\":\"System zarz\u0105dzania flot\u0105 i monitoring GPS pojazd\u00f3w\",\"publisher\":{\"@id\":\"https:\/\/www.satisgps.com\/#organization\"},\"potentialAction\":[{\"@type\":\"SearchAction\",\"target\":{\"@type\":\"EntryPoint\",\"urlTemplate\":\"https:\/\/www.satisgps.com\/?s={search_term_string}\"},\"query-input\":{\"@type\":\"PropertyValueSpecification\",\"valueRequired\":true,\"valueName\":\"search_term_string\"}}],\"inLanguage\":\"en-US\"},{\"@type\":\"Organization\",\"@id\":\"https:\/\/www.satisgps.com\/#organization\",\"name\":\"SATIS GPS\",\"url\":\"https:\/\/www.satisgps.com\/\",\"logo\":{\"@type\":\"ImageObject\",\"inLanguage\":\"en-US\",\"@id\":\"https:\/\/www.satisgps.com\/#\/schema\/logo\/image\/\",\"url\":\"https:\/\/www.satisgps.com\/wp-content\/uploads\/2015\/03\/logo-satis.png\",\"contentUrl\":\"https:\/\/www.satisgps.com\/wp-content\/uploads\/2015\/03\/logo-satis.png\",\"width\":146,\"height\":50,\"caption\":\"SATIS GPS\"},\"image\":{\"@id\":\"https:\/\/www.satisgps.com\/#\/schema\/logo\/image\/\"}}]}<\/script>\n<!-- \/ Yoast SEO plugin. -->","yoast_head_json":{"title":"Operator control - SATIS GPS","description":"SATIS GPS \u27a4 Operator control \u2714\ufe0f Monitoring pojazd\u00f3w \u2714\ufe0f Kontrola zu\u017cycia paliwa \u2714\ufe0f Lokalizatory \u2b50 Sprawd\u017a!","robots":{"index":"index","follow":"follow","max-snippet":"max-snippet:-1","max-image-preview":"max-image-preview:large","max-video-preview":"max-video-preview:-1"},"canonical":"https:\/\/www.satisgps.com\/en\/business-applications\/machines\/operator-control\/","og_locale":"en_US","og_type":"article","og_title":"Operator control - SATIS GPS","og_description":"SATIS GPS \u27a4 Operator control \u2714\ufe0f Monitoring pojazd\u00f3w \u2714\ufe0f Kontrola zu\u017cycia paliwa \u2714\ufe0f Lokalizatory \u2b50 Sprawd\u017a!","og_url":"https:\/\/www.satisgps.com\/en\/business-applications\/machines\/operator-control\/","og_site_name":"SATIS GPS","article_modified_time":"2020-01-08T09:49:40+00:00","og_image":[{"width":1920,"height":863,"url":"https:\/\/www.satisgps.com\/wp-content\/uploads\/2019\/12\/Zastosowania09.png","type":"image\/png"}],"twitter_card":"summary_large_image","twitter_misc":{"Est. reading time":"1 minute"},"schema":{"@context":"https:\/\/schema.org","@graph":[{"@type":"WebPage","@id":"https:\/\/www.satisgps.com\/en\/business-applications\/machines\/operator-control\/","url":"https:\/\/www.satisgps.com\/en\/business-applications\/machines\/operator-control\/","name":"Operator control - SATIS GPS","isPartOf":{"@id":"https:\/\/www.satisgps.com\/#website"},"primaryImageOfPage":{"@id":"https:\/\/www.satisgps.com\/en\/business-applications\/machines\/operator-control\/#primaryimage"},"image":{"@id":"https:\/\/www.satisgps.com\/en\/business-applications\/machines\/operator-control\/#primaryimage"},"thumbnailUrl":"https:\/\/www.satisgps.com\/wp-content\/uploads\/2019\/12\/Zastosowania09.png","datePublished":"2015-04-01T13:04:54+00:00","dateModified":"2020-01-08T09:49:40+00:00","description":"SATIS GPS \u27a4 Operator control \u2714\ufe0f Monitoring pojazd\u00f3w \u2714\ufe0f Kontrola zu\u017cycia paliwa \u2714\ufe0f Lokalizatory \u2b50 Sprawd\u017a!","breadcrumb":{"@id":"https:\/\/www.satisgps.com\/en\/business-applications\/machines\/operator-control\/#breadcrumb"},"inLanguage":"en-US","potentialAction":[{"@type":"ReadAction","target":["https:\/\/www.satisgps.com\/en\/business-applications\/machines\/operator-control\/"]}]},{"@type":"ImageObject","inLanguage":"en-US","@id":"https:\/\/www.satisgps.com\/en\/business-applications\/machines\/operator-control\/#primaryimage","url":"https:\/\/www.satisgps.com\/wp-content\/uploads\/2019\/12\/Zastosowania09.png","contentUrl":"https:\/\/www.satisgps.com\/wp-content\/uploads\/2019\/12\/Zastosowania09.png","width":1920,"height":863},{"@type":"BreadcrumbList","@id":"https:\/\/www.satisgps.com\/en\/business-applications\/machines\/operator-control\/#breadcrumb","itemListElement":[{"@type":"ListItem","position":1,"name":"Monitoring floty","item":"https:\/\/www.satisgps.com\/en\/"},{"@type":"ListItem","position":2,"name":"Business applications","item":"https:\/\/www.satisgps.com\/en\/business-applications\/"},{"@type":"ListItem","position":3,"name":"Machines","item":"https:\/\/www.satisgps.com\/en\/business-applications\/machines\/"},{"@type":"ListItem","position":4,"name":"Operator control","item":"https:\/\/www.satisgps.com\/en\/wp-json\/wp\/v2\/pages\/2618"}]},{"@type":"WebSite","@id":"https:\/\/www.satisgps.com\/#website","url":"https:\/\/www.satisgps.com\/","name":"SATIS GPS","description":"System zarz\u0105dzania flot\u0105 i monitoring GPS pojazd\u00f3w","publisher":{"@id":"https:\/\/www.satisgps.com\/#organization"},"potentialAction":[{"@type":"SearchAction","target":{"@type":"EntryPoint","urlTemplate":"https:\/\/www.satisgps.com\/?s={search_term_string}"},"query-input":{"@type":"PropertyValueSpecification","valueRequired":true,"valueName":"search_term_string"}}],"inLanguage":"en-US"},{"@type":"Organization","@id":"https:\/\/www.satisgps.com\/#organization","name":"SATIS GPS","url":"https:\/\/www.satisgps.com\/","logo":{"@type":"ImageObject","inLanguage":"en-US","@id":"https:\/\/www.satisgps.com\/#\/schema\/logo\/image\/","url":"https:\/\/www.satisgps.com\/wp-content\/uploads\/2015\/03\/logo-satis.png","contentUrl":"https:\/\/www.satisgps.com\/wp-content\/uploads\/2015\/03\/logo-satis.png","width":146,"height":50,"caption":"SATIS GPS"},"image":{"@id":"https:\/\/www.satisgps.com\/#\/schema\/logo\/image\/"}}]}},"_links":{"self":[{"href":"https:\/\/www.satisgps.com\/en\/wp-json\/wp\/v2\/pages\/2618","targetHints":{"allow":["GET"]}}],"collection":[{"href":"https:\/\/www.satisgps.com\/en\/wp-json\/wp\/v2\/pages"}],"about":[{"href":"https:\/\/www.satisgps.com\/en\/wp-json\/wp\/v2\/types\/page"}],"author":[{"embeddable":true,"href":"https:\/\/www.satisgps.com\/en\/wp-json\/wp\/v2\/users\/13"}],"replies":[{"embeddable":true,"href":"https:\/\/www.satisgps.com\/en\/wp-json\/wp\/v2\/comments?post=2618"}],"version-history":[{"count":3,"href":"https:\/\/www.satisgps.com\/en\/wp-json\/wp\/v2\/pages\/2618\/revisions"}],"predecessor-version":[{"id":5312,"href":"https:\/\/www.satisgps.com\/en\/wp-json\/wp\/v2\/pages\/2618\/revisions\/5312"}],"up":[{"embeddable":true,"href":"https:\/\/www.satisgps.com\/en\/wp-json\/wp\/v2\/pages\/2607"}],"wp:featuredmedia":[{"embeddable":true,"href":"https:\/\/www.satisgps.com\/en\/wp-json\/wp\/v2\/media\/5182"}],"wp:attachment":[{"href":"https:\/\/www.satisgps.com\/en\/wp-json\/wp\/v2\/media?parent=2618"}],"curies":[{"name":"wp","href":"https:\/\/api.w.org\/{rel}","templated":true}]}}