{"id":2621,"date":"2015-04-01T13:08:45","date_gmt":"2015-04-01T13:08:45","guid":{"rendered":"http:\/\/www.satisgps.com\/business-applications\/machines\/pomiar-paliwa\/"},"modified":"2020-01-08T10:50:13","modified_gmt":"2020-01-08T09:50:13","slug":"fuel-measurement","status":"publish","type":"page","link":"https:\/\/www.satisgps.com\/en\/business-applications\/machines\/fuel-measurement\/","title":{"rendered":"Fuel measurement"},"content":{"rendered":"<h1>Fuel measurement<\/h1>\n<p><strong>Measurement of fuel consumed<\/strong><\/p>\n<p style=\"text-align: justify;\">A typical problem on construction sites is how operators account for the fuel consumed by the machine. This is most often done by multiplying the employee&#8217;s working time by the fuel consumption standard for the machine.<\/p>\n<p style=\"text-align: justify;\">The employee declares that he has worked 10 hours, the machine uses 12 l\/h on average, so the declared daily consumption is 120 l. With the ability to accurately distinguish the actual machine working time from its operation at idle speed it can be easily determined that when the machine physically worked for 6 hours, it was running in idle mode for 2 hours (fuel consumption of about 1.5 l\/h), so the daily fuel consumption should not be 120 litres, but rather 75 litres at most.<\/p>\n<p style=\"text-align: justify;\">Until the SATIS system is installed, it usually remains a mystery what happened with the differences in the fuel declared as collected and consumed and the fuel actually used. Implementation of the SATIS system can almost completely eliminate this practice.<\/p>\n<p style=\"text-align: justify;\"><strong>Control of filling from mobile filling stations and containers<\/strong><\/p>\n<p style=\"text-align: justify;\">A typical practice is to refuel construction machines at locations where they are being used at the moment. This is done by using container or mobile filling stations owned by the company.<\/p>\n<p style=\"text-align: justify;\">The SATIS system enables integration with mobile and container filling station systems. This makes it possible to accurately compare the amount of fuel supplied from the dispenser with the amount that was actually poured to the tank. This means practically 100% secure fuel circulation: wholesale supplier &#8211; dispenser &#8211; construction machine.<\/p>\n","protected":false},"excerpt":{"rendered":"<p>Fuel measurement Measurement of fuel consumed A typical problem on construction sites is how operators account for the fuel consumed by the machine. This is most often done by multiplying the employee&#8217;s working time by the fuel consumption standard for the machine. The employee declares that he has worked 10 hours, the machine uses 12 &hellip; <\/p>\n<p class=\"link-more\"><a href=\"https:\/\/www.satisgps.com\/en\/business-applications\/machines\/fuel-measurement\/\" class=\"more-link\">Continue reading<span class=\"screen-reader-text\"> &#8220;Fuel measurement&#8221;<\/span><\/a><\/p>\n","protected":false},"author":13,"featured_media":5182,"parent":2607,"menu_order":0,"comment_status":"closed","ping_status":"closed","template":"","meta":{"_acf_changed":false,"footnotes":""},"class_list":["post-2621","page","type-page","status-publish","has-post-thumbnail","hentry"],"acf":[],"yoast_head":"<!-- This site is optimized with the Yoast SEO plugin v26.5 - https:\/\/yoast.com\/wordpress\/plugins\/seo\/ -->\n<title>Fuel measurement - machines<\/title>\n<meta name=\"description\" content=\"SATIS GPS \u27a4 Fuel measurement \u2714\ufe0f Monitoring pojazd\u00f3w \u2714\ufe0f Kontrola zu\u017cycia paliwa \u2714\ufe0f Lokalizatory \u2b50 Sprawd\u017a!\" \/>\n<meta name=\"robots\" content=\"index, follow, max-snippet:-1, max-image-preview:large, max-video-preview:-1\" \/>\n<link rel=\"canonical\" href=\"https:\/\/www.satisgps.com\/en\/business-applications\/machines\/fuel-measurement\/\" \/>\n<meta property=\"og:locale\" content=\"en_US\" \/>\n<meta property=\"og:type\" content=\"article\" \/>\n<meta property=\"og:title\" content=\"Fuel measurement - machines\" \/>\n<meta property=\"og:description\" content=\"SATIS GPS \u27a4 Fuel measurement \u2714\ufe0f Monitoring pojazd\u00f3w \u2714\ufe0f Kontrola zu\u017cycia paliwa \u2714\ufe0f Lokalizatory \u2b50 Sprawd\u017a!\" \/>\n<meta property=\"og:url\" content=\"https:\/\/www.satisgps.com\/en\/business-applications\/machines\/fuel-measurement\/\" \/>\n<meta property=\"og:site_name\" content=\"SATIS GPS\" \/>\n<meta property=\"article:modified_time\" content=\"2020-01-08T09:50:13+00:00\" \/>\n<meta property=\"og:image\" content=\"https:\/\/www.satisgps.com\/wp-content\/uploads\/2019\/12\/Zastosowania09.png\" \/>\n\t<meta property=\"og:image:width\" content=\"1920\" \/>\n\t<meta property=\"og:image:height\" content=\"863\" \/>\n\t<meta property=\"og:image:type\" content=\"image\/png\" \/>\n<meta name=\"twitter:card\" content=\"summary_large_image\" \/>\n<meta name=\"twitter:label1\" content=\"Est. reading time\" \/>\n\t<meta name=\"twitter:data1\" content=\"1 minute\" \/>\n<script type=\"application\/ld+json\" class=\"yoast-schema-graph\">{\"@context\":\"https:\/\/schema.org\",\"@graph\":[{\"@type\":\"WebPage\",\"@id\":\"https:\/\/www.satisgps.com\/en\/business-applications\/machines\/fuel-measurement\/\",\"url\":\"https:\/\/www.satisgps.com\/en\/business-applications\/machines\/fuel-measurement\/\",\"name\":\"Fuel measurement - machines\",\"isPartOf\":{\"@id\":\"https:\/\/www.satisgps.com\/#website\"},\"primaryImageOfPage\":{\"@id\":\"https:\/\/www.satisgps.com\/en\/business-applications\/machines\/fuel-measurement\/#primaryimage\"},\"image\":{\"@id\":\"https:\/\/www.satisgps.com\/en\/business-applications\/machines\/fuel-measurement\/#primaryimage\"},\"thumbnailUrl\":\"https:\/\/www.satisgps.com\/wp-content\/uploads\/2019\/12\/Zastosowania09.png\",\"datePublished\":\"2015-04-01T13:08:45+00:00\",\"dateModified\":\"2020-01-08T09:50:13+00:00\",\"description\":\"SATIS GPS \u27a4 Fuel measurement \u2714\ufe0f Monitoring pojazd\u00f3w \u2714\ufe0f Kontrola zu\u017cycia paliwa \u2714\ufe0f Lokalizatory \u2b50 Sprawd\u017a!\",\"breadcrumb\":{\"@id\":\"https:\/\/www.satisgps.com\/en\/business-applications\/machines\/fuel-measurement\/#breadcrumb\"},\"inLanguage\":\"en-US\",\"potentialAction\":[{\"@type\":\"ReadAction\",\"target\":[\"https:\/\/www.satisgps.com\/en\/business-applications\/machines\/fuel-measurement\/\"]}]},{\"@type\":\"ImageObject\",\"inLanguage\":\"en-US\",\"@id\":\"https:\/\/www.satisgps.com\/en\/business-applications\/machines\/fuel-measurement\/#primaryimage\",\"url\":\"https:\/\/www.satisgps.com\/wp-content\/uploads\/2019\/12\/Zastosowania09.png\",\"contentUrl\":\"https:\/\/www.satisgps.com\/wp-content\/uploads\/2019\/12\/Zastosowania09.png\",\"width\":1920,\"height\":863},{\"@type\":\"BreadcrumbList\",\"@id\":\"https:\/\/www.satisgps.com\/en\/business-applications\/machines\/fuel-measurement\/#breadcrumb\",\"itemListElement\":[{\"@type\":\"ListItem\",\"position\":1,\"name\":\"Monitoring floty\",\"item\":\"https:\/\/www.satisgps.com\/en\/\"},{\"@type\":\"ListItem\",\"position\":2,\"name\":\"Business applications\",\"item\":\"https:\/\/www.satisgps.com\/en\/business-applications\/\"},{\"@type\":\"ListItem\",\"position\":3,\"name\":\"Machines\",\"item\":\"https:\/\/www.satisgps.com\/en\/business-applications\/machines\/\"},{\"@type\":\"ListItem\",\"position\":4,\"name\":\"Fuel measurement\",\"item\":\"https:\/\/www.satisgps.com\/en\/wp-json\/wp\/v2\/pages\/2621\"}]},{\"@type\":\"WebSite\",\"@id\":\"https:\/\/www.satisgps.com\/#website\",\"url\":\"https:\/\/www.satisgps.com\/\",\"name\":\"SATIS GPS\",\"description\":\"System zarz\u0105dzania flot\u0105 i monitoring GPS pojazd\u00f3w\",\"publisher\":{\"@id\":\"https:\/\/www.satisgps.com\/#organization\"},\"potentialAction\":[{\"@type\":\"SearchAction\",\"target\":{\"@type\":\"EntryPoint\",\"urlTemplate\":\"https:\/\/www.satisgps.com\/?s={search_term_string}\"},\"query-input\":{\"@type\":\"PropertyValueSpecification\",\"valueRequired\":true,\"valueName\":\"search_term_string\"}}],\"inLanguage\":\"en-US\"},{\"@type\":\"Organization\",\"@id\":\"https:\/\/www.satisgps.com\/#organization\",\"name\":\"SATIS GPS\",\"url\":\"https:\/\/www.satisgps.com\/\",\"logo\":{\"@type\":\"ImageObject\",\"inLanguage\":\"en-US\",\"@id\":\"https:\/\/www.satisgps.com\/#\/schema\/logo\/image\/\",\"url\":\"https:\/\/www.satisgps.com\/wp-content\/uploads\/2015\/03\/logo-satis.png\",\"contentUrl\":\"https:\/\/www.satisgps.com\/wp-content\/uploads\/2015\/03\/logo-satis.png\",\"width\":146,\"height\":50,\"caption\":\"SATIS GPS\"},\"image\":{\"@id\":\"https:\/\/www.satisgps.com\/#\/schema\/logo\/image\/\"}}]}<\/script>\n<!-- \/ Yoast SEO plugin. -->","yoast_head_json":{"title":"Fuel measurement - machines","description":"SATIS GPS \u27a4 Fuel measurement \u2714\ufe0f Monitoring pojazd\u00f3w \u2714\ufe0f Kontrola zu\u017cycia paliwa \u2714\ufe0f Lokalizatory \u2b50 Sprawd\u017a!","robots":{"index":"index","follow":"follow","max-snippet":"max-snippet:-1","max-image-preview":"max-image-preview:large","max-video-preview":"max-video-preview:-1"},"canonical":"https:\/\/www.satisgps.com\/en\/business-applications\/machines\/fuel-measurement\/","og_locale":"en_US","og_type":"article","og_title":"Fuel measurement - machines","og_description":"SATIS GPS \u27a4 Fuel measurement \u2714\ufe0f Monitoring pojazd\u00f3w \u2714\ufe0f Kontrola zu\u017cycia paliwa \u2714\ufe0f Lokalizatory \u2b50 Sprawd\u017a!","og_url":"https:\/\/www.satisgps.com\/en\/business-applications\/machines\/fuel-measurement\/","og_site_name":"SATIS GPS","article_modified_time":"2020-01-08T09:50:13+00:00","og_image":[{"width":1920,"height":863,"url":"https:\/\/www.satisgps.com\/wp-content\/uploads\/2019\/12\/Zastosowania09.png","type":"image\/png"}],"twitter_card":"summary_large_image","twitter_misc":{"Est. reading time":"1 minute"},"schema":{"@context":"https:\/\/schema.org","@graph":[{"@type":"WebPage","@id":"https:\/\/www.satisgps.com\/en\/business-applications\/machines\/fuel-measurement\/","url":"https:\/\/www.satisgps.com\/en\/business-applications\/machines\/fuel-measurement\/","name":"Fuel measurement - machines","isPartOf":{"@id":"https:\/\/www.satisgps.com\/#website"},"primaryImageOfPage":{"@id":"https:\/\/www.satisgps.com\/en\/business-applications\/machines\/fuel-measurement\/#primaryimage"},"image":{"@id":"https:\/\/www.satisgps.com\/en\/business-applications\/machines\/fuel-measurement\/#primaryimage"},"thumbnailUrl":"https:\/\/www.satisgps.com\/wp-content\/uploads\/2019\/12\/Zastosowania09.png","datePublished":"2015-04-01T13:08:45+00:00","dateModified":"2020-01-08T09:50:13+00:00","description":"SATIS GPS \u27a4 Fuel measurement \u2714\ufe0f Monitoring pojazd\u00f3w \u2714\ufe0f Kontrola zu\u017cycia paliwa \u2714\ufe0f Lokalizatory \u2b50 Sprawd\u017a!","breadcrumb":{"@id":"https:\/\/www.satisgps.com\/en\/business-applications\/machines\/fuel-measurement\/#breadcrumb"},"inLanguage":"en-US","potentialAction":[{"@type":"ReadAction","target":["https:\/\/www.satisgps.com\/en\/business-applications\/machines\/fuel-measurement\/"]}]},{"@type":"ImageObject","inLanguage":"en-US","@id":"https:\/\/www.satisgps.com\/en\/business-applications\/machines\/fuel-measurement\/#primaryimage","url":"https:\/\/www.satisgps.com\/wp-content\/uploads\/2019\/12\/Zastosowania09.png","contentUrl":"https:\/\/www.satisgps.com\/wp-content\/uploads\/2019\/12\/Zastosowania09.png","width":1920,"height":863},{"@type":"BreadcrumbList","@id":"https:\/\/www.satisgps.com\/en\/business-applications\/machines\/fuel-measurement\/#breadcrumb","itemListElement":[{"@type":"ListItem","position":1,"name":"Monitoring floty","item":"https:\/\/www.satisgps.com\/en\/"},{"@type":"ListItem","position":2,"name":"Business applications","item":"https:\/\/www.satisgps.com\/en\/business-applications\/"},{"@type":"ListItem","position":3,"name":"Machines","item":"https:\/\/www.satisgps.com\/en\/business-applications\/machines\/"},{"@type":"ListItem","position":4,"name":"Fuel measurement","item":"https:\/\/www.satisgps.com\/en\/wp-json\/wp\/v2\/pages\/2621"}]},{"@type":"WebSite","@id":"https:\/\/www.satisgps.com\/#website","url":"https:\/\/www.satisgps.com\/","name":"SATIS GPS","description":"System zarz\u0105dzania flot\u0105 i monitoring GPS pojazd\u00f3w","publisher":{"@id":"https:\/\/www.satisgps.com\/#organization"},"potentialAction":[{"@type":"SearchAction","target":{"@type":"EntryPoint","urlTemplate":"https:\/\/www.satisgps.com\/?s={search_term_string}"},"query-input":{"@type":"PropertyValueSpecification","valueRequired":true,"valueName":"search_term_string"}}],"inLanguage":"en-US"},{"@type":"Organization","@id":"https:\/\/www.satisgps.com\/#organization","name":"SATIS GPS","url":"https:\/\/www.satisgps.com\/","logo":{"@type":"ImageObject","inLanguage":"en-US","@id":"https:\/\/www.satisgps.com\/#\/schema\/logo\/image\/","url":"https:\/\/www.satisgps.com\/wp-content\/uploads\/2015\/03\/logo-satis.png","contentUrl":"https:\/\/www.satisgps.com\/wp-content\/uploads\/2015\/03\/logo-satis.png","width":146,"height":50,"caption":"SATIS GPS"},"image":{"@id":"https:\/\/www.satisgps.com\/#\/schema\/logo\/image\/"}}]}},"_links":{"self":[{"href":"https:\/\/www.satisgps.com\/en\/wp-json\/wp\/v2\/pages\/2621","targetHints":{"allow":["GET"]}}],"collection":[{"href":"https:\/\/www.satisgps.com\/en\/wp-json\/wp\/v2\/pages"}],"about":[{"href":"https:\/\/www.satisgps.com\/en\/wp-json\/wp\/v2\/types\/page"}],"author":[{"embeddable":true,"href":"https:\/\/www.satisgps.com\/en\/wp-json\/wp\/v2\/users\/13"}],"replies":[{"embeddable":true,"href":"https:\/\/www.satisgps.com\/en\/wp-json\/wp\/v2\/comments?post=2621"}],"version-history":[{"count":3,"href":"https:\/\/www.satisgps.com\/en\/wp-json\/wp\/v2\/pages\/2621\/revisions"}],"predecessor-version":[{"id":5313,"href":"https:\/\/www.satisgps.com\/en\/wp-json\/wp\/v2\/pages\/2621\/revisions\/5313"}],"up":[{"embeddable":true,"href":"https:\/\/www.satisgps.com\/en\/wp-json\/wp\/v2\/pages\/2607"}],"wp:featuredmedia":[{"embeddable":true,"href":"https:\/\/www.satisgps.com\/en\/wp-json\/wp\/v2\/media\/5182"}],"wp:attachment":[{"href":"https:\/\/www.satisgps.com\/en\/wp-json\/wp\/v2\/media?parent=2621"}],"curies":[{"name":"wp","href":"https:\/\/api.w.org\/{rel}","templated":true}]}}