{"id":2624,"date":"2015-04-01T13:04:05","date_gmt":"2015-04-01T13:04:05","guid":{"rendered":"http:\/\/www.satisgps.com\/business-applications\/machines\/bezpieczenstwo-na-placu\/"},"modified":"2020-01-08T10:50:52","modified_gmt":"2020-01-08T09:50:52","slug":"safety-on-the-site","status":"publish","type":"page","link":"https:\/\/www.satisgps.com\/en\/business-applications\/machines\/safety-on-the-site\/","title":{"rendered":"Safety on the site"},"content":{"rendered":"<h1>Safety on the site<\/h1>\n<p><strong>Theft protection<\/strong><\/p>\n<p style=\"text-align: justify;\">Theft of working and construction machines is becoming more and more frequent. GPS tracking units offered with the SATIS system are an anti-theft security feature, also used as a two-channel immobilizer.<\/p>\n<p style=\"text-align: justify;\">The driver identification module is required to run this option. It is necessary to use a digital ID card when attempting to start the vehicle. If this is not done, the system prevents the machine from starting. Sometimes an unauthorised person decides to load the machine onto platform without running it. In this situation, the algorithm that determines the machine movement will detect the change in its position, which will generate an alarm in the system and send a notification to the predefined mobile phone numbers.<\/p>\n<p style=\"text-align: justify;\">The tracking unit has its own emergency power supply, so disconnecting the main supply in the machine is ineffective. The use of theft protection not only minimises the probability of loss of equipment, but also gives grounds for requesting insurance discounts in respect of theft coverage.<\/p>\n<p style=\"text-align: justify;\"><strong>Notification of desired or undesired events<\/strong><\/p>\n<p style=\"text-align: justify;\">SATIS tracking units allow collecting a very wide range of parameters and indicators, ranging from the vehicle position, current speed or the amount of fuel in the tank to the identification of operation of advanced vehicle components. These data may be supplemented by information from map data, such as points on the map or predefined areas.<\/p>\n<p style=\"text-align: justify;\">Using the available variables, the system can very easily define any alarm or notification that will be displayed in the application and sent to the indicated email address or mobile phone.<\/p>\n<p style=\"text-align: justify;\">An example is alerting of high engine speed at low vehicle speed, indicating a very rapid acceleration of the vehicle, or a notification of the direction and speed of rotation of a concrete mixer drum in an area other than the designated unloading point, or machine running idle with engine on for a specific time &#8211; e.g. 15 minutes.<\/p>\n","protected":false},"excerpt":{"rendered":"<p>Safety on the site Theft protection Theft of working and construction machines is becoming more and more frequent. GPS tracking units offered with the SATIS system are an anti-theft security feature, also used as a two-channel immobilizer. The driver identification module is required to run this option. It is necessary to use a digital ID &hellip; <\/p>\n<p class=\"link-more\"><a href=\"https:\/\/www.satisgps.com\/en\/business-applications\/machines\/safety-on-the-site\/\" class=\"more-link\">Continue reading<span class=\"screen-reader-text\"> &#8220;Safety on the site&#8221;<\/span><\/a><\/p>\n","protected":false},"author":13,"featured_media":5182,"parent":2607,"menu_order":0,"comment_status":"closed","ping_status":"closed","template":"","meta":{"_acf_changed":false,"footnotes":""},"class_list":["post-2624","page","type-page","status-publish","has-post-thumbnail","hentry"],"acf":[],"yoast_head":"<!-- This site is optimized with the Yoast SEO plugin v26.5 - https:\/\/yoast.com\/wordpress\/plugins\/seo\/ -->\n<title>Safety on the site - SATIS GPS<\/title>\n<meta name=\"description\" content=\"SATIS GPS \u27a4 Safety on the site \u2714\ufe0f Monitoring pojazd\u00f3w \u2714\ufe0f Kontrola zu\u017cycia paliwa \u2714\ufe0f Lokalizatory \u2b50 Sprawd\u017a!\" \/>\n<meta name=\"robots\" content=\"index, follow, max-snippet:-1, max-image-preview:large, max-video-preview:-1\" \/>\n<link rel=\"canonical\" href=\"https:\/\/www.satisgps.com\/en\/business-applications\/machines\/safety-on-the-site\/\" \/>\n<meta property=\"og:locale\" content=\"en_US\" \/>\n<meta property=\"og:type\" content=\"article\" \/>\n<meta property=\"og:title\" content=\"Safety on the site - SATIS GPS\" \/>\n<meta property=\"og:description\" content=\"SATIS GPS \u27a4 Safety on the site \u2714\ufe0f Monitoring pojazd\u00f3w \u2714\ufe0f Kontrola zu\u017cycia paliwa \u2714\ufe0f Lokalizatory \u2b50 Sprawd\u017a!\" \/>\n<meta property=\"og:url\" content=\"https:\/\/www.satisgps.com\/en\/business-applications\/machines\/safety-on-the-site\/\" \/>\n<meta property=\"og:site_name\" content=\"SATIS GPS\" \/>\n<meta property=\"article:modified_time\" content=\"2020-01-08T09:50:52+00:00\" \/>\n<meta property=\"og:image\" content=\"https:\/\/www.satisgps.com\/wp-content\/uploads\/2019\/12\/Zastosowania09.png\" \/>\n\t<meta property=\"og:image:width\" content=\"1920\" \/>\n\t<meta property=\"og:image:height\" content=\"863\" \/>\n\t<meta property=\"og:image:type\" content=\"image\/png\" \/>\n<meta name=\"twitter:card\" content=\"summary_large_image\" \/>\n<meta name=\"twitter:label1\" content=\"Est. reading time\" \/>\n\t<meta name=\"twitter:data1\" content=\"2 minutes\" \/>\n<script type=\"application\/ld+json\" class=\"yoast-schema-graph\">{\"@context\":\"https:\/\/schema.org\",\"@graph\":[{\"@type\":\"WebPage\",\"@id\":\"https:\/\/www.satisgps.com\/en\/business-applications\/machines\/safety-on-the-site\/\",\"url\":\"https:\/\/www.satisgps.com\/en\/business-applications\/machines\/safety-on-the-site\/\",\"name\":\"Safety on the site - SATIS GPS\",\"isPartOf\":{\"@id\":\"https:\/\/www.satisgps.com\/#website\"},\"primaryImageOfPage\":{\"@id\":\"https:\/\/www.satisgps.com\/en\/business-applications\/machines\/safety-on-the-site\/#primaryimage\"},\"image\":{\"@id\":\"https:\/\/www.satisgps.com\/en\/business-applications\/machines\/safety-on-the-site\/#primaryimage\"},\"thumbnailUrl\":\"https:\/\/www.satisgps.com\/wp-content\/uploads\/2019\/12\/Zastosowania09.png\",\"datePublished\":\"2015-04-01T13:04:05+00:00\",\"dateModified\":\"2020-01-08T09:50:52+00:00\",\"description\":\"SATIS GPS \u27a4 Safety on the site \u2714\ufe0f Monitoring pojazd\u00f3w \u2714\ufe0f Kontrola zu\u017cycia paliwa \u2714\ufe0f Lokalizatory \u2b50 Sprawd\u017a!\",\"breadcrumb\":{\"@id\":\"https:\/\/www.satisgps.com\/en\/business-applications\/machines\/safety-on-the-site\/#breadcrumb\"},\"inLanguage\":\"en-US\",\"potentialAction\":[{\"@type\":\"ReadAction\",\"target\":[\"https:\/\/www.satisgps.com\/en\/business-applications\/machines\/safety-on-the-site\/\"]}]},{\"@type\":\"ImageObject\",\"inLanguage\":\"en-US\",\"@id\":\"https:\/\/www.satisgps.com\/en\/business-applications\/machines\/safety-on-the-site\/#primaryimage\",\"url\":\"https:\/\/www.satisgps.com\/wp-content\/uploads\/2019\/12\/Zastosowania09.png\",\"contentUrl\":\"https:\/\/www.satisgps.com\/wp-content\/uploads\/2019\/12\/Zastosowania09.png\",\"width\":1920,\"height\":863},{\"@type\":\"BreadcrumbList\",\"@id\":\"https:\/\/www.satisgps.com\/en\/business-applications\/machines\/safety-on-the-site\/#breadcrumb\",\"itemListElement\":[{\"@type\":\"ListItem\",\"position\":1,\"name\":\"Monitoring floty\",\"item\":\"https:\/\/www.satisgps.com\/en\/\"},{\"@type\":\"ListItem\",\"position\":2,\"name\":\"Business applications\",\"item\":\"https:\/\/www.satisgps.com\/en\/business-applications\/\"},{\"@type\":\"ListItem\",\"position\":3,\"name\":\"Machines\",\"item\":\"https:\/\/www.satisgps.com\/en\/business-applications\/machines\/\"},{\"@type\":\"ListItem\",\"position\":4,\"name\":\"Safety on the site\",\"item\":\"https:\/\/www.satisgps.com\/en\/wp-json\/wp\/v2\/pages\/2624\"}]},{\"@type\":\"WebSite\",\"@id\":\"https:\/\/www.satisgps.com\/#website\",\"url\":\"https:\/\/www.satisgps.com\/\",\"name\":\"SATIS GPS\",\"description\":\"System zarz\u0105dzania flot\u0105 i monitoring GPS pojazd\u00f3w\",\"publisher\":{\"@id\":\"https:\/\/www.satisgps.com\/#organization\"},\"potentialAction\":[{\"@type\":\"SearchAction\",\"target\":{\"@type\":\"EntryPoint\",\"urlTemplate\":\"https:\/\/www.satisgps.com\/?s={search_term_string}\"},\"query-input\":{\"@type\":\"PropertyValueSpecification\",\"valueRequired\":true,\"valueName\":\"search_term_string\"}}],\"inLanguage\":\"en-US\"},{\"@type\":\"Organization\",\"@id\":\"https:\/\/www.satisgps.com\/#organization\",\"name\":\"SATIS GPS\",\"url\":\"https:\/\/www.satisgps.com\/\",\"logo\":{\"@type\":\"ImageObject\",\"inLanguage\":\"en-US\",\"@id\":\"https:\/\/www.satisgps.com\/#\/schema\/logo\/image\/\",\"url\":\"https:\/\/www.satisgps.com\/wp-content\/uploads\/2015\/03\/logo-satis.png\",\"contentUrl\":\"https:\/\/www.satisgps.com\/wp-content\/uploads\/2015\/03\/logo-satis.png\",\"width\":146,\"height\":50,\"caption\":\"SATIS GPS\"},\"image\":{\"@id\":\"https:\/\/www.satisgps.com\/#\/schema\/logo\/image\/\"}}]}<\/script>\n<!-- \/ Yoast SEO plugin. -->","yoast_head_json":{"title":"Safety on the site - SATIS GPS","description":"SATIS GPS \u27a4 Safety on the site \u2714\ufe0f Monitoring pojazd\u00f3w \u2714\ufe0f Kontrola zu\u017cycia paliwa \u2714\ufe0f Lokalizatory \u2b50 Sprawd\u017a!","robots":{"index":"index","follow":"follow","max-snippet":"max-snippet:-1","max-image-preview":"max-image-preview:large","max-video-preview":"max-video-preview:-1"},"canonical":"https:\/\/www.satisgps.com\/en\/business-applications\/machines\/safety-on-the-site\/","og_locale":"en_US","og_type":"article","og_title":"Safety on the site - SATIS GPS","og_description":"SATIS GPS \u27a4 Safety on the site \u2714\ufe0f Monitoring pojazd\u00f3w \u2714\ufe0f Kontrola zu\u017cycia paliwa \u2714\ufe0f Lokalizatory \u2b50 Sprawd\u017a!","og_url":"https:\/\/www.satisgps.com\/en\/business-applications\/machines\/safety-on-the-site\/","og_site_name":"SATIS GPS","article_modified_time":"2020-01-08T09:50:52+00:00","og_image":[{"width":1920,"height":863,"url":"https:\/\/www.satisgps.com\/wp-content\/uploads\/2019\/12\/Zastosowania09.png","type":"image\/png"}],"twitter_card":"summary_large_image","twitter_misc":{"Est. reading time":"2 minutes"},"schema":{"@context":"https:\/\/schema.org","@graph":[{"@type":"WebPage","@id":"https:\/\/www.satisgps.com\/en\/business-applications\/machines\/safety-on-the-site\/","url":"https:\/\/www.satisgps.com\/en\/business-applications\/machines\/safety-on-the-site\/","name":"Safety on the site - SATIS GPS","isPartOf":{"@id":"https:\/\/www.satisgps.com\/#website"},"primaryImageOfPage":{"@id":"https:\/\/www.satisgps.com\/en\/business-applications\/machines\/safety-on-the-site\/#primaryimage"},"image":{"@id":"https:\/\/www.satisgps.com\/en\/business-applications\/machines\/safety-on-the-site\/#primaryimage"},"thumbnailUrl":"https:\/\/www.satisgps.com\/wp-content\/uploads\/2019\/12\/Zastosowania09.png","datePublished":"2015-04-01T13:04:05+00:00","dateModified":"2020-01-08T09:50:52+00:00","description":"SATIS GPS \u27a4 Safety on the site \u2714\ufe0f Monitoring pojazd\u00f3w \u2714\ufe0f Kontrola zu\u017cycia paliwa \u2714\ufe0f Lokalizatory \u2b50 Sprawd\u017a!","breadcrumb":{"@id":"https:\/\/www.satisgps.com\/en\/business-applications\/machines\/safety-on-the-site\/#breadcrumb"},"inLanguage":"en-US","potentialAction":[{"@type":"ReadAction","target":["https:\/\/www.satisgps.com\/en\/business-applications\/machines\/safety-on-the-site\/"]}]},{"@type":"ImageObject","inLanguage":"en-US","@id":"https:\/\/www.satisgps.com\/en\/business-applications\/machines\/safety-on-the-site\/#primaryimage","url":"https:\/\/www.satisgps.com\/wp-content\/uploads\/2019\/12\/Zastosowania09.png","contentUrl":"https:\/\/www.satisgps.com\/wp-content\/uploads\/2019\/12\/Zastosowania09.png","width":1920,"height":863},{"@type":"BreadcrumbList","@id":"https:\/\/www.satisgps.com\/en\/business-applications\/machines\/safety-on-the-site\/#breadcrumb","itemListElement":[{"@type":"ListItem","position":1,"name":"Monitoring floty","item":"https:\/\/www.satisgps.com\/en\/"},{"@type":"ListItem","position":2,"name":"Business applications","item":"https:\/\/www.satisgps.com\/en\/business-applications\/"},{"@type":"ListItem","position":3,"name":"Machines","item":"https:\/\/www.satisgps.com\/en\/business-applications\/machines\/"},{"@type":"ListItem","position":4,"name":"Safety on the site","item":"https:\/\/www.satisgps.com\/en\/wp-json\/wp\/v2\/pages\/2624"}]},{"@type":"WebSite","@id":"https:\/\/www.satisgps.com\/#website","url":"https:\/\/www.satisgps.com\/","name":"SATIS GPS","description":"System zarz\u0105dzania flot\u0105 i monitoring GPS pojazd\u00f3w","publisher":{"@id":"https:\/\/www.satisgps.com\/#organization"},"potentialAction":[{"@type":"SearchAction","target":{"@type":"EntryPoint","urlTemplate":"https:\/\/www.satisgps.com\/?s={search_term_string}"},"query-input":{"@type":"PropertyValueSpecification","valueRequired":true,"valueName":"search_term_string"}}],"inLanguage":"en-US"},{"@type":"Organization","@id":"https:\/\/www.satisgps.com\/#organization","name":"SATIS GPS","url":"https:\/\/www.satisgps.com\/","logo":{"@type":"ImageObject","inLanguage":"en-US","@id":"https:\/\/www.satisgps.com\/#\/schema\/logo\/image\/","url":"https:\/\/www.satisgps.com\/wp-content\/uploads\/2015\/03\/logo-satis.png","contentUrl":"https:\/\/www.satisgps.com\/wp-content\/uploads\/2015\/03\/logo-satis.png","width":146,"height":50,"caption":"SATIS GPS"},"image":{"@id":"https:\/\/www.satisgps.com\/#\/schema\/logo\/image\/"}}]}},"_links":{"self":[{"href":"https:\/\/www.satisgps.com\/en\/wp-json\/wp\/v2\/pages\/2624","targetHints":{"allow":["GET"]}}],"collection":[{"href":"https:\/\/www.satisgps.com\/en\/wp-json\/wp\/v2\/pages"}],"about":[{"href":"https:\/\/www.satisgps.com\/en\/wp-json\/wp\/v2\/types\/page"}],"author":[{"embeddable":true,"href":"https:\/\/www.satisgps.com\/en\/wp-json\/wp\/v2\/users\/13"}],"replies":[{"embeddable":true,"href":"https:\/\/www.satisgps.com\/en\/wp-json\/wp\/v2\/comments?post=2624"}],"version-history":[{"count":3,"href":"https:\/\/www.satisgps.com\/en\/wp-json\/wp\/v2\/pages\/2624\/revisions"}],"predecessor-version":[{"id":5314,"href":"https:\/\/www.satisgps.com\/en\/wp-json\/wp\/v2\/pages\/2624\/revisions\/5314"}],"up":[{"embeddable":true,"href":"https:\/\/www.satisgps.com\/en\/wp-json\/wp\/v2\/pages\/2607"}],"wp:featuredmedia":[{"embeddable":true,"href":"https:\/\/www.satisgps.com\/en\/wp-json\/wp\/v2\/media\/5182"}],"wp:attachment":[{"href":"https:\/\/www.satisgps.com\/en\/wp-json\/wp\/v2\/media?parent=2624"}],"curies":[{"name":"wp","href":"https:\/\/api.w.org\/{rel}","templated":true}]}}