{"id":2634,"date":"2015-04-01T12:35:19","date_gmt":"2015-04-01T12:35:19","guid":{"rendered":"http:\/\/www.satisgps.com\/business-applications\/municipal-companies\/682-2\/"},"modified":"2020-01-08T10:43:59","modified_gmt":"2020-01-08T09:43:59","slug":"waste-weight-monitoring","status":"publish","type":"page","link":"https:\/\/www.satisgps.com\/en\/business-applications\/municipal-companies\/waste-weight-monitoring\/","title":{"rendered":"Waste weight monitoring"},"content":{"rendered":"<h1>Waste weight monitoring<\/h1>\n<h2>Waste weighing methods:<\/h2>\n<p style=\"text-align: justify;\"><strong>Without using scales<\/strong><\/p>\n<p style=\"text-align: justify;\">This is cheaper method, ensuring a certain degree of measurement averaging. Measurement of the weight of collected\/delivered waste is done by determining the average weight of waste in the particular type of container. The data are entered along with other logistic data.<\/p>\n<p style=\"text-align: justify;\">Measurement of the weight of collected waste is done by multiplying the average weight of particular type of container by the average net weight of its content.<\/p>\n<p style=\"text-align: justify;\">Due to the fact that the SATIS system allows for identification for each case of container lifting, the calculations are averaged only at the generalisation level resulting from the average weight of the container.<\/p>\n<p style=\"text-align: justify;\"><strong>Using scales<\/strong><\/p>\n<p style=\"text-align: justify;\">If the waste vehicle is equipped with scales for determining the weight of the lifted load and provides the option to read its value, SATIS tracking units are prepared to read this value and send it to the system along with other parameters.<\/p>\n<p style=\"text-align: justify;\">It is also possible to install additional equipment in selected types\/models to establish the weight to be lifted (loaded) on the vehicle. Such devices allow for sending the readings through the SATIS tracking unit and transferring them to the app.<\/p>\n","protected":false},"excerpt":{"rendered":"<p>Waste weight monitoring Waste weighing methods: Without using scales This is cheaper method, ensuring a certain degree of measurement averaging. Measurement of the weight of collected\/delivered waste is done by determining the average weight of waste in the particular type of container. The data are entered along with other logistic data. Measurement of the weight &hellip; <\/p>\n<p class=\"link-more\"><a href=\"https:\/\/www.satisgps.com\/en\/business-applications\/municipal-companies\/waste-weight-monitoring\/\" class=\"more-link\">Continue reading<span class=\"screen-reader-text\"> &#8220;Waste weight monitoring&#8221;<\/span><\/a><\/p>\n","protected":false},"author":13,"featured_media":5230,"parent":2630,"menu_order":0,"comment_status":"closed","ping_status":"closed","template":"","meta":{"_acf_changed":false,"footnotes":""},"class_list":["post-2634","page","type-page","status-publish","has-post-thumbnail","hentry"],"acf":[],"yoast_head":"<!-- This site is optimized with the Yoast SEO plugin v26.5 - https:\/\/yoast.com\/wordpress\/plugins\/seo\/ -->\n<title>Waste weight monitoring - SATIS GPS<\/title>\n<meta name=\"description\" content=\"SATIS GPS \u27a4 Waste weight monitoring \u2714\ufe0f Monitoring pojazd\u00f3w \u2714\ufe0f Kontrola zu\u017cycia paliwa \u2714\ufe0f Lokalizatory \u2b50 Sprawd\u017a!\" \/>\n<meta name=\"robots\" content=\"index, follow, max-snippet:-1, max-image-preview:large, max-video-preview:-1\" \/>\n<link rel=\"canonical\" href=\"https:\/\/www.satisgps.com\/en\/business-applications\/municipal-companies\/waste-weight-monitoring\/\" \/>\n<meta property=\"og:locale\" content=\"en_US\" \/>\n<meta property=\"og:type\" content=\"article\" \/>\n<meta property=\"og:title\" content=\"Waste weight monitoring - SATIS GPS\" \/>\n<meta property=\"og:description\" content=\"SATIS GPS \u27a4 Waste weight monitoring \u2714\ufe0f Monitoring pojazd\u00f3w \u2714\ufe0f Kontrola zu\u017cycia paliwa \u2714\ufe0f Lokalizatory \u2b50 Sprawd\u017a!\" \/>\n<meta property=\"og:url\" content=\"https:\/\/www.satisgps.com\/en\/business-applications\/municipal-companies\/waste-weight-monitoring\/\" \/>\n<meta property=\"og:site_name\" content=\"SATIS GPS\" \/>\n<meta property=\"article:modified_time\" content=\"2020-01-08T09:43:59+00:00\" \/>\n<meta property=\"og:image\" content=\"https:\/\/www.satisgps.com\/wp-content\/uploads\/2019\/12\/Komunalne01.png\" \/>\n\t<meta property=\"og:image:width\" content=\"1920\" \/>\n\t<meta property=\"og:image:height\" content=\"865\" \/>\n\t<meta property=\"og:image:type\" content=\"image\/png\" \/>\n<meta name=\"twitter:card\" content=\"summary_large_image\" \/>\n<meta name=\"twitter:label1\" content=\"Est. reading time\" \/>\n\t<meta name=\"twitter:data1\" content=\"1 minute\" \/>\n<script type=\"application\/ld+json\" class=\"yoast-schema-graph\">{\"@context\":\"https:\/\/schema.org\",\"@graph\":[{\"@type\":\"WebPage\",\"@id\":\"https:\/\/www.satisgps.com\/en\/business-applications\/municipal-companies\/waste-weight-monitoring\/\",\"url\":\"https:\/\/www.satisgps.com\/en\/business-applications\/municipal-companies\/waste-weight-monitoring\/\",\"name\":\"Waste weight monitoring - SATIS GPS\",\"isPartOf\":{\"@id\":\"https:\/\/www.satisgps.com\/#website\"},\"primaryImageOfPage\":{\"@id\":\"https:\/\/www.satisgps.com\/en\/business-applications\/municipal-companies\/waste-weight-monitoring\/#primaryimage\"},\"image\":{\"@id\":\"https:\/\/www.satisgps.com\/en\/business-applications\/municipal-companies\/waste-weight-monitoring\/#primaryimage\"},\"thumbnailUrl\":\"https:\/\/www.satisgps.com\/wp-content\/uploads\/2019\/12\/Komunalne01.png\",\"datePublished\":\"2015-04-01T12:35:19+00:00\",\"dateModified\":\"2020-01-08T09:43:59+00:00\",\"description\":\"SATIS GPS \u27a4 Waste weight monitoring \u2714\ufe0f Monitoring pojazd\u00f3w \u2714\ufe0f Kontrola zu\u017cycia paliwa \u2714\ufe0f Lokalizatory \u2b50 Sprawd\u017a!\",\"breadcrumb\":{\"@id\":\"https:\/\/www.satisgps.com\/en\/business-applications\/municipal-companies\/waste-weight-monitoring\/#breadcrumb\"},\"inLanguage\":\"en-US\",\"potentialAction\":[{\"@type\":\"ReadAction\",\"target\":[\"https:\/\/www.satisgps.com\/en\/business-applications\/municipal-companies\/waste-weight-monitoring\/\"]}]},{\"@type\":\"ImageObject\",\"inLanguage\":\"en-US\",\"@id\":\"https:\/\/www.satisgps.com\/en\/business-applications\/municipal-companies\/waste-weight-monitoring\/#primaryimage\",\"url\":\"https:\/\/www.satisgps.com\/wp-content\/uploads\/2019\/12\/Komunalne01.png\",\"contentUrl\":\"https:\/\/www.satisgps.com\/wp-content\/uploads\/2019\/12\/Komunalne01.png\",\"width\":1920,\"height\":865},{\"@type\":\"BreadcrumbList\",\"@id\":\"https:\/\/www.satisgps.com\/en\/business-applications\/municipal-companies\/waste-weight-monitoring\/#breadcrumb\",\"itemListElement\":[{\"@type\":\"ListItem\",\"position\":1,\"name\":\"Monitoring floty\",\"item\":\"https:\/\/www.satisgps.com\/en\/\"},{\"@type\":\"ListItem\",\"position\":2,\"name\":\"Business applications\",\"item\":\"https:\/\/www.satisgps.com\/en\/business-applications\/\"},{\"@type\":\"ListItem\",\"position\":3,\"name\":\"Municipal companies\",\"item\":\"https:\/\/www.satisgps.com\/en\/business-applications\/municipal-companies\/\"},{\"@type\":\"ListItem\",\"position\":4,\"name\":\"Waste weight monitoring\",\"item\":\"https:\/\/www.satisgps.com\/en\/wp-json\/wp\/v2\/pages\/2634\"}]},{\"@type\":\"WebSite\",\"@id\":\"https:\/\/www.satisgps.com\/#website\",\"url\":\"https:\/\/www.satisgps.com\/\",\"name\":\"SATIS GPS\",\"description\":\"System zarz\u0105dzania flot\u0105 i monitoring GPS pojazd\u00f3w\",\"publisher\":{\"@id\":\"https:\/\/www.satisgps.com\/#organization\"},\"potentialAction\":[{\"@type\":\"SearchAction\",\"target\":{\"@type\":\"EntryPoint\",\"urlTemplate\":\"https:\/\/www.satisgps.com\/?s={search_term_string}\"},\"query-input\":{\"@type\":\"PropertyValueSpecification\",\"valueRequired\":true,\"valueName\":\"search_term_string\"}}],\"inLanguage\":\"en-US\"},{\"@type\":\"Organization\",\"@id\":\"https:\/\/www.satisgps.com\/#organization\",\"name\":\"SATIS GPS\",\"url\":\"https:\/\/www.satisgps.com\/\",\"logo\":{\"@type\":\"ImageObject\",\"inLanguage\":\"en-US\",\"@id\":\"https:\/\/www.satisgps.com\/#\/schema\/logo\/image\/\",\"url\":\"https:\/\/www.satisgps.com\/wp-content\/uploads\/2015\/03\/logo-satis.png\",\"contentUrl\":\"https:\/\/www.satisgps.com\/wp-content\/uploads\/2015\/03\/logo-satis.png\",\"width\":146,\"height\":50,\"caption\":\"SATIS GPS\"},\"image\":{\"@id\":\"https:\/\/www.satisgps.com\/#\/schema\/logo\/image\/\"}}]}<\/script>\n<!-- \/ Yoast SEO plugin. -->","yoast_head_json":{"title":"Waste weight monitoring - SATIS GPS","description":"SATIS GPS \u27a4 Waste weight monitoring \u2714\ufe0f Monitoring pojazd\u00f3w \u2714\ufe0f Kontrola zu\u017cycia paliwa \u2714\ufe0f Lokalizatory \u2b50 Sprawd\u017a!","robots":{"index":"index","follow":"follow","max-snippet":"max-snippet:-1","max-image-preview":"max-image-preview:large","max-video-preview":"max-video-preview:-1"},"canonical":"https:\/\/www.satisgps.com\/en\/business-applications\/municipal-companies\/waste-weight-monitoring\/","og_locale":"en_US","og_type":"article","og_title":"Waste weight monitoring - SATIS GPS","og_description":"SATIS GPS \u27a4 Waste weight monitoring \u2714\ufe0f Monitoring pojazd\u00f3w \u2714\ufe0f Kontrola zu\u017cycia paliwa \u2714\ufe0f Lokalizatory \u2b50 Sprawd\u017a!","og_url":"https:\/\/www.satisgps.com\/en\/business-applications\/municipal-companies\/waste-weight-monitoring\/","og_site_name":"SATIS GPS","article_modified_time":"2020-01-08T09:43:59+00:00","og_image":[{"width":1920,"height":865,"url":"https:\/\/www.satisgps.com\/wp-content\/uploads\/2019\/12\/Komunalne01.png","type":"image\/png"}],"twitter_card":"summary_large_image","twitter_misc":{"Est. reading time":"1 minute"},"schema":{"@context":"https:\/\/schema.org","@graph":[{"@type":"WebPage","@id":"https:\/\/www.satisgps.com\/en\/business-applications\/municipal-companies\/waste-weight-monitoring\/","url":"https:\/\/www.satisgps.com\/en\/business-applications\/municipal-companies\/waste-weight-monitoring\/","name":"Waste weight monitoring - SATIS GPS","isPartOf":{"@id":"https:\/\/www.satisgps.com\/#website"},"primaryImageOfPage":{"@id":"https:\/\/www.satisgps.com\/en\/business-applications\/municipal-companies\/waste-weight-monitoring\/#primaryimage"},"image":{"@id":"https:\/\/www.satisgps.com\/en\/business-applications\/municipal-companies\/waste-weight-monitoring\/#primaryimage"},"thumbnailUrl":"https:\/\/www.satisgps.com\/wp-content\/uploads\/2019\/12\/Komunalne01.png","datePublished":"2015-04-01T12:35:19+00:00","dateModified":"2020-01-08T09:43:59+00:00","description":"SATIS GPS \u27a4 Waste weight monitoring \u2714\ufe0f Monitoring pojazd\u00f3w \u2714\ufe0f Kontrola zu\u017cycia paliwa \u2714\ufe0f Lokalizatory \u2b50 Sprawd\u017a!","breadcrumb":{"@id":"https:\/\/www.satisgps.com\/en\/business-applications\/municipal-companies\/waste-weight-monitoring\/#breadcrumb"},"inLanguage":"en-US","potentialAction":[{"@type":"ReadAction","target":["https:\/\/www.satisgps.com\/en\/business-applications\/municipal-companies\/waste-weight-monitoring\/"]}]},{"@type":"ImageObject","inLanguage":"en-US","@id":"https:\/\/www.satisgps.com\/en\/business-applications\/municipal-companies\/waste-weight-monitoring\/#primaryimage","url":"https:\/\/www.satisgps.com\/wp-content\/uploads\/2019\/12\/Komunalne01.png","contentUrl":"https:\/\/www.satisgps.com\/wp-content\/uploads\/2019\/12\/Komunalne01.png","width":1920,"height":865},{"@type":"BreadcrumbList","@id":"https:\/\/www.satisgps.com\/en\/business-applications\/municipal-companies\/waste-weight-monitoring\/#breadcrumb","itemListElement":[{"@type":"ListItem","position":1,"name":"Monitoring floty","item":"https:\/\/www.satisgps.com\/en\/"},{"@type":"ListItem","position":2,"name":"Business applications","item":"https:\/\/www.satisgps.com\/en\/business-applications\/"},{"@type":"ListItem","position":3,"name":"Municipal companies","item":"https:\/\/www.satisgps.com\/en\/business-applications\/municipal-companies\/"},{"@type":"ListItem","position":4,"name":"Waste weight monitoring","item":"https:\/\/www.satisgps.com\/en\/wp-json\/wp\/v2\/pages\/2634"}]},{"@type":"WebSite","@id":"https:\/\/www.satisgps.com\/#website","url":"https:\/\/www.satisgps.com\/","name":"SATIS GPS","description":"System zarz\u0105dzania flot\u0105 i monitoring GPS pojazd\u00f3w","publisher":{"@id":"https:\/\/www.satisgps.com\/#organization"},"potentialAction":[{"@type":"SearchAction","target":{"@type":"EntryPoint","urlTemplate":"https:\/\/www.satisgps.com\/?s={search_term_string}"},"query-input":{"@type":"PropertyValueSpecification","valueRequired":true,"valueName":"search_term_string"}}],"inLanguage":"en-US"},{"@type":"Organization","@id":"https:\/\/www.satisgps.com\/#organization","name":"SATIS GPS","url":"https:\/\/www.satisgps.com\/","logo":{"@type":"ImageObject","inLanguage":"en-US","@id":"https:\/\/www.satisgps.com\/#\/schema\/logo\/image\/","url":"https:\/\/www.satisgps.com\/wp-content\/uploads\/2015\/03\/logo-satis.png","contentUrl":"https:\/\/www.satisgps.com\/wp-content\/uploads\/2015\/03\/logo-satis.png","width":146,"height":50,"caption":"SATIS GPS"},"image":{"@id":"https:\/\/www.satisgps.com\/#\/schema\/logo\/image\/"}}]}},"_links":{"self":[{"href":"https:\/\/www.satisgps.com\/en\/wp-json\/wp\/v2\/pages\/2634","targetHints":{"allow":["GET"]}}],"collection":[{"href":"https:\/\/www.satisgps.com\/en\/wp-json\/wp\/v2\/pages"}],"about":[{"href":"https:\/\/www.satisgps.com\/en\/wp-json\/wp\/v2\/types\/page"}],"author":[{"embeddable":true,"href":"https:\/\/www.satisgps.com\/en\/wp-json\/wp\/v2\/users\/13"}],"replies":[{"embeddable":true,"href":"https:\/\/www.satisgps.com\/en\/wp-json\/wp\/v2\/comments?post=2634"}],"version-history":[{"count":3,"href":"https:\/\/www.satisgps.com\/en\/wp-json\/wp\/v2\/pages\/2634\/revisions"}],"predecessor-version":[{"id":3399,"href":"https:\/\/www.satisgps.com\/en\/wp-json\/wp\/v2\/pages\/2634\/revisions\/3399"}],"up":[{"embeddable":true,"href":"https:\/\/www.satisgps.com\/en\/wp-json\/wp\/v2\/pages\/2630"}],"wp:featuredmedia":[{"embeddable":true,"href":"https:\/\/www.satisgps.com\/en\/wp-json\/wp\/v2\/media\/5230"}],"wp:attachment":[{"href":"https:\/\/www.satisgps.com\/en\/wp-json\/wp\/v2\/media?parent=2634"}],"curies":[{"name":"wp","href":"https:\/\/api.w.org\/{rel}","templated":true}]}}