{"id":2637,"date":"2015-04-01T12:04:43","date_gmt":"2015-04-01T12:04:43","guid":{"rendered":"http:\/\/www.satisgps.com\/business-applications\/municipal-companies\/pojazdy-komunalne\/"},"modified":"2020-01-08T10:40:43","modified_gmt":"2020-01-08T09:40:43","slug":"municipal-vehicles","status":"publish","type":"page","link":"https:\/\/www.satisgps.com\/en\/business-applications\/municipal-companies\/municipal-vehicles\/","title":{"rendered":"Municipal vehicles"},"content":{"rendered":"<h1>Monitoring of waste, municipal vehicles, garbage trucks<\/h1>\n<h2 style=\"text-align: justify;\">Monitoring of waste vehicles, control of their operation, automated work schedule and verifying its completion &#8211; all this is not just an investment, but also a statutory obligation as of 1 January 2012.<\/h2>\n<p style=\"text-align: justify;\"><strong>In accordance with Law of 2011 No. 152 item 897, the entities collecting municipal waste are obliged, among others, to prepare quarterly reports containing information of:<\/strong><\/p>\n<ul style=\"text-align: justify;\">\n<li>weight of individual types of waste<\/li>\n<li>weight of biodegradable waste<\/li>\n<li>weight of waste not transferred for storage in landfills<\/li>\n<li>number of owners of properties from which the waste was collected<\/li>\n<li>property owners who collect municipal waste in a manner inconsistent with the regulations<\/li>\n<li>quantity and type of liquid waste collected from the area of \u200b\u200bthe municipality<\/li>\n<li>methods for management of liquid waste, including the indication of the sewage collection station to which the liquid waste was transferred<\/li>\n<li>number of owners of properties from which the liquid waste was collected<\/li>\n<\/ul>\n<p style=\"text-align: justify;\">The solution we propose is the monitoring of municipal vehicles, including garbage trucks, and waste monitoring.<\/p>\n<p style=\"text-align: justify;\"><strong>Implementation of a special GPS system allows entrepreneurs to meet their statutory obligations, as well as provides the following:<\/strong><\/p>\n<ul style=\"text-align: justify;\">\n<li>planning of vehicle routes<\/li>\n<li>current monitoring of garbage trucks and their routes<\/li>\n<li>determining the working time of fleet and drivers<\/li>\n<li>optimizing the routes, and thus reducing the costs of work<\/li>\n<li>quick response in emergency situations<\/li>\n<li>implementation of Eco-driving programs<\/li>\n<li>automation of maintenance operations in the fleet vehicles<\/li>\n<\/ul>\n<p style=\"text-align: justify;\">All the above options are provided after the implementation of the SATIS system.<\/p>\n","protected":false},"excerpt":{"rendered":"<p>Monitoring of waste, municipal vehicles, garbage trucks Monitoring of waste vehicles, control of their operation, automated work schedule and verifying its completion &#8211; all this is not just an investment, but also a statutory obligation as of 1 January 2012. In accordance with Law of 2011 No. 152 item 897, the entities collecting municipal waste &hellip; <\/p>\n<p class=\"link-more\"><a href=\"https:\/\/www.satisgps.com\/en\/business-applications\/municipal-companies\/municipal-vehicles\/\" class=\"more-link\">Continue reading<span class=\"screen-reader-text\"> &#8220;Municipal vehicles&#8221;<\/span><\/a><\/p>\n","protected":false},"author":13,"featured_media":5230,"parent":2630,"menu_order":0,"comment_status":"closed","ping_status":"closed","template":"","meta":{"_acf_changed":false,"footnotes":""},"class_list":["post-2637","page","type-page","status-publish","has-post-thumbnail","hentry"],"acf":[],"yoast_head":"<!-- This site is optimized with the Yoast SEO plugin v26.5 - https:\/\/yoast.com\/wordpress\/plugins\/seo\/ -->\n<title>Municipal vehicles - SATIS GPS<\/title>\n<meta name=\"description\" content=\"SATIS GPS \u27a4 Municipal vehicles \u2714\ufe0f Monitoring pojazd\u00f3w \u2714\ufe0f Kontrola zu\u017cycia paliwa \u2714\ufe0f Lokalizatory \u2b50 Sprawd\u017a!\" \/>\n<meta name=\"robots\" content=\"index, follow, max-snippet:-1, max-image-preview:large, max-video-preview:-1\" \/>\n<link rel=\"canonical\" href=\"https:\/\/www.satisgps.com\/en\/business-applications\/municipal-companies\/municipal-vehicles\/\" \/>\n<meta property=\"og:locale\" content=\"en_US\" \/>\n<meta property=\"og:type\" content=\"article\" \/>\n<meta property=\"og:title\" content=\"Municipal vehicles - SATIS GPS\" \/>\n<meta property=\"og:description\" content=\"SATIS GPS \u27a4 Municipal vehicles \u2714\ufe0f Monitoring pojazd\u00f3w \u2714\ufe0f Kontrola zu\u017cycia paliwa \u2714\ufe0f Lokalizatory \u2b50 Sprawd\u017a!\" \/>\n<meta property=\"og:url\" content=\"https:\/\/www.satisgps.com\/en\/business-applications\/municipal-companies\/municipal-vehicles\/\" \/>\n<meta property=\"og:site_name\" content=\"SATIS GPS\" \/>\n<meta property=\"article:modified_time\" content=\"2020-01-08T09:40:43+00:00\" \/>\n<meta property=\"og:image\" content=\"https:\/\/www.satisgps.com\/wp-content\/uploads\/2019\/12\/Komunalne01.png\" \/>\n\t<meta property=\"og:image:width\" content=\"1920\" \/>\n\t<meta property=\"og:image:height\" content=\"865\" \/>\n\t<meta property=\"og:image:type\" content=\"image\/png\" \/>\n<meta name=\"twitter:card\" content=\"summary_large_image\" \/>\n<meta name=\"twitter:label1\" content=\"Est. reading time\" \/>\n\t<meta name=\"twitter:data1\" content=\"1 minute\" \/>\n<script type=\"application\/ld+json\" class=\"yoast-schema-graph\">{\"@context\":\"https:\/\/schema.org\",\"@graph\":[{\"@type\":\"WebPage\",\"@id\":\"https:\/\/www.satisgps.com\/en\/business-applications\/municipal-companies\/municipal-vehicles\/\",\"url\":\"https:\/\/www.satisgps.com\/en\/business-applications\/municipal-companies\/municipal-vehicles\/\",\"name\":\"Municipal vehicles - SATIS GPS\",\"isPartOf\":{\"@id\":\"https:\/\/www.satisgps.com\/#website\"},\"primaryImageOfPage\":{\"@id\":\"https:\/\/www.satisgps.com\/en\/business-applications\/municipal-companies\/municipal-vehicles\/#primaryimage\"},\"image\":{\"@id\":\"https:\/\/www.satisgps.com\/en\/business-applications\/municipal-companies\/municipal-vehicles\/#primaryimage\"},\"thumbnailUrl\":\"https:\/\/www.satisgps.com\/wp-content\/uploads\/2019\/12\/Komunalne01.png\",\"datePublished\":\"2015-04-01T12:04:43+00:00\",\"dateModified\":\"2020-01-08T09:40:43+00:00\",\"description\":\"SATIS GPS \u27a4 Municipal vehicles \u2714\ufe0f Monitoring pojazd\u00f3w \u2714\ufe0f Kontrola zu\u017cycia paliwa \u2714\ufe0f Lokalizatory \u2b50 Sprawd\u017a!\",\"breadcrumb\":{\"@id\":\"https:\/\/www.satisgps.com\/en\/business-applications\/municipal-companies\/municipal-vehicles\/#breadcrumb\"},\"inLanguage\":\"en-US\",\"potentialAction\":[{\"@type\":\"ReadAction\",\"target\":[\"https:\/\/www.satisgps.com\/en\/business-applications\/municipal-companies\/municipal-vehicles\/\"]}]},{\"@type\":\"ImageObject\",\"inLanguage\":\"en-US\",\"@id\":\"https:\/\/www.satisgps.com\/en\/business-applications\/municipal-companies\/municipal-vehicles\/#primaryimage\",\"url\":\"https:\/\/www.satisgps.com\/wp-content\/uploads\/2019\/12\/Komunalne01.png\",\"contentUrl\":\"https:\/\/www.satisgps.com\/wp-content\/uploads\/2019\/12\/Komunalne01.png\",\"width\":1920,\"height\":865},{\"@type\":\"BreadcrumbList\",\"@id\":\"https:\/\/www.satisgps.com\/en\/business-applications\/municipal-companies\/municipal-vehicles\/#breadcrumb\",\"itemListElement\":[{\"@type\":\"ListItem\",\"position\":1,\"name\":\"Monitoring floty\",\"item\":\"https:\/\/www.satisgps.com\/en\/\"},{\"@type\":\"ListItem\",\"position\":2,\"name\":\"Business applications\",\"item\":\"https:\/\/www.satisgps.com\/en\/business-applications\/\"},{\"@type\":\"ListItem\",\"position\":3,\"name\":\"Municipal companies\",\"item\":\"https:\/\/www.satisgps.com\/en\/business-applications\/municipal-companies\/\"},{\"@type\":\"ListItem\",\"position\":4,\"name\":\"Municipal vehicles\",\"item\":\"https:\/\/www.satisgps.com\/en\/wp-json\/wp\/v2\/pages\/2637\"}]},{\"@type\":\"WebSite\",\"@id\":\"https:\/\/www.satisgps.com\/#website\",\"url\":\"https:\/\/www.satisgps.com\/\",\"name\":\"SATIS GPS\",\"description\":\"System zarz\u0105dzania flot\u0105 i monitoring GPS pojazd\u00f3w\",\"publisher\":{\"@id\":\"https:\/\/www.satisgps.com\/#organization\"},\"potentialAction\":[{\"@type\":\"SearchAction\",\"target\":{\"@type\":\"EntryPoint\",\"urlTemplate\":\"https:\/\/www.satisgps.com\/?s={search_term_string}\"},\"query-input\":{\"@type\":\"PropertyValueSpecification\",\"valueRequired\":true,\"valueName\":\"search_term_string\"}}],\"inLanguage\":\"en-US\"},{\"@type\":\"Organization\",\"@id\":\"https:\/\/www.satisgps.com\/#organization\",\"name\":\"SATIS GPS\",\"url\":\"https:\/\/www.satisgps.com\/\",\"logo\":{\"@type\":\"ImageObject\",\"inLanguage\":\"en-US\",\"@id\":\"https:\/\/www.satisgps.com\/#\/schema\/logo\/image\/\",\"url\":\"https:\/\/www.satisgps.com\/wp-content\/uploads\/2015\/03\/logo-satis.png\",\"contentUrl\":\"https:\/\/www.satisgps.com\/wp-content\/uploads\/2015\/03\/logo-satis.png\",\"width\":146,\"height\":50,\"caption\":\"SATIS GPS\"},\"image\":{\"@id\":\"https:\/\/www.satisgps.com\/#\/schema\/logo\/image\/\"}}]}<\/script>\n<!-- \/ Yoast SEO plugin. -->","yoast_head_json":{"title":"Municipal vehicles - SATIS GPS","description":"SATIS GPS \u27a4 Municipal vehicles \u2714\ufe0f Monitoring pojazd\u00f3w \u2714\ufe0f Kontrola zu\u017cycia paliwa \u2714\ufe0f Lokalizatory \u2b50 Sprawd\u017a!","robots":{"index":"index","follow":"follow","max-snippet":"max-snippet:-1","max-image-preview":"max-image-preview:large","max-video-preview":"max-video-preview:-1"},"canonical":"https:\/\/www.satisgps.com\/en\/business-applications\/municipal-companies\/municipal-vehicles\/","og_locale":"en_US","og_type":"article","og_title":"Municipal vehicles - SATIS GPS","og_description":"SATIS GPS \u27a4 Municipal vehicles \u2714\ufe0f Monitoring pojazd\u00f3w \u2714\ufe0f Kontrola zu\u017cycia paliwa \u2714\ufe0f Lokalizatory \u2b50 Sprawd\u017a!","og_url":"https:\/\/www.satisgps.com\/en\/business-applications\/municipal-companies\/municipal-vehicles\/","og_site_name":"SATIS GPS","article_modified_time":"2020-01-08T09:40:43+00:00","og_image":[{"width":1920,"height":865,"url":"https:\/\/www.satisgps.com\/wp-content\/uploads\/2019\/12\/Komunalne01.png","type":"image\/png"}],"twitter_card":"summary_large_image","twitter_misc":{"Est. reading time":"1 minute"},"schema":{"@context":"https:\/\/schema.org","@graph":[{"@type":"WebPage","@id":"https:\/\/www.satisgps.com\/en\/business-applications\/municipal-companies\/municipal-vehicles\/","url":"https:\/\/www.satisgps.com\/en\/business-applications\/municipal-companies\/municipal-vehicles\/","name":"Municipal vehicles - SATIS GPS","isPartOf":{"@id":"https:\/\/www.satisgps.com\/#website"},"primaryImageOfPage":{"@id":"https:\/\/www.satisgps.com\/en\/business-applications\/municipal-companies\/municipal-vehicles\/#primaryimage"},"image":{"@id":"https:\/\/www.satisgps.com\/en\/business-applications\/municipal-companies\/municipal-vehicles\/#primaryimage"},"thumbnailUrl":"https:\/\/www.satisgps.com\/wp-content\/uploads\/2019\/12\/Komunalne01.png","datePublished":"2015-04-01T12:04:43+00:00","dateModified":"2020-01-08T09:40:43+00:00","description":"SATIS GPS \u27a4 Municipal vehicles \u2714\ufe0f Monitoring pojazd\u00f3w \u2714\ufe0f Kontrola zu\u017cycia paliwa \u2714\ufe0f Lokalizatory \u2b50 Sprawd\u017a!","breadcrumb":{"@id":"https:\/\/www.satisgps.com\/en\/business-applications\/municipal-companies\/municipal-vehicles\/#breadcrumb"},"inLanguage":"en-US","potentialAction":[{"@type":"ReadAction","target":["https:\/\/www.satisgps.com\/en\/business-applications\/municipal-companies\/municipal-vehicles\/"]}]},{"@type":"ImageObject","inLanguage":"en-US","@id":"https:\/\/www.satisgps.com\/en\/business-applications\/municipal-companies\/municipal-vehicles\/#primaryimage","url":"https:\/\/www.satisgps.com\/wp-content\/uploads\/2019\/12\/Komunalne01.png","contentUrl":"https:\/\/www.satisgps.com\/wp-content\/uploads\/2019\/12\/Komunalne01.png","width":1920,"height":865},{"@type":"BreadcrumbList","@id":"https:\/\/www.satisgps.com\/en\/business-applications\/municipal-companies\/municipal-vehicles\/#breadcrumb","itemListElement":[{"@type":"ListItem","position":1,"name":"Monitoring floty","item":"https:\/\/www.satisgps.com\/en\/"},{"@type":"ListItem","position":2,"name":"Business applications","item":"https:\/\/www.satisgps.com\/en\/business-applications\/"},{"@type":"ListItem","position":3,"name":"Municipal companies","item":"https:\/\/www.satisgps.com\/en\/business-applications\/municipal-companies\/"},{"@type":"ListItem","position":4,"name":"Municipal vehicles","item":"https:\/\/www.satisgps.com\/en\/wp-json\/wp\/v2\/pages\/2637"}]},{"@type":"WebSite","@id":"https:\/\/www.satisgps.com\/#website","url":"https:\/\/www.satisgps.com\/","name":"SATIS GPS","description":"System zarz\u0105dzania flot\u0105 i monitoring GPS pojazd\u00f3w","publisher":{"@id":"https:\/\/www.satisgps.com\/#organization"},"potentialAction":[{"@type":"SearchAction","target":{"@type":"EntryPoint","urlTemplate":"https:\/\/www.satisgps.com\/?s={search_term_string}"},"query-input":{"@type":"PropertyValueSpecification","valueRequired":true,"valueName":"search_term_string"}}],"inLanguage":"en-US"},{"@type":"Organization","@id":"https:\/\/www.satisgps.com\/#organization","name":"SATIS GPS","url":"https:\/\/www.satisgps.com\/","logo":{"@type":"ImageObject","inLanguage":"en-US","@id":"https:\/\/www.satisgps.com\/#\/schema\/logo\/image\/","url":"https:\/\/www.satisgps.com\/wp-content\/uploads\/2015\/03\/logo-satis.png","contentUrl":"https:\/\/www.satisgps.com\/wp-content\/uploads\/2015\/03\/logo-satis.png","width":146,"height":50,"caption":"SATIS GPS"},"image":{"@id":"https:\/\/www.satisgps.com\/#\/schema\/logo\/image\/"}}]}},"_links":{"self":[{"href":"https:\/\/www.satisgps.com\/en\/wp-json\/wp\/v2\/pages\/2637","targetHints":{"allow":["GET"]}}],"collection":[{"href":"https:\/\/www.satisgps.com\/en\/wp-json\/wp\/v2\/pages"}],"about":[{"href":"https:\/\/www.satisgps.com\/en\/wp-json\/wp\/v2\/types\/page"}],"author":[{"embeddable":true,"href":"https:\/\/www.satisgps.com\/en\/wp-json\/wp\/v2\/users\/13"}],"replies":[{"embeddable":true,"href":"https:\/\/www.satisgps.com\/en\/wp-json\/wp\/v2\/comments?post=2637"}],"version-history":[{"count":2,"href":"https:\/\/www.satisgps.com\/en\/wp-json\/wp\/v2\/pages\/2637\/revisions"}],"predecessor-version":[{"id":3396,"href":"https:\/\/www.satisgps.com\/en\/wp-json\/wp\/v2\/pages\/2637\/revisions\/3396"}],"up":[{"embeddable":true,"href":"https:\/\/www.satisgps.com\/en\/wp-json\/wp\/v2\/pages\/2630"}],"wp:featuredmedia":[{"embeddable":true,"href":"https:\/\/www.satisgps.com\/en\/wp-json\/wp\/v2\/media\/5230"}],"wp:attachment":[{"href":"https:\/\/www.satisgps.com\/en\/wp-json\/wp\/v2\/media?parent=2637"}],"curies":[{"name":"wp","href":"https:\/\/api.w.org\/{rel}","templated":true}]}}