{"id":2648,"date":"2015-04-01T12:46:17","date_gmt":"2015-04-01T12:46:17","guid":{"rendered":"http:\/\/www.satisgps.com\/business-applications\/municipal-companies\/rozwiazania-i-korzysci\/"},"modified":"2020-01-08T10:46:42","modified_gmt":"2020-01-08T09:46:42","slug":"solutions-and-benefits","status":"publish","type":"page","link":"https:\/\/www.satisgps.com\/en\/business-applications\/municipal-companies\/solutions-and-benefits\/","title":{"rendered":"Solutions and benefits"},"content":{"rendered":"<h1>Solutions and benefits<\/h1>\n<p style=\"text-align: justify;\"><strong>Benefits of SATIS implementation:<\/strong><\/p>\n<ul style=\"text-align: justify;\">\n<li>Automated reporting obligations under the Law of 2011 No. 152 item 897<\/li>\n<li>Elimination of waste collection from unauthorised points<\/li>\n<li>Elimination of waste storage at sites other than designated for this purpose<\/li>\n<li>Geographic optimisation of transport tasks<\/li>\n<li>Optimising the working time of equipment and people<\/li>\n<li>Reducing the business costs by implementing Eco-driving programs<\/li>\n<li>Automation of maintenance activities for the fleet<\/li>\n<\/ul>\n<p style=\"text-align: justify;\"><strong>System implementation<\/strong><\/p>\n<p style=\"text-align: justify;\">There are two ways to implement the SATIS system to support municipal companies in meeting their statutory obligations. Both methods are the same to a large degree. The differences lie in the method of measuring the weight of waste collected and transferred for storage.<\/p>\n<p style=\"text-align: justify;\">Common features in both variants:<\/p>\n<p style=\"text-align: justify;\"><strong>Step 1 &#8211; Import data about:<\/strong><\/p>\n<ul style=\"text-align: justify;\">\n<li>Waste collection points with an indication of the type of waste to be collected at these points<\/li>\n<li>Types and quantities of containers that can be handled at specific waste collection points<\/li>\n<li>Waste disposal sites with an indication of the type of waste to be stored at these points<\/li>\n<\/ul>\n<p style=\"text-align: justify;\"><strong>Step 2 &#8211; Create the lists of:<\/strong><\/p>\n<ul style=\"text-align: justify;\">\n<li>Vehicles, including their categories, to provide the ability to:\n<ul>\n<li>Indicate of the purpose of the vehicle<\/li>\n<li>Specify the type of waste that can be transported by the particular type of vehicle<\/li>\n<li>Indicate the type of container that can be handled by the particular vehicle category<\/li>\n<li>Indicate the locations in which the particular vehicle type can be unloaded<\/li>\n<\/ul>\n<\/li>\n<li>Containers and defining their logistic parameters:\n<ul>\n<li>Capacity<\/li>\n<li>Net weight<\/li>\n<li>Gross weight<\/li>\n<li>Determine which types of vehicles can be used to transport the waste<\/li>\n<\/ul>\n<\/li>\n<\/ul>\n<p style=\"text-align: justify;\"><strong>Step 3 &#8211; Install GPS tracking units to enable:<\/strong><\/p>\n<ul style=\"text-align: justify;\">\n<li>Continuous geographic positioning<\/li>\n<li>Driver identification<\/li>\n<li>Status identification: drive\/stop<\/li>\n<li>Identification and measurement of loading\/unloading time (these parameters can be determined by connecting additional sensors to the GPS tracking unit to identify the operation of lifts, pumps, and other vehicle elements)<\/li>\n<li>Measurement of vehicle speed, engine speed, sudden acceleration and deceleration. These parameters make it possible to introduce eco-driving programs<\/li>\n<li>Connection of fuel measurement<\/li>\n<\/ul>\n<p style=\"text-align: justify;\"><strong>Step 4 &#8211; Prepare the report module<\/strong><\/p>\n<ul>\n<li style=\"text-align: justify;\">automatic generation of any analytical summaries according to customer needs<\/li>\n<\/ul>\n","protected":false},"excerpt":{"rendered":"<p>Solutions and benefits Benefits of SATIS implementation: Automated reporting obligations under the Law of 2011 No. 152 item 897 Elimination of waste collection from unauthorised points Elimination of waste storage at sites other than designated for this purpose Geographic optimisation of transport tasks Optimising the working time of equipment and people Reducing the business costs &hellip; <\/p>\n<p class=\"link-more\"><a href=\"https:\/\/www.satisgps.com\/en\/business-applications\/municipal-companies\/solutions-and-benefits\/\" class=\"more-link\">Continue reading<span class=\"screen-reader-text\"> &#8220;Solutions and benefits&#8221;<\/span><\/a><\/p>\n","protected":false},"author":13,"featured_media":5230,"parent":2630,"menu_order":0,"comment_status":"closed","ping_status":"closed","template":"","meta":{"_acf_changed":false,"footnotes":""},"class_list":["post-2648","page","type-page","status-publish","has-post-thumbnail","hentry"],"acf":[],"yoast_head":"<!-- This site is optimized with the Yoast SEO plugin v26.5 - https:\/\/yoast.com\/wordpress\/plugins\/seo\/ -->\n<title>Solutions and benefits - SATIS GPS<\/title>\n<meta name=\"description\" content=\"SATIS GPS \u27a4 Solutions and benefits \u2714\ufe0f Monitoring pojazd\u00f3w \u2714\ufe0f Kontrola zu\u017cycia paliwa \u2714\ufe0f Lokalizatory \u2b50 Sprawd\u017a!\" \/>\n<meta name=\"robots\" content=\"index, follow, max-snippet:-1, max-image-preview:large, max-video-preview:-1\" \/>\n<link rel=\"canonical\" href=\"https:\/\/www.satisgps.com\/en\/business-applications\/municipal-companies\/solutions-and-benefits\/\" \/>\n<meta property=\"og:locale\" content=\"en_US\" \/>\n<meta property=\"og:type\" content=\"article\" \/>\n<meta property=\"og:title\" content=\"Solutions and benefits - SATIS GPS\" \/>\n<meta property=\"og:description\" content=\"SATIS GPS \u27a4 Solutions and benefits \u2714\ufe0f Monitoring pojazd\u00f3w \u2714\ufe0f Kontrola zu\u017cycia paliwa \u2714\ufe0f Lokalizatory \u2b50 Sprawd\u017a!\" \/>\n<meta property=\"og:url\" content=\"https:\/\/www.satisgps.com\/en\/business-applications\/municipal-companies\/solutions-and-benefits\/\" \/>\n<meta property=\"og:site_name\" content=\"SATIS GPS\" \/>\n<meta property=\"article:modified_time\" content=\"2020-01-08T09:46:42+00:00\" \/>\n<meta property=\"og:image\" content=\"https:\/\/www.satisgps.com\/wp-content\/uploads\/2019\/12\/Komunalne01.png\" \/>\n\t<meta property=\"og:image:width\" content=\"1920\" \/>\n\t<meta property=\"og:image:height\" content=\"865\" \/>\n\t<meta property=\"og:image:type\" content=\"image\/png\" \/>\n<meta name=\"twitter:card\" content=\"summary_large_image\" \/>\n<meta name=\"twitter:label1\" content=\"Est. reading time\" \/>\n\t<meta name=\"twitter:data1\" content=\"2 minutes\" \/>\n<script type=\"application\/ld+json\" class=\"yoast-schema-graph\">{\"@context\":\"https:\/\/schema.org\",\"@graph\":[{\"@type\":\"WebPage\",\"@id\":\"https:\/\/www.satisgps.com\/en\/business-applications\/municipal-companies\/solutions-and-benefits\/\",\"url\":\"https:\/\/www.satisgps.com\/en\/business-applications\/municipal-companies\/solutions-and-benefits\/\",\"name\":\"Solutions and benefits - SATIS GPS\",\"isPartOf\":{\"@id\":\"https:\/\/www.satisgps.com\/#website\"},\"primaryImageOfPage\":{\"@id\":\"https:\/\/www.satisgps.com\/en\/business-applications\/municipal-companies\/solutions-and-benefits\/#primaryimage\"},\"image\":{\"@id\":\"https:\/\/www.satisgps.com\/en\/business-applications\/municipal-companies\/solutions-and-benefits\/#primaryimage\"},\"thumbnailUrl\":\"https:\/\/www.satisgps.com\/wp-content\/uploads\/2019\/12\/Komunalne01.png\",\"datePublished\":\"2015-04-01T12:46:17+00:00\",\"dateModified\":\"2020-01-08T09:46:42+00:00\",\"description\":\"SATIS GPS \u27a4 Solutions and benefits \u2714\ufe0f Monitoring pojazd\u00f3w \u2714\ufe0f Kontrola zu\u017cycia paliwa \u2714\ufe0f Lokalizatory \u2b50 Sprawd\u017a!\",\"breadcrumb\":{\"@id\":\"https:\/\/www.satisgps.com\/en\/business-applications\/municipal-companies\/solutions-and-benefits\/#breadcrumb\"},\"inLanguage\":\"en-US\",\"potentialAction\":[{\"@type\":\"ReadAction\",\"target\":[\"https:\/\/www.satisgps.com\/en\/business-applications\/municipal-companies\/solutions-and-benefits\/\"]}]},{\"@type\":\"ImageObject\",\"inLanguage\":\"en-US\",\"@id\":\"https:\/\/www.satisgps.com\/en\/business-applications\/municipal-companies\/solutions-and-benefits\/#primaryimage\",\"url\":\"https:\/\/www.satisgps.com\/wp-content\/uploads\/2019\/12\/Komunalne01.png\",\"contentUrl\":\"https:\/\/www.satisgps.com\/wp-content\/uploads\/2019\/12\/Komunalne01.png\",\"width\":1920,\"height\":865},{\"@type\":\"BreadcrumbList\",\"@id\":\"https:\/\/www.satisgps.com\/en\/business-applications\/municipal-companies\/solutions-and-benefits\/#breadcrumb\",\"itemListElement\":[{\"@type\":\"ListItem\",\"position\":1,\"name\":\"Monitoring floty\",\"item\":\"https:\/\/www.satisgps.com\/en\/\"},{\"@type\":\"ListItem\",\"position\":2,\"name\":\"Business applications\",\"item\":\"https:\/\/www.satisgps.com\/en\/business-applications\/\"},{\"@type\":\"ListItem\",\"position\":3,\"name\":\"Municipal companies\",\"item\":\"https:\/\/www.satisgps.com\/en\/business-applications\/municipal-companies\/\"},{\"@type\":\"ListItem\",\"position\":4,\"name\":\"Solutions and benefits\",\"item\":\"https:\/\/www.satisgps.com\/en\/wp-json\/wp\/v2\/pages\/2648\"}]},{\"@type\":\"WebSite\",\"@id\":\"https:\/\/www.satisgps.com\/#website\",\"url\":\"https:\/\/www.satisgps.com\/\",\"name\":\"SATIS GPS\",\"description\":\"System zarz\u0105dzania flot\u0105 i monitoring GPS pojazd\u00f3w\",\"publisher\":{\"@id\":\"https:\/\/www.satisgps.com\/#organization\"},\"potentialAction\":[{\"@type\":\"SearchAction\",\"target\":{\"@type\":\"EntryPoint\",\"urlTemplate\":\"https:\/\/www.satisgps.com\/?s={search_term_string}\"},\"query-input\":{\"@type\":\"PropertyValueSpecification\",\"valueRequired\":true,\"valueName\":\"search_term_string\"}}],\"inLanguage\":\"en-US\"},{\"@type\":\"Organization\",\"@id\":\"https:\/\/www.satisgps.com\/#organization\",\"name\":\"SATIS GPS\",\"url\":\"https:\/\/www.satisgps.com\/\",\"logo\":{\"@type\":\"ImageObject\",\"inLanguage\":\"en-US\",\"@id\":\"https:\/\/www.satisgps.com\/#\/schema\/logo\/image\/\",\"url\":\"https:\/\/www.satisgps.com\/wp-content\/uploads\/2015\/03\/logo-satis.png\",\"contentUrl\":\"https:\/\/www.satisgps.com\/wp-content\/uploads\/2015\/03\/logo-satis.png\",\"width\":146,\"height\":50,\"caption\":\"SATIS GPS\"},\"image\":{\"@id\":\"https:\/\/www.satisgps.com\/#\/schema\/logo\/image\/\"}}]}<\/script>\n<!-- \/ Yoast SEO plugin. -->","yoast_head_json":{"title":"Solutions and benefits - SATIS GPS","description":"SATIS GPS \u27a4 Solutions and benefits \u2714\ufe0f Monitoring pojazd\u00f3w \u2714\ufe0f Kontrola zu\u017cycia paliwa \u2714\ufe0f Lokalizatory \u2b50 Sprawd\u017a!","robots":{"index":"index","follow":"follow","max-snippet":"max-snippet:-1","max-image-preview":"max-image-preview:large","max-video-preview":"max-video-preview:-1"},"canonical":"https:\/\/www.satisgps.com\/en\/business-applications\/municipal-companies\/solutions-and-benefits\/","og_locale":"en_US","og_type":"article","og_title":"Solutions and benefits - SATIS GPS","og_description":"SATIS GPS \u27a4 Solutions and benefits \u2714\ufe0f Monitoring pojazd\u00f3w \u2714\ufe0f Kontrola zu\u017cycia paliwa \u2714\ufe0f Lokalizatory \u2b50 Sprawd\u017a!","og_url":"https:\/\/www.satisgps.com\/en\/business-applications\/municipal-companies\/solutions-and-benefits\/","og_site_name":"SATIS GPS","article_modified_time":"2020-01-08T09:46:42+00:00","og_image":[{"width":1920,"height":865,"url":"https:\/\/www.satisgps.com\/wp-content\/uploads\/2019\/12\/Komunalne01.png","type":"image\/png"}],"twitter_card":"summary_large_image","twitter_misc":{"Est. reading time":"2 minutes"},"schema":{"@context":"https:\/\/schema.org","@graph":[{"@type":"WebPage","@id":"https:\/\/www.satisgps.com\/en\/business-applications\/municipal-companies\/solutions-and-benefits\/","url":"https:\/\/www.satisgps.com\/en\/business-applications\/municipal-companies\/solutions-and-benefits\/","name":"Solutions and benefits - SATIS GPS","isPartOf":{"@id":"https:\/\/www.satisgps.com\/#website"},"primaryImageOfPage":{"@id":"https:\/\/www.satisgps.com\/en\/business-applications\/municipal-companies\/solutions-and-benefits\/#primaryimage"},"image":{"@id":"https:\/\/www.satisgps.com\/en\/business-applications\/municipal-companies\/solutions-and-benefits\/#primaryimage"},"thumbnailUrl":"https:\/\/www.satisgps.com\/wp-content\/uploads\/2019\/12\/Komunalne01.png","datePublished":"2015-04-01T12:46:17+00:00","dateModified":"2020-01-08T09:46:42+00:00","description":"SATIS GPS \u27a4 Solutions and benefits \u2714\ufe0f Monitoring pojazd\u00f3w \u2714\ufe0f Kontrola zu\u017cycia paliwa \u2714\ufe0f Lokalizatory \u2b50 Sprawd\u017a!","breadcrumb":{"@id":"https:\/\/www.satisgps.com\/en\/business-applications\/municipal-companies\/solutions-and-benefits\/#breadcrumb"},"inLanguage":"en-US","potentialAction":[{"@type":"ReadAction","target":["https:\/\/www.satisgps.com\/en\/business-applications\/municipal-companies\/solutions-and-benefits\/"]}]},{"@type":"ImageObject","inLanguage":"en-US","@id":"https:\/\/www.satisgps.com\/en\/business-applications\/municipal-companies\/solutions-and-benefits\/#primaryimage","url":"https:\/\/www.satisgps.com\/wp-content\/uploads\/2019\/12\/Komunalne01.png","contentUrl":"https:\/\/www.satisgps.com\/wp-content\/uploads\/2019\/12\/Komunalne01.png","width":1920,"height":865},{"@type":"BreadcrumbList","@id":"https:\/\/www.satisgps.com\/en\/business-applications\/municipal-companies\/solutions-and-benefits\/#breadcrumb","itemListElement":[{"@type":"ListItem","position":1,"name":"Monitoring floty","item":"https:\/\/www.satisgps.com\/en\/"},{"@type":"ListItem","position":2,"name":"Business applications","item":"https:\/\/www.satisgps.com\/en\/business-applications\/"},{"@type":"ListItem","position":3,"name":"Municipal companies","item":"https:\/\/www.satisgps.com\/en\/business-applications\/municipal-companies\/"},{"@type":"ListItem","position":4,"name":"Solutions and benefits","item":"https:\/\/www.satisgps.com\/en\/wp-json\/wp\/v2\/pages\/2648"}]},{"@type":"WebSite","@id":"https:\/\/www.satisgps.com\/#website","url":"https:\/\/www.satisgps.com\/","name":"SATIS GPS","description":"System zarz\u0105dzania flot\u0105 i monitoring GPS pojazd\u00f3w","publisher":{"@id":"https:\/\/www.satisgps.com\/#organization"},"potentialAction":[{"@type":"SearchAction","target":{"@type":"EntryPoint","urlTemplate":"https:\/\/www.satisgps.com\/?s={search_term_string}"},"query-input":{"@type":"PropertyValueSpecification","valueRequired":true,"valueName":"search_term_string"}}],"inLanguage":"en-US"},{"@type":"Organization","@id":"https:\/\/www.satisgps.com\/#organization","name":"SATIS GPS","url":"https:\/\/www.satisgps.com\/","logo":{"@type":"ImageObject","inLanguage":"en-US","@id":"https:\/\/www.satisgps.com\/#\/schema\/logo\/image\/","url":"https:\/\/www.satisgps.com\/wp-content\/uploads\/2015\/03\/logo-satis.png","contentUrl":"https:\/\/www.satisgps.com\/wp-content\/uploads\/2015\/03\/logo-satis.png","width":146,"height":50,"caption":"SATIS GPS"},"image":{"@id":"https:\/\/www.satisgps.com\/#\/schema\/logo\/image\/"}}]}},"_links":{"self":[{"href":"https:\/\/www.satisgps.com\/en\/wp-json\/wp\/v2\/pages\/2648","targetHints":{"allow":["GET"]}}],"collection":[{"href":"https:\/\/www.satisgps.com\/en\/wp-json\/wp\/v2\/pages"}],"about":[{"href":"https:\/\/www.satisgps.com\/en\/wp-json\/wp\/v2\/types\/page"}],"author":[{"embeddable":true,"href":"https:\/\/www.satisgps.com\/en\/wp-json\/wp\/v2\/users\/13"}],"replies":[{"embeddable":true,"href":"https:\/\/www.satisgps.com\/en\/wp-json\/wp\/v2\/comments?post=2648"}],"version-history":[{"count":2,"href":"https:\/\/www.satisgps.com\/en\/wp-json\/wp\/v2\/pages\/2648\/revisions"}],"predecessor-version":[{"id":3398,"href":"https:\/\/www.satisgps.com\/en\/wp-json\/wp\/v2\/pages\/2648\/revisions\/3398"}],"up":[{"embeddable":true,"href":"https:\/\/www.satisgps.com\/en\/wp-json\/wp\/v2\/pages\/2630"}],"wp:featuredmedia":[{"embeddable":true,"href":"https:\/\/www.satisgps.com\/en\/wp-json\/wp\/v2\/media\/5230"}],"wp:attachment":[{"href":"https:\/\/www.satisgps.com\/en\/wp-json\/wp\/v2\/media?parent=2648"}],"curies":[{"name":"wp","href":"https:\/\/api.w.org\/{rel}","templated":true}]}}