{"id":2659,"date":"2015-03-30T16:36:10","date_gmt":"2015-03-30T16:36:10","guid":{"rendered":"http:\/\/www.satisgps.com\/why-satis\/precyzyjna-lokalizacja\/"},"modified":"2017-07-28T14:47:58","modified_gmt":"2017-07-28T12:47:58","slug":"precise-location-tracking","status":"publish","type":"page","link":"https:\/\/www.satisgps.com\/en\/why-satis\/precise-location-tracking\/","title":{"rendered":"Precise location tracking"},"content":{"rendered":"<h1>Precise location tracking<\/h1>\n<h2 style=\"text-align: justify;\">The concept of location reading frequency very often (deliberately by dishonest vendors) is boiled down to the frequency of vehicle updates on the map in the IT system.<br \/>\n This is not a right approach&#8230;<\/h2>\n<p style=\"text-align: justify;\"><strong>Actual location<\/strong><\/p>\n<p style=\"text-align: justify;\">A good-quality GPS should be able to read the location in such a way that the vehicle route shown on the map matches the curvature of the road. Only this approach allows for precise calculation of routes. Therefore, the frequency of location should be determined through\u00a03 key parameters:<\/p>\n<ul style=\"text-align: justify;\">\n<li>time, e.g. every 30 seconds<\/li>\n<li>distance, e.g. every 200 metres<\/li>\n<li>angle of turn, so the vehicle perfectly matches the curves on the road<\/li>\n<\/ul>\n<p style=\"text-align: justify;\"><strong>Let&#8217;s consider the costs<\/strong><\/p>\n<p style=\"text-align: justify;\">Because of the significant cost of data transmission from tracking units (especially roaming), readings in the SATIS system are made more frequently than data updates on the map. When updating the vehicle position, there is not one, but several readings simultaneously on the map.<\/p>\n<p style=\"text-align: justify;\">If the system refreshes data on the map every 30 seconds and the vehicle moves on the highway at 140 km\/h, 6 readings of locations made every 200 metres will appear on the map every 30 seconds. This way, the route can be reflected very accurately, providing high-quality measurements.<\/p>\n<p style=\"text-align: justify;\">In some projects we make location readings and data updates on the map every 1 second. This means significant costs, but our main goal is to meet the Customer&#8217;s business needs.<\/p>\n<p style=\"text-align: justify;\"><strong>Control and save<\/strong><\/p>\n<p style=\"text-align: justify;\">Thanks to its precise GPS tracking, the SATIS system can verify the compliance of the sales representatives&#8217; reports with their actual activities in the field. SATIS gives the option of very accurate checking whether the reported work actually took place.<\/p>\n<p style=\"text-align: justify;\">Assuming that a sales representative carries out 180 business visits a month, the cost of his\/her employment is PLN 10,000 (PLN 5500 as part of employment contract as the employer&#8217;s cost, PLN 3000 for car and maintenance costs, the remaining amount for other tools needed for work), it can be calculated that one sales visit costs PLN 56.<\/p>\n<p style=\"text-align: justify;\">Experience shows that reports of actually non-existing visits may be even 10% of all reported events &#8211; in our case this means 18 visits.\u00a0The SATIS GPS system allows you to eliminate 100% of such cases.\u00a0Therefore, it is possible to save up to PLN 1000 per month and increase the difficult-to-estimate sales value by eliminating visits that have never taken place.<\/p>\n","protected":false},"excerpt":{"rendered":"<p>Precise location tracking The concept of location reading frequency very often (deliberately by dishonest vendors) is boiled down to the frequency of vehicle updates on the map in the IT system. This is not a right approach&#8230; Actual location A good-quality GPS should be able to read the location in such a way that the &hellip; <\/p>\n<p class=\"link-more\"><a href=\"https:\/\/www.satisgps.com\/en\/why-satis\/precise-location-tracking\/\" class=\"more-link\">Continue reading<span class=\"screen-reader-text\"> &#8220;Precise location tracking&#8221;<\/span><\/a><\/p>\n","protected":false},"author":13,"featured_media":0,"parent":2513,"menu_order":0,"comment_status":"closed","ping_status":"closed","template":"","meta":{"_acf_changed":false,"footnotes":""},"class_list":["post-2659","page","type-page","status-publish","hentry"],"acf":[],"yoast_head":"<!-- This site is optimized with the Yoast SEO plugin v26.5 - https:\/\/yoast.com\/wordpress\/plugins\/seo\/ -->\n<title>Precise location tracking - SATIS GPS<\/title>\n<meta name=\"description\" content=\"SATIS GPS \u27a4 Precise location tracking \u2714\ufe0f Monitoring pojazd\u00f3w \u2714\ufe0f Kontrola zu\u017cycia paliwa \u2714\ufe0f Lokalizatory \u2b50 Sprawd\u017a!\" \/>\n<meta name=\"robots\" content=\"index, follow, max-snippet:-1, max-image-preview:large, max-video-preview:-1\" \/>\n<link rel=\"canonical\" href=\"https:\/\/www.satisgps.com\/en\/why-satis\/precise-location-tracking\/\" \/>\n<meta property=\"og:locale\" content=\"en_US\" \/>\n<meta property=\"og:type\" content=\"article\" \/>\n<meta property=\"og:title\" content=\"Precise location tracking - SATIS GPS\" \/>\n<meta property=\"og:description\" content=\"SATIS GPS \u27a4 Precise location tracking \u2714\ufe0f Monitoring pojazd\u00f3w \u2714\ufe0f Kontrola zu\u017cycia paliwa \u2714\ufe0f Lokalizatory \u2b50 Sprawd\u017a!\" \/>\n<meta property=\"og:url\" content=\"https:\/\/www.satisgps.com\/en\/why-satis\/precise-location-tracking\/\" \/>\n<meta property=\"og:site_name\" content=\"SATIS GPS\" \/>\n<meta property=\"article:modified_time\" content=\"2017-07-28T12:47:58+00:00\" \/>\n<meta name=\"twitter:card\" content=\"summary_large_image\" \/>\n<meta name=\"twitter:label1\" content=\"Est. reading time\" \/>\n\t<meta name=\"twitter:data1\" content=\"2 minutes\" \/>\n<script type=\"application\/ld+json\" class=\"yoast-schema-graph\">{\"@context\":\"https:\/\/schema.org\",\"@graph\":[{\"@type\":\"WebPage\",\"@id\":\"https:\/\/www.satisgps.com\/en\/why-satis\/precise-location-tracking\/\",\"url\":\"https:\/\/www.satisgps.com\/en\/why-satis\/precise-location-tracking\/\",\"name\":\"Precise location tracking - SATIS GPS\",\"isPartOf\":{\"@id\":\"https:\/\/www.satisgps.com\/#website\"},\"datePublished\":\"2015-03-30T16:36:10+00:00\",\"dateModified\":\"2017-07-28T12:47:58+00:00\",\"description\":\"SATIS GPS \u27a4 Precise location tracking \u2714\ufe0f Monitoring pojazd\u00f3w \u2714\ufe0f Kontrola zu\u017cycia paliwa \u2714\ufe0f Lokalizatory \u2b50 Sprawd\u017a!\",\"breadcrumb\":{\"@id\":\"https:\/\/www.satisgps.com\/en\/why-satis\/precise-location-tracking\/#breadcrumb\"},\"inLanguage\":\"en-US\",\"potentialAction\":[{\"@type\":\"ReadAction\",\"target\":[\"https:\/\/www.satisgps.com\/en\/why-satis\/precise-location-tracking\/\"]}]},{\"@type\":\"BreadcrumbList\",\"@id\":\"https:\/\/www.satisgps.com\/en\/why-satis\/precise-location-tracking\/#breadcrumb\",\"itemListElement\":[{\"@type\":\"ListItem\",\"position\":1,\"name\":\"Monitoring floty\",\"item\":\"https:\/\/www.satisgps.com\/en\/\"},{\"@type\":\"ListItem\",\"position\":2,\"name\":\"Why SATIS?\",\"item\":\"https:\/\/www.satisgps.com\/en\/why-satis\/\"},{\"@type\":\"ListItem\",\"position\":3,\"name\":\"Precise location tracking\",\"item\":\"https:\/\/www.satisgps.com\/en\/wp-json\/wp\/v2\/pages\/2659\"}]},{\"@type\":\"WebSite\",\"@id\":\"https:\/\/www.satisgps.com\/#website\",\"url\":\"https:\/\/www.satisgps.com\/\",\"name\":\"SATIS GPS\",\"description\":\"System zarz\u0105dzania flot\u0105 i monitoring GPS pojazd\u00f3w\",\"publisher\":{\"@id\":\"https:\/\/www.satisgps.com\/#organization\"},\"potentialAction\":[{\"@type\":\"SearchAction\",\"target\":{\"@type\":\"EntryPoint\",\"urlTemplate\":\"https:\/\/www.satisgps.com\/?s={search_term_string}\"},\"query-input\":{\"@type\":\"PropertyValueSpecification\",\"valueRequired\":true,\"valueName\":\"search_term_string\"}}],\"inLanguage\":\"en-US\"},{\"@type\":\"Organization\",\"@id\":\"https:\/\/www.satisgps.com\/#organization\",\"name\":\"SATIS GPS\",\"url\":\"https:\/\/www.satisgps.com\/\",\"logo\":{\"@type\":\"ImageObject\",\"inLanguage\":\"en-US\",\"@id\":\"https:\/\/www.satisgps.com\/#\/schema\/logo\/image\/\",\"url\":\"https:\/\/www.satisgps.com\/wp-content\/uploads\/2015\/03\/logo-satis.png\",\"contentUrl\":\"https:\/\/www.satisgps.com\/wp-content\/uploads\/2015\/03\/logo-satis.png\",\"width\":146,\"height\":50,\"caption\":\"SATIS GPS\"},\"image\":{\"@id\":\"https:\/\/www.satisgps.com\/#\/schema\/logo\/image\/\"}}]}<\/script>\n<!-- \/ Yoast SEO plugin. -->","yoast_head_json":{"title":"Precise location tracking - SATIS GPS","description":"SATIS GPS \u27a4 Precise location tracking \u2714\ufe0f Monitoring pojazd\u00f3w \u2714\ufe0f Kontrola zu\u017cycia paliwa \u2714\ufe0f Lokalizatory \u2b50 Sprawd\u017a!","robots":{"index":"index","follow":"follow","max-snippet":"max-snippet:-1","max-image-preview":"max-image-preview:large","max-video-preview":"max-video-preview:-1"},"canonical":"https:\/\/www.satisgps.com\/en\/why-satis\/precise-location-tracking\/","og_locale":"en_US","og_type":"article","og_title":"Precise location tracking - SATIS GPS","og_description":"SATIS GPS \u27a4 Precise location tracking \u2714\ufe0f Monitoring pojazd\u00f3w \u2714\ufe0f Kontrola zu\u017cycia paliwa \u2714\ufe0f Lokalizatory \u2b50 Sprawd\u017a!","og_url":"https:\/\/www.satisgps.com\/en\/why-satis\/precise-location-tracking\/","og_site_name":"SATIS GPS","article_modified_time":"2017-07-28T12:47:58+00:00","twitter_card":"summary_large_image","twitter_misc":{"Est. reading time":"2 minutes"},"schema":{"@context":"https:\/\/schema.org","@graph":[{"@type":"WebPage","@id":"https:\/\/www.satisgps.com\/en\/why-satis\/precise-location-tracking\/","url":"https:\/\/www.satisgps.com\/en\/why-satis\/precise-location-tracking\/","name":"Precise location tracking - SATIS GPS","isPartOf":{"@id":"https:\/\/www.satisgps.com\/#website"},"datePublished":"2015-03-30T16:36:10+00:00","dateModified":"2017-07-28T12:47:58+00:00","description":"SATIS GPS \u27a4 Precise location tracking \u2714\ufe0f Monitoring pojazd\u00f3w \u2714\ufe0f Kontrola zu\u017cycia paliwa \u2714\ufe0f Lokalizatory \u2b50 Sprawd\u017a!","breadcrumb":{"@id":"https:\/\/www.satisgps.com\/en\/why-satis\/precise-location-tracking\/#breadcrumb"},"inLanguage":"en-US","potentialAction":[{"@type":"ReadAction","target":["https:\/\/www.satisgps.com\/en\/why-satis\/precise-location-tracking\/"]}]},{"@type":"BreadcrumbList","@id":"https:\/\/www.satisgps.com\/en\/why-satis\/precise-location-tracking\/#breadcrumb","itemListElement":[{"@type":"ListItem","position":1,"name":"Monitoring floty","item":"https:\/\/www.satisgps.com\/en\/"},{"@type":"ListItem","position":2,"name":"Why SATIS?","item":"https:\/\/www.satisgps.com\/en\/why-satis\/"},{"@type":"ListItem","position":3,"name":"Precise location tracking","item":"https:\/\/www.satisgps.com\/en\/wp-json\/wp\/v2\/pages\/2659"}]},{"@type":"WebSite","@id":"https:\/\/www.satisgps.com\/#website","url":"https:\/\/www.satisgps.com\/","name":"SATIS GPS","description":"System zarz\u0105dzania flot\u0105 i monitoring GPS pojazd\u00f3w","publisher":{"@id":"https:\/\/www.satisgps.com\/#organization"},"potentialAction":[{"@type":"SearchAction","target":{"@type":"EntryPoint","urlTemplate":"https:\/\/www.satisgps.com\/?s={search_term_string}"},"query-input":{"@type":"PropertyValueSpecification","valueRequired":true,"valueName":"search_term_string"}}],"inLanguage":"en-US"},{"@type":"Organization","@id":"https:\/\/www.satisgps.com\/#organization","name":"SATIS GPS","url":"https:\/\/www.satisgps.com\/","logo":{"@type":"ImageObject","inLanguage":"en-US","@id":"https:\/\/www.satisgps.com\/#\/schema\/logo\/image\/","url":"https:\/\/www.satisgps.com\/wp-content\/uploads\/2015\/03\/logo-satis.png","contentUrl":"https:\/\/www.satisgps.com\/wp-content\/uploads\/2015\/03\/logo-satis.png","width":146,"height":50,"caption":"SATIS GPS"},"image":{"@id":"https:\/\/www.satisgps.com\/#\/schema\/logo\/image\/"}}]}},"_links":{"self":[{"href":"https:\/\/www.satisgps.com\/en\/wp-json\/wp\/v2\/pages\/2659","targetHints":{"allow":["GET"]}}],"collection":[{"href":"https:\/\/www.satisgps.com\/en\/wp-json\/wp\/v2\/pages"}],"about":[{"href":"https:\/\/www.satisgps.com\/en\/wp-json\/wp\/v2\/types\/page"}],"author":[{"embeddable":true,"href":"https:\/\/www.satisgps.com\/en\/wp-json\/wp\/v2\/users\/13"}],"replies":[{"embeddable":true,"href":"https:\/\/www.satisgps.com\/en\/wp-json\/wp\/v2\/comments?post=2659"}],"version-history":[{"count":4,"href":"https:\/\/www.satisgps.com\/en\/wp-json\/wp\/v2\/pages\/2659\/revisions"}],"predecessor-version":[{"id":3433,"href":"https:\/\/www.satisgps.com\/en\/wp-json\/wp\/v2\/pages\/2659\/revisions\/3433"}],"up":[{"embeddable":true,"href":"https:\/\/www.satisgps.com\/en\/wp-json\/wp\/v2\/pages\/2513"}],"wp:attachment":[{"href":"https:\/\/www.satisgps.com\/en\/wp-json\/wp\/v2\/media?parent=2659"}],"curies":[{"name":"wp","href":"https:\/\/api.w.org\/{rel}","templated":true}]}}