{"id":3104,"date":"2017-07-04T16:33:46","date_gmt":"2017-07-04T14:33:46","guid":{"rendered":"http:\/\/www.satisgps.com\/?page_id=3104\/"},"modified":"2020-01-03T15:14:54","modified_gmt":"2020-01-03T14:14:54","slug":"forklifts","status":"publish","type":"page","link":"https:\/\/www.satisgps.com\/en\/business-applications\/forklifts\/","title":{"rendered":"Forklifts"},"content":{"rendered":"<h1>Forklifts<\/h1>\n<h2 style=\"text-align: justify;\">The forklift monitoring service in the SATIS system lets warehouse managers efficiently improve safety and increase efficiency of the use of forklifts in their organisation.<\/h2>\n<p>The comprehensive set of solutions enables the control of parameters such as:<\/p>\n<ul>\n<li>work lift registry<\/li>\n<li>operator registry<\/li>\n<li>on-line live location finding<\/li>\n<li>length and history of routes taken<\/li>\n<li>stop report<\/li>\n<li>login and logout report<\/li>\n<li>ON\/OFF ignition status<\/li>\n<li>collision report on the basis of installed sensors<\/li>\n<li>drive time report<\/li>\n<li>operating hours report<\/li>\n<li>battery and propane status control<\/li>\n<\/ul>\n<p style=\"text-align: justify;\">The ability to adapt the SATIS system to the individual requirements of the client translates into precise reports and alerts.<\/p>\n","protected":false},"excerpt":{"rendered":"<p>Forklifts The forklift monitoring service in the SATIS system lets warehouse managers efficiently improve safety and increase efficiency of the use of forklifts in their organisation. The comprehensive set of solutions enables the control of parameters such as: work lift registry operator registry on-line live location finding length and history of routes taken stop report &hellip; <\/p>\n<p class=\"link-more\"><a href=\"https:\/\/www.satisgps.com\/en\/business-applications\/forklifts\/\" class=\"more-link\">Continue reading<span class=\"screen-reader-text\"> &#8220;Forklifts&#8221;<\/span><\/a><\/p>\n","protected":false},"author":13,"featured_media":5056,"parent":2560,"menu_order":0,"comment_status":"closed","ping_status":"closed","template":"","meta":{"_acf_changed":false,"footnotes":""},"class_list":["post-3104","page","type-page","status-publish","has-post-thumbnail","hentry"],"acf":[],"yoast_head":"<!-- This site is optimized with the Yoast SEO plugin v26.5 - https:\/\/yoast.com\/wordpress\/plugins\/seo\/ -->\n<title>Forklifts - SATIS GPS<\/title>\n<meta name=\"description\" content=\"SATIS GPS \u27a4 Forklifts \u2714\ufe0f Monitoring pojazd\u00f3w \u2714\ufe0f Kontrola zu\u017cycia paliwa \u2714\ufe0f Lokalizatory \u2b50 Sprawd\u017a!\" \/>\n<meta name=\"robots\" content=\"index, follow, max-snippet:-1, max-image-preview:large, max-video-preview:-1\" \/>\n<link rel=\"canonical\" href=\"https:\/\/www.satisgps.com\/en\/business-applications\/forklifts\/\" \/>\n<meta property=\"og:locale\" content=\"en_US\" \/>\n<meta property=\"og:type\" content=\"article\" \/>\n<meta property=\"og:title\" content=\"Forklifts - SATIS GPS\" \/>\n<meta property=\"og:description\" content=\"SATIS GPS \u27a4 Forklifts \u2714\ufe0f Monitoring pojazd\u00f3w \u2714\ufe0f Kontrola zu\u017cycia paliwa \u2714\ufe0f Lokalizatory \u2b50 Sprawd\u017a!\" \/>\n<meta property=\"og:url\" content=\"https:\/\/www.satisgps.com\/en\/business-applications\/forklifts\/\" \/>\n<meta property=\"og:site_name\" content=\"SATIS GPS\" \/>\n<meta property=\"article:modified_time\" content=\"2020-01-03T14:14:54+00:00\" \/>\n<meta property=\"og:image\" content=\"https:\/\/www.satisgps.com\/wp-content\/uploads\/2019\/12\/Wozki-widlowe-pomniejszone02.png\" \/>\n\t<meta property=\"og:image:width\" content=\"1920\" \/>\n\t<meta property=\"og:image:height\" content=\"866\" \/>\n\t<meta property=\"og:image:type\" content=\"image\/png\" \/>\n<meta name=\"twitter:card\" content=\"summary_large_image\" \/>\n<meta name=\"twitter:label1\" content=\"Est. reading time\" \/>\n\t<meta name=\"twitter:data1\" content=\"1 minute\" \/>\n<script type=\"application\/ld+json\" class=\"yoast-schema-graph\">{\"@context\":\"https:\/\/schema.org\",\"@graph\":[{\"@type\":\"WebPage\",\"@id\":\"https:\/\/www.satisgps.com\/en\/business-applications\/forklifts\/\",\"url\":\"https:\/\/www.satisgps.com\/en\/business-applications\/forklifts\/\",\"name\":\"Forklifts - SATIS GPS\",\"isPartOf\":{\"@id\":\"https:\/\/www.satisgps.com\/#website\"},\"primaryImageOfPage\":{\"@id\":\"https:\/\/www.satisgps.com\/en\/business-applications\/forklifts\/#primaryimage\"},\"image\":{\"@id\":\"https:\/\/www.satisgps.com\/en\/business-applications\/forklifts\/#primaryimage\"},\"thumbnailUrl\":\"https:\/\/www.satisgps.com\/wp-content\/uploads\/2019\/12\/Wozki-widlowe-pomniejszone02.png\",\"datePublished\":\"2017-07-04T14:33:46+00:00\",\"dateModified\":\"2020-01-03T14:14:54+00:00\",\"description\":\"SATIS GPS \u27a4 Forklifts \u2714\ufe0f Monitoring pojazd\u00f3w \u2714\ufe0f Kontrola zu\u017cycia paliwa \u2714\ufe0f Lokalizatory \u2b50 Sprawd\u017a!\",\"breadcrumb\":{\"@id\":\"https:\/\/www.satisgps.com\/en\/business-applications\/forklifts\/#breadcrumb\"},\"inLanguage\":\"en-US\",\"potentialAction\":[{\"@type\":\"ReadAction\",\"target\":[\"https:\/\/www.satisgps.com\/en\/business-applications\/forklifts\/\"]}]},{\"@type\":\"ImageObject\",\"inLanguage\":\"en-US\",\"@id\":\"https:\/\/www.satisgps.com\/en\/business-applications\/forklifts\/#primaryimage\",\"url\":\"https:\/\/www.satisgps.com\/wp-content\/uploads\/2019\/12\/Wozki-widlowe-pomniejszone02.png\",\"contentUrl\":\"https:\/\/www.satisgps.com\/wp-content\/uploads\/2019\/12\/Wozki-widlowe-pomniejszone02.png\",\"width\":1920,\"height\":866},{\"@type\":\"BreadcrumbList\",\"@id\":\"https:\/\/www.satisgps.com\/en\/business-applications\/forklifts\/#breadcrumb\",\"itemListElement\":[{\"@type\":\"ListItem\",\"position\":1,\"name\":\"Monitoring floty\",\"item\":\"https:\/\/www.satisgps.com\/en\/\"},{\"@type\":\"ListItem\",\"position\":2,\"name\":\"Business applications\",\"item\":\"https:\/\/www.satisgps.com\/en\/business-applications\/\"},{\"@type\":\"ListItem\",\"position\":3,\"name\":\"Forklifts\",\"item\":\"https:\/\/www.satisgps.com\/en\/wp-json\/wp\/v2\/pages\/3104\"}]},{\"@type\":\"WebSite\",\"@id\":\"https:\/\/www.satisgps.com\/#website\",\"url\":\"https:\/\/www.satisgps.com\/\",\"name\":\"SATIS GPS\",\"description\":\"System zarz\u0105dzania flot\u0105 i monitoring GPS pojazd\u00f3w\",\"publisher\":{\"@id\":\"https:\/\/www.satisgps.com\/#organization\"},\"potentialAction\":[{\"@type\":\"SearchAction\",\"target\":{\"@type\":\"EntryPoint\",\"urlTemplate\":\"https:\/\/www.satisgps.com\/?s={search_term_string}\"},\"query-input\":{\"@type\":\"PropertyValueSpecification\",\"valueRequired\":true,\"valueName\":\"search_term_string\"}}],\"inLanguage\":\"en-US\"},{\"@type\":\"Organization\",\"@id\":\"https:\/\/www.satisgps.com\/#organization\",\"name\":\"SATIS GPS\",\"url\":\"https:\/\/www.satisgps.com\/\",\"logo\":{\"@type\":\"ImageObject\",\"inLanguage\":\"en-US\",\"@id\":\"https:\/\/www.satisgps.com\/#\/schema\/logo\/image\/\",\"url\":\"https:\/\/www.satisgps.com\/wp-content\/uploads\/2015\/03\/logo-satis.png\",\"contentUrl\":\"https:\/\/www.satisgps.com\/wp-content\/uploads\/2015\/03\/logo-satis.png\",\"width\":146,\"height\":50,\"caption\":\"SATIS GPS\"},\"image\":{\"@id\":\"https:\/\/www.satisgps.com\/#\/schema\/logo\/image\/\"}}]}<\/script>\n<!-- \/ Yoast SEO plugin. -->","yoast_head_json":{"title":"Forklifts - SATIS GPS","description":"SATIS GPS \u27a4 Forklifts \u2714\ufe0f Monitoring pojazd\u00f3w \u2714\ufe0f Kontrola zu\u017cycia paliwa \u2714\ufe0f Lokalizatory \u2b50 Sprawd\u017a!","robots":{"index":"index","follow":"follow","max-snippet":"max-snippet:-1","max-image-preview":"max-image-preview:large","max-video-preview":"max-video-preview:-1"},"canonical":"https:\/\/www.satisgps.com\/en\/business-applications\/forklifts\/","og_locale":"en_US","og_type":"article","og_title":"Forklifts - SATIS GPS","og_description":"SATIS GPS \u27a4 Forklifts \u2714\ufe0f Monitoring pojazd\u00f3w \u2714\ufe0f Kontrola zu\u017cycia paliwa \u2714\ufe0f Lokalizatory \u2b50 Sprawd\u017a!","og_url":"https:\/\/www.satisgps.com\/en\/business-applications\/forklifts\/","og_site_name":"SATIS GPS","article_modified_time":"2020-01-03T14:14:54+00:00","og_image":[{"width":1920,"height":866,"url":"https:\/\/www.satisgps.com\/wp-content\/uploads\/2019\/12\/Wozki-widlowe-pomniejszone02.png","type":"image\/png"}],"twitter_card":"summary_large_image","twitter_misc":{"Est. reading time":"1 minute"},"schema":{"@context":"https:\/\/schema.org","@graph":[{"@type":"WebPage","@id":"https:\/\/www.satisgps.com\/en\/business-applications\/forklifts\/","url":"https:\/\/www.satisgps.com\/en\/business-applications\/forklifts\/","name":"Forklifts - SATIS GPS","isPartOf":{"@id":"https:\/\/www.satisgps.com\/#website"},"primaryImageOfPage":{"@id":"https:\/\/www.satisgps.com\/en\/business-applications\/forklifts\/#primaryimage"},"image":{"@id":"https:\/\/www.satisgps.com\/en\/business-applications\/forklifts\/#primaryimage"},"thumbnailUrl":"https:\/\/www.satisgps.com\/wp-content\/uploads\/2019\/12\/Wozki-widlowe-pomniejszone02.png","datePublished":"2017-07-04T14:33:46+00:00","dateModified":"2020-01-03T14:14:54+00:00","description":"SATIS GPS \u27a4 Forklifts \u2714\ufe0f Monitoring pojazd\u00f3w \u2714\ufe0f Kontrola zu\u017cycia paliwa \u2714\ufe0f Lokalizatory \u2b50 Sprawd\u017a!","breadcrumb":{"@id":"https:\/\/www.satisgps.com\/en\/business-applications\/forklifts\/#breadcrumb"},"inLanguage":"en-US","potentialAction":[{"@type":"ReadAction","target":["https:\/\/www.satisgps.com\/en\/business-applications\/forklifts\/"]}]},{"@type":"ImageObject","inLanguage":"en-US","@id":"https:\/\/www.satisgps.com\/en\/business-applications\/forklifts\/#primaryimage","url":"https:\/\/www.satisgps.com\/wp-content\/uploads\/2019\/12\/Wozki-widlowe-pomniejszone02.png","contentUrl":"https:\/\/www.satisgps.com\/wp-content\/uploads\/2019\/12\/Wozki-widlowe-pomniejszone02.png","width":1920,"height":866},{"@type":"BreadcrumbList","@id":"https:\/\/www.satisgps.com\/en\/business-applications\/forklifts\/#breadcrumb","itemListElement":[{"@type":"ListItem","position":1,"name":"Monitoring floty","item":"https:\/\/www.satisgps.com\/en\/"},{"@type":"ListItem","position":2,"name":"Business applications","item":"https:\/\/www.satisgps.com\/en\/business-applications\/"},{"@type":"ListItem","position":3,"name":"Forklifts","item":"https:\/\/www.satisgps.com\/en\/wp-json\/wp\/v2\/pages\/3104"}]},{"@type":"WebSite","@id":"https:\/\/www.satisgps.com\/#website","url":"https:\/\/www.satisgps.com\/","name":"SATIS GPS","description":"System zarz\u0105dzania flot\u0105 i monitoring GPS pojazd\u00f3w","publisher":{"@id":"https:\/\/www.satisgps.com\/#organization"},"potentialAction":[{"@type":"SearchAction","target":{"@type":"EntryPoint","urlTemplate":"https:\/\/www.satisgps.com\/?s={search_term_string}"},"query-input":{"@type":"PropertyValueSpecification","valueRequired":true,"valueName":"search_term_string"}}],"inLanguage":"en-US"},{"@type":"Organization","@id":"https:\/\/www.satisgps.com\/#organization","name":"SATIS GPS","url":"https:\/\/www.satisgps.com\/","logo":{"@type":"ImageObject","inLanguage":"en-US","@id":"https:\/\/www.satisgps.com\/#\/schema\/logo\/image\/","url":"https:\/\/www.satisgps.com\/wp-content\/uploads\/2015\/03\/logo-satis.png","contentUrl":"https:\/\/www.satisgps.com\/wp-content\/uploads\/2015\/03\/logo-satis.png","width":146,"height":50,"caption":"SATIS GPS"},"image":{"@id":"https:\/\/www.satisgps.com\/#\/schema\/logo\/image\/"}}]}},"_links":{"self":[{"href":"https:\/\/www.satisgps.com\/en\/wp-json\/wp\/v2\/pages\/3104","targetHints":{"allow":["GET"]}}],"collection":[{"href":"https:\/\/www.satisgps.com\/en\/wp-json\/wp\/v2\/pages"}],"about":[{"href":"https:\/\/www.satisgps.com\/en\/wp-json\/wp\/v2\/types\/page"}],"author":[{"embeddable":true,"href":"https:\/\/www.satisgps.com\/en\/wp-json\/wp\/v2\/users\/13"}],"replies":[{"embeddable":true,"href":"https:\/\/www.satisgps.com\/en\/wp-json\/wp\/v2\/comments?post=3104"}],"version-history":[{"count":3,"href":"https:\/\/www.satisgps.com\/en\/wp-json\/wp\/v2\/pages\/3104\/revisions"}],"predecessor-version":[{"id":5265,"href":"https:\/\/www.satisgps.com\/en\/wp-json\/wp\/v2\/pages\/3104\/revisions\/5265"}],"up":[{"embeddable":true,"href":"https:\/\/www.satisgps.com\/en\/wp-json\/wp\/v2\/pages\/2560"}],"wp:featuredmedia":[{"embeddable":true,"href":"https:\/\/www.satisgps.com\/en\/wp-json\/wp\/v2\/media\/5056"}],"wp:attachment":[{"href":"https:\/\/www.satisgps.com\/en\/wp-json\/wp\/v2\/media?parent=3104"}],"curies":[{"name":"wp","href":"https:\/\/api.w.org\/{rel}","templated":true}]}}