{"id":4760,"date":"2019-08-30T11:02:47","date_gmt":"2019-08-30T09:02:47","guid":{"rendered":"https:\/\/www.satisgps.com\/?page_id=4760\/"},"modified":"2020-01-03T13:48:20","modified_gmt":"2020-01-03T12:48:20","slug":"company-pool-car-management","status":"publish","type":"page","link":"https:\/\/www.satisgps.com\/en\/company-pool-car-management\/","title":{"rendered":"Carpooling"},"content":{"rendered":"<h1>Company pool car management<\/h1>\n<p><strong>Company pool car management<\/strong><\/p>\n<p>Efficient company car fleet management not only results in savings, but also in more effective work organisation. In addition to standard company cars assigned to specific employees, pool cars are becoming increasingly popular these days. No single user is assigned to any car \u2013 instead many employees or even all of them can use any single car.<\/p>\n<p>Carpooling is an economical solution for both small and large companies, because it makes it possible to reduce the number of cars in the fleet, and also to use them more efficiently. What is more, if cars are used solely for business purposes, you are entitled to a 100% deduction in VAT from your fleet expenses, such as for fuel or technical inspections.<\/p>\n<p><u>Benefits associated with pool vehicles in the company:<\/u><\/p>\n<ul>\n<li>The possibility to reduce the number of vehicles in the company<\/li>\n<li>The possibility to deduct 100% of VAT from fleet expenses<\/li>\n<li>Savings on fleet expenses<\/li>\n<li>Control over company vehicles<\/li>\n<li>Better utilisation of resources<\/li>\n<\/ul>\n<p><strong>SATIS Carpooling application<\/strong><\/p>\n<p>The SATIS Carpooling application is one of the modules of the SATIS system, intended for full process automation of company car management and pooling. The app is based on both&nbsp;web and mobile applications, allowing the reservation of a&nbsp;car in advance, remote opening (start of rental) and closing (end of rental), as well as for including such information in the system as cleanness or damage to the car (if any).<\/p>\n<p>Thanks to it, you can decide whether it is economical to retain the position of car key administrator, as well as to reduce the number of cars in the company. By reducing the number of cars in your fleet by just one, you are able to save approximately 1,500 PLN and 18,000 PLN in monthly and annual expenses, respectively. With the app allowing further reductions in the number of cars, the actual annual savings of 18,000 PLN can be multiplied.<\/p>\n<p>Thanks to the SATIS Carpooling application, the company fleet manager can easily administer the permissions of employees who use company cars at the company\u2019s expense.<\/p>\n<p>Want to know more? For more information, watch the video below.<\/p>\n<p><span style=\"color: #ffffff;\">&#8211;&gt;<\/span><\/p>\n<p><a href=\"https:\/\/www.youtube.com\/watch?v=CLkZUAC319I&amp;feature=youtu.be\"><img loading=\"lazy\" decoding=\"async\" class=\"aligncenter wp-image-4741 size-large\" src=\"https:\/\/www.satisgps.com\/wp-content\/uploads\/2019\/08\/youtube-carpooling-1024x406.png\" alt=\"\" width=\"525\" height=\"208\" srcset=\"https:\/\/www.satisgps.com\/wp-content\/uploads\/2019\/08\/youtube-carpooling-1024x406.png 1024w, https:\/\/www.satisgps.com\/wp-content\/uploads\/2019\/08\/youtube-carpooling-300x119.png 300w, https:\/\/www.satisgps.com\/wp-content\/uploads\/2019\/08\/youtube-carpooling-768x304.png 768w, https:\/\/www.satisgps.com\/wp-content\/uploads\/2019\/08\/youtube-carpooling.png 1342w\" sizes=\"auto, (max-width: 525px) 100vw, 525px\" \/><\/a><\/p>\n","protected":false},"excerpt":{"rendered":"<p>Company pool car management Company pool car management Efficient company car fleet management not only results in savings, but also in more effective work organisation. In addition to standard company cars assigned to specific employees, pool cars are becoming increasingly popular these days. No single user is assigned to any car \u2013 instead many employees &hellip; <\/p>\n<p class=\"link-more\"><a href=\"https:\/\/www.satisgps.com\/en\/company-pool-car-management\/\" class=\"more-link\">Continue reading<span class=\"screen-reader-text\"> &#8220;Carpooling&#8221;<\/span><\/a><\/p>\n","protected":false},"author":13,"featured_media":5179,"parent":0,"menu_order":0,"comment_status":"closed","ping_status":"closed","template":"","meta":{"_acf_changed":false,"footnotes":""},"class_list":["post-4760","page","type-page","status-publish","has-post-thumbnail","hentry"],"acf":[],"yoast_head":"<!-- This site is optimized with the Yoast SEO plugin v26.5 - https:\/\/yoast.com\/wordpress\/plugins\/seo\/ -->\n<title>Carpooling - SATIS GPS<\/title>\n<meta name=\"description\" content=\"SATIS GPS \u27a4 Carpooling \u2714\ufe0f Monitoring pojazd\u00f3w \u2714\ufe0f Kontrola zu\u017cycia paliwa \u2714\ufe0f Lokalizatory \u2b50 Sprawd\u017a!\" \/>\n<meta name=\"robots\" content=\"index, follow, max-snippet:-1, max-image-preview:large, max-video-preview:-1\" \/>\n<link rel=\"canonical\" href=\"https:\/\/www.satisgps.com\/en\/company-pool-car-management\/\" \/>\n<meta property=\"og:locale\" content=\"en_US\" \/>\n<meta property=\"og:type\" content=\"article\" \/>\n<meta property=\"og:title\" content=\"Carpooling - SATIS GPS\" \/>\n<meta property=\"og:description\" content=\"SATIS GPS \u27a4 Carpooling \u2714\ufe0f Monitoring pojazd\u00f3w \u2714\ufe0f Kontrola zu\u017cycia paliwa \u2714\ufe0f Lokalizatory \u2b50 Sprawd\u017a!\" \/>\n<meta property=\"og:url\" content=\"https:\/\/www.satisgps.com\/en\/company-pool-car-management\/\" \/>\n<meta property=\"og:site_name\" content=\"SATIS GPS\" \/>\n<meta property=\"article:modified_time\" content=\"2020-01-03T12:48:20+00:00\" \/>\n<meta property=\"og:image\" content=\"https:\/\/www.satisgps.com\/wp-content\/uploads\/2019\/12\/Carpooling-artykul01.png\" \/>\n\t<meta property=\"og:image:width\" content=\"1920\" \/>\n\t<meta property=\"og:image:height\" content=\"866\" \/>\n\t<meta property=\"og:image:type\" content=\"image\/png\" \/>\n<meta name=\"twitter:card\" content=\"summary_large_image\" \/>\n<meta name=\"twitter:label1\" content=\"Est. reading time\" \/>\n\t<meta name=\"twitter:data1\" content=\"2 minutes\" \/>\n<script type=\"application\/ld+json\" class=\"yoast-schema-graph\">{\"@context\":\"https:\/\/schema.org\",\"@graph\":[{\"@type\":\"WebPage\",\"@id\":\"https:\/\/www.satisgps.com\/en\/company-pool-car-management\/\",\"url\":\"https:\/\/www.satisgps.com\/en\/company-pool-car-management\/\",\"name\":\"Carpooling - SATIS GPS\",\"isPartOf\":{\"@id\":\"https:\/\/www.satisgps.com\/#website\"},\"primaryImageOfPage\":{\"@id\":\"https:\/\/www.satisgps.com\/en\/company-pool-car-management\/#primaryimage\"},\"image\":{\"@id\":\"https:\/\/www.satisgps.com\/en\/company-pool-car-management\/#primaryimage\"},\"thumbnailUrl\":\"https:\/\/www.satisgps.com\/wp-content\/uploads\/2019\/12\/Carpooling-artykul01.png\",\"datePublished\":\"2019-08-30T09:02:47+00:00\",\"dateModified\":\"2020-01-03T12:48:20+00:00\",\"description\":\"SATIS GPS \u27a4 Carpooling \u2714\ufe0f Monitoring pojazd\u00f3w \u2714\ufe0f Kontrola zu\u017cycia paliwa \u2714\ufe0f Lokalizatory \u2b50 Sprawd\u017a!\",\"breadcrumb\":{\"@id\":\"https:\/\/www.satisgps.com\/en\/company-pool-car-management\/#breadcrumb\"},\"inLanguage\":\"en-US\",\"potentialAction\":[{\"@type\":\"ReadAction\",\"target\":[\"https:\/\/www.satisgps.com\/en\/company-pool-car-management\/\"]}]},{\"@type\":\"ImageObject\",\"inLanguage\":\"en-US\",\"@id\":\"https:\/\/www.satisgps.com\/en\/company-pool-car-management\/#primaryimage\",\"url\":\"https:\/\/www.satisgps.com\/wp-content\/uploads\/2019\/12\/Carpooling-artykul01.png\",\"contentUrl\":\"https:\/\/www.satisgps.com\/wp-content\/uploads\/2019\/12\/Carpooling-artykul01.png\",\"width\":1920,\"height\":866},{\"@type\":\"BreadcrumbList\",\"@id\":\"https:\/\/www.satisgps.com\/en\/company-pool-car-management\/#breadcrumb\",\"itemListElement\":[{\"@type\":\"ListItem\",\"position\":1,\"name\":\"Monitoring floty\",\"item\":\"https:\/\/www.satisgps.com\/en\/\"},{\"@type\":\"ListItem\",\"position\":2,\"name\":\"Carpooling\",\"item\":\"https:\/\/www.satisgps.com\/en\/wp-json\/wp\/v2\/pages\/4760\"}]},{\"@type\":\"WebSite\",\"@id\":\"https:\/\/www.satisgps.com\/#website\",\"url\":\"https:\/\/www.satisgps.com\/\",\"name\":\"SATIS GPS\",\"description\":\"System zarz\u0105dzania flot\u0105 i monitoring GPS pojazd\u00f3w\",\"publisher\":{\"@id\":\"https:\/\/www.satisgps.com\/#organization\"},\"potentialAction\":[{\"@type\":\"SearchAction\",\"target\":{\"@type\":\"EntryPoint\",\"urlTemplate\":\"https:\/\/www.satisgps.com\/?s={search_term_string}\"},\"query-input\":{\"@type\":\"PropertyValueSpecification\",\"valueRequired\":true,\"valueName\":\"search_term_string\"}}],\"inLanguage\":\"en-US\"},{\"@type\":\"Organization\",\"@id\":\"https:\/\/www.satisgps.com\/#organization\",\"name\":\"SATIS GPS\",\"url\":\"https:\/\/www.satisgps.com\/\",\"logo\":{\"@type\":\"ImageObject\",\"inLanguage\":\"en-US\",\"@id\":\"https:\/\/www.satisgps.com\/#\/schema\/logo\/image\/\",\"url\":\"https:\/\/www.satisgps.com\/wp-content\/uploads\/2015\/03\/logo-satis.png\",\"contentUrl\":\"https:\/\/www.satisgps.com\/wp-content\/uploads\/2015\/03\/logo-satis.png\",\"width\":146,\"height\":50,\"caption\":\"SATIS GPS\"},\"image\":{\"@id\":\"https:\/\/www.satisgps.com\/#\/schema\/logo\/image\/\"}}]}<\/script>\n<!-- \/ Yoast SEO plugin. -->","yoast_head_json":{"title":"Carpooling - SATIS GPS","description":"SATIS GPS \u27a4 Carpooling \u2714\ufe0f Monitoring pojazd\u00f3w \u2714\ufe0f Kontrola zu\u017cycia paliwa \u2714\ufe0f Lokalizatory \u2b50 Sprawd\u017a!","robots":{"index":"index","follow":"follow","max-snippet":"max-snippet:-1","max-image-preview":"max-image-preview:large","max-video-preview":"max-video-preview:-1"},"canonical":"https:\/\/www.satisgps.com\/en\/company-pool-car-management\/","og_locale":"en_US","og_type":"article","og_title":"Carpooling - SATIS GPS","og_description":"SATIS GPS \u27a4 Carpooling \u2714\ufe0f Monitoring pojazd\u00f3w \u2714\ufe0f Kontrola zu\u017cycia paliwa \u2714\ufe0f Lokalizatory \u2b50 Sprawd\u017a!","og_url":"https:\/\/www.satisgps.com\/en\/company-pool-car-management\/","og_site_name":"SATIS GPS","article_modified_time":"2020-01-03T12:48:20+00:00","og_image":[{"width":1920,"height":866,"url":"https:\/\/www.satisgps.com\/wp-content\/uploads\/2019\/12\/Carpooling-artykul01.png","type":"image\/png"}],"twitter_card":"summary_large_image","twitter_misc":{"Est. reading time":"2 minutes"},"schema":{"@context":"https:\/\/schema.org","@graph":[{"@type":"WebPage","@id":"https:\/\/www.satisgps.com\/en\/company-pool-car-management\/","url":"https:\/\/www.satisgps.com\/en\/company-pool-car-management\/","name":"Carpooling - SATIS GPS","isPartOf":{"@id":"https:\/\/www.satisgps.com\/#website"},"primaryImageOfPage":{"@id":"https:\/\/www.satisgps.com\/en\/company-pool-car-management\/#primaryimage"},"image":{"@id":"https:\/\/www.satisgps.com\/en\/company-pool-car-management\/#primaryimage"},"thumbnailUrl":"https:\/\/www.satisgps.com\/wp-content\/uploads\/2019\/12\/Carpooling-artykul01.png","datePublished":"2019-08-30T09:02:47+00:00","dateModified":"2020-01-03T12:48:20+00:00","description":"SATIS GPS \u27a4 Carpooling \u2714\ufe0f Monitoring pojazd\u00f3w \u2714\ufe0f Kontrola zu\u017cycia paliwa \u2714\ufe0f Lokalizatory \u2b50 Sprawd\u017a!","breadcrumb":{"@id":"https:\/\/www.satisgps.com\/en\/company-pool-car-management\/#breadcrumb"},"inLanguage":"en-US","potentialAction":[{"@type":"ReadAction","target":["https:\/\/www.satisgps.com\/en\/company-pool-car-management\/"]}]},{"@type":"ImageObject","inLanguage":"en-US","@id":"https:\/\/www.satisgps.com\/en\/company-pool-car-management\/#primaryimage","url":"https:\/\/www.satisgps.com\/wp-content\/uploads\/2019\/12\/Carpooling-artykul01.png","contentUrl":"https:\/\/www.satisgps.com\/wp-content\/uploads\/2019\/12\/Carpooling-artykul01.png","width":1920,"height":866},{"@type":"BreadcrumbList","@id":"https:\/\/www.satisgps.com\/en\/company-pool-car-management\/#breadcrumb","itemListElement":[{"@type":"ListItem","position":1,"name":"Monitoring floty","item":"https:\/\/www.satisgps.com\/en\/"},{"@type":"ListItem","position":2,"name":"Carpooling","item":"https:\/\/www.satisgps.com\/en\/wp-json\/wp\/v2\/pages\/4760"}]},{"@type":"WebSite","@id":"https:\/\/www.satisgps.com\/#website","url":"https:\/\/www.satisgps.com\/","name":"SATIS GPS","description":"System zarz\u0105dzania flot\u0105 i monitoring GPS pojazd\u00f3w","publisher":{"@id":"https:\/\/www.satisgps.com\/#organization"},"potentialAction":[{"@type":"SearchAction","target":{"@type":"EntryPoint","urlTemplate":"https:\/\/www.satisgps.com\/?s={search_term_string}"},"query-input":{"@type":"PropertyValueSpecification","valueRequired":true,"valueName":"search_term_string"}}],"inLanguage":"en-US"},{"@type":"Organization","@id":"https:\/\/www.satisgps.com\/#organization","name":"SATIS GPS","url":"https:\/\/www.satisgps.com\/","logo":{"@type":"ImageObject","inLanguage":"en-US","@id":"https:\/\/www.satisgps.com\/#\/schema\/logo\/image\/","url":"https:\/\/www.satisgps.com\/wp-content\/uploads\/2015\/03\/logo-satis.png","contentUrl":"https:\/\/www.satisgps.com\/wp-content\/uploads\/2015\/03\/logo-satis.png","width":146,"height":50,"caption":"SATIS GPS"},"image":{"@id":"https:\/\/www.satisgps.com\/#\/schema\/logo\/image\/"}}]}},"_links":{"self":[{"href":"https:\/\/www.satisgps.com\/en\/wp-json\/wp\/v2\/pages\/4760","targetHints":{"allow":["GET"]}}],"collection":[{"href":"https:\/\/www.satisgps.com\/en\/wp-json\/wp\/v2\/pages"}],"about":[{"href":"https:\/\/www.satisgps.com\/en\/wp-json\/wp\/v2\/types\/page"}],"author":[{"embeddable":true,"href":"https:\/\/www.satisgps.com\/en\/wp-json\/wp\/v2\/users\/13"}],"replies":[{"embeddable":true,"href":"https:\/\/www.satisgps.com\/en\/wp-json\/wp\/v2\/comments?post=4760"}],"version-history":[{"count":8,"href":"https:\/\/www.satisgps.com\/en\/wp-json\/wp\/v2\/pages\/4760\/revisions"}],"predecessor-version":[{"id":5259,"href":"https:\/\/www.satisgps.com\/en\/wp-json\/wp\/v2\/pages\/4760\/revisions\/5259"}],"wp:featuredmedia":[{"embeddable":true,"href":"https:\/\/www.satisgps.com\/en\/wp-json\/wp\/v2\/media\/5179"}],"wp:attachment":[{"href":"https:\/\/www.satisgps.com\/en\/wp-json\/wp\/v2\/media?parent=4760"}],"curies":[{"name":"wp","href":"https:\/\/api.w.org\/{rel}","templated":true}]}}